{"id":2181,"date":"2020-03-15T10:29:32","date_gmt":"2020-03-15T10:29:32","guid":{"rendered":"https:\/\/calafellslide.jurogaproyectosdigitales.com\/faqs-calafell-slide\/"},"modified":"2022-06-15T10:44:54","modified_gmt":"2022-06-15T10:44:54","slug":"faqs-calafell-slide","status":"publish","type":"page","link":"https:\/\/calafellslide.com\/ca\/faqs-calafell-slide\/","title":{"rendered":"FAQ&#8217;S Calafell Slide"},"content":{"rendered":"<p>[et_pb_section fb_built=&#8221;1&#8243; next_background_color=&#8221;#ffffff&#8221; _builder_version=&#8221;4.16&#8243; background_color=&#8221;rgba(0,0,0,0.5)&#8221; background_image=&#8221;https:\/\/calafellslide.com\/wp-content\/uploads\/2019\/11\/gallery2.png&#8221; background_blend=&#8221;multiply&#8221; custom_padding=&#8221;75px||100px||false|false&#8221; bottom_divider_style=&#8221;waves2&#8243; bottom_divider_height=&#8221;50px&#8221; animation_style=&#8221;fade&#8221; locked=&#8221;off&#8221; global_colors_info=&#8221;{}&#8221;][et_pb_row _builder_version=&#8221;4.16&#8243; global_colors_info=&#8221;{}&#8221;][et_pb_column type=&#8221;4_4&#8243; _builder_version=&#8221;4.16&#8243; global_colors_info=&#8221;{}&#8221;][et_pb_post_title meta=&#8221;off&#8221; featured_image=&#8221;off&#8221; text_color=&#8221;light&#8221; _builder_version=&#8221;4.16&#8243; title_font=&#8221;Fredoka One||||||||&#8221; title_text_align=&#8221;center&#8221; title_font_size=&#8221;60px&#8221; title_line_height=&#8221;1.1em&#8221; custom_margin=&#8221;||0px||false|false&#8221; animation_style=&#8221;zoom&#8221; animation_direction=&#8221;left&#8221; animation_intensity_zoom=&#8221;5%&#8221; title_font_size_tablet=&#8221;&#8221; title_font_size_phone=&#8221;&#8221; title_font_size_last_edited=&#8221;on|desktop&#8221; global_colors_info=&#8221;{}&#8221;][\/et_pb_post_title][et_pb_text _builder_version=&#8221;4.17.4&#8243; _module_preset=&#8221;default&#8221; header_text_color=&#8221;#FFFFFF&#8221; header_2_text_color=&#8221;#FFFFFF&#8221; global_colors_info=&#8221;{}&#8221;]<\/p>\n<h2 style=\"text-align: center;\">Preguntes freq\u00fcents<\/h2>\n<p>[\/et_pb_text][\/et_pb_column][\/et_pb_row][\/et_pb_section][et_pb_section fb_built=&#8221;1&#8243; _builder_version=&#8221;4.16&#8243; custom_padding=&#8221;||75px||false|false&#8221; bottom_divider_color=&#8221;#222222&#8243; bottom_divider_height=&#8221;50px&#8221; global_colors_info=&#8221;{}&#8221;][et_pb_row column_structure=&#8221;3_5,2_5&#8243; _builder_version=&#8221;4.16&#8243; global_colors_info=&#8221;{}&#8221;][et_pb_column type=&#8221;3_5&#8243; _builder_version=&#8221;4.16&#8243; global_colors_info=&#8221;{}&#8221;][et_pb_accordion _builder_version=&#8221;4.17.4&#8243; toggle_font=&#8221;|600|||||||&#8221; toggle_font_size=&#8221;20px&#8221; toggle_line_height=&#8221;1.1em&#8221; global_colors_info=&#8221;{}&#8221;][et_pb_accordion_item title=&#8221;Com es pot pagar?&#8221; open=&#8221;on&#8221; _builder_version=&#8221;4.17.4&#8243; global_colors_info=&#8221;{}&#8221;]<\/p>\n<p class=\"P68B1DB1-BodyText1\" style=\"margin-bottom: 0cm; line-height: 135%;\"><span lang=\"EN-US\">Es pot pagar en efectiu o amb targeta<o:p><\/o:p><\/span><\/p>\n<p>[\/et_pb_accordion_item][et_pb_accordion_item title=&#8221;Cal reservar?&#8221; _builder_version=&#8221;4.17.4&#8243; global_colors_info=&#8221;{}&#8221; open=&#8221;off&#8221;]<\/p>\n<p class=\"P68B1DB1-BodyText1\" style=\"margin-bottom: 0cm; line-height: 135%;\"><span lang=\"EN-US\">No cal reserva pr\u00e8via per fer servir l\u2019atracci\u00f3<o:p><\/o:p><\/span><\/p>\n<ul><\/ul>\n<p>[\/et_pb_accordion_item][et_pb_accordion_item title=&#8221;Es poden entrar mascotes al parc?&#8221; _builder_version=&#8221;4.17.4&#8243; global_colors_info=&#8221;{}&#8221; open=&#8221;off&#8221;]<\/p>\n<p class=\"P68B1DB1-BodyText1\" style=\"margin-bottom: 0cm; line-height: 135%;\"><span lang=\"EN-US\">Gossos poden entrar al parc sempre que estiguin lligats amb corretja i acompanyats dels seus amos.<o:p><\/o:p><\/span><\/p>\n<p>[\/et_pb_accordion_item][et_pb_accordion_item title=&#8221;A partir de quina edat els nens poden pujar?&#8221; _builder_version=&#8221;4.17.4&#8243; global_colors_info=&#8221;{}&#8221; open=&#8221;off&#8221;]<\/p>\n<p class=\"P68B1DB1-BodyText1\" style=\"margin-bottom: 0cm; line-height: 135%;\"><span lang=\"EN-US\">L&#8217;edat m\u00ednima \u00e9s 3 anys. Entre 3 i 7 anys han d&#8217;anar acompanyats d&#8217;un adult de m\u00e9s de 16 anys. A partir de 8 anys els nens poden pujar sols.<o:p><\/o:p><\/span><\/p>\n<p>[\/et_pb_accordion_item][et_pb_accordion_item title=&#8221;Es pot fer p\u00edcnic al parc?&#8221; _builder_version=&#8221;4.17.4&#8243; global_colors_info=&#8221;{}&#8221; open=&#8221;off&#8221;]<\/p>\n<p class=\"P68B1DB1-BodyText1\" style=\"margin-bottom: 0cm; line-height: 135%;\"><span lang=\"EN-US\">S\u00ed, es pot entrar menjar. Totes les begudes han de ser adquirides al nostre bar.<o:p><\/o:p><\/span><\/p>\n<p>[\/et_pb_accordion_item][et_pb_accordion_item title=&#8221;On Estem?&#8221; _builder_version=&#8221;4.17.4&#8243; _module_preset=&#8221;default&#8221; global_colors_info=&#8221;{}&#8221; open=&#8221;off&#8221;]<\/p>\n<p>No hi ha transport p\u00fablic.<\/p>\n<p><span>S\u00f3n 25 minuts a peu des de l&#8217;estaci\u00f3 de tren.<\/span><\/p>\n<p><span>El p\u00e0rquing \u00e9s gratu\u00eft.<\/span><\/p>\n<p>[\/et_pb_accordion_item][\/et_pb_accordion][\/et_pb_column][et_pb_column type=&#8221;2_5&#8243; _builder_version=&#8221;4.16&#8243; global_colors_info=&#8221;{}&#8221;][et_pb_text _builder_version=&#8221;4.17.4&#8243; _module_preset=&#8221;default&#8221; global_colors_info=&#8221;{}&#8221;]<\/p>\n<h2><strong>Consells per a la vostra visita<\/strong><\/h2>\n<ul>\n<li><span style=\"font-size: 16px;\">Cal\u00e7at adequat (xancles i talons NO)<\/span><\/li>\n<li><span style=\"font-size: 16px;\">Roba adequada (banyadors i faldilles llargues no)<\/span><\/li>\n<li><span style=\"font-size: 16px;\">Llegir la secci\u00f3 \u201c<\/span><a href=\"https:\/\/calafellslide.com\/ca\/mode-us\/\" style=\"font-size: 16px;\">Mode d&#8217;\u00das<\/a><span style=\"font-size: 16px;\">\u201c<\/span><\/li>\n<\/ul>\n<p>[\/et_pb_text][\/et_pb_column][\/et_pb_row][\/et_pb_section][et_pb_section fb_built=&#8221;1&#8243; _builder_version=&#8221;4.16&#8243; _module_preset=&#8221;default&#8221; background_color=&#8221;#f3f3f3&#8243; custom_padding=&#8221;125px||125px||false|false&#8221; top_divider_style=&#8221;waves2&#8243; top_divider_color=&#8221;#FFFFFF&#8221; top_divider_height=&#8221;50px&#8221; bottom_divider_style=&#8221;waves2&#8243; bottom_divider_color=&#8221;#232323&#8243; bottom_divider_height=&#8221;50px&#8221; locked=&#8221;off&#8221; global_colors_info=&#8221;{}&#8221;][et_pb_row _builder_version=&#8221;4.16&#8243; _module_preset=&#8221;default&#8221; global_colors_info=&#8221;{}&#8221;][et_pb_column type=&#8221;4_4&#8243; _builder_version=&#8221;4.16&#8243; _module_preset=&#8221;default&#8221; global_colors_info=&#8221;{}&#8221;][et_pb_text _builder_version=&#8221;4.17.4&#8243; text_font=&#8221;|600|||||||&#8221; text_font_size=&#8221;20px&#8221; header_2_font=&#8221;|700|||||||&#8221; header_2_text_align=&#8221;center&#8221; header_2_font_size=&#8221;40px&#8221; text_orientation=&#8221;center&#8221; global_colors_info=&#8221;{}&#8221;]<\/p>\n<h2>GALERIA<\/h2>\n<p>Imatges i V\u00eddeos<\/p>\n<p>[\/et_pb_text][et_pb_button button_url=&#8221;https:\/\/www.instagram.com\/CalafellSlide\/&#8221; button_text=&#8221;Instagram&#8221; button_alignment=&#8221;center&#8221; module_class=&#8221;popup-video&#8221; _builder_version=&#8221;4.16&#8243; custom_button=&#8221;on&#8221; button_text_size=&#8221;16px&#8221; button_text_color=&#8221;#ffffff&#8221; button_bg_color=&#8221;#ff7f59&#8243; button_border_width=&#8221;12px&#8221; button_border_color=&#8221;rgba(0,0,0,0)&#8221; button_border_radius=&#8221;50px&#8221; button_letter_spacing=&#8221;4px&#8221; button_font=&#8221;Fredoka One|900||on|||||&#8221; button_icon=&#8221;&#xe09a;||divi||400&#8243; button_icon_placement=&#8221;left&#8221; button_on_hover=&#8221;off&#8221; custom_margin=&#8221;||3px||false|false&#8221; animation_style=&#8221;bounce&#8221; box_shadow_style=&#8221;preset3&#8243; box_shadow_vertical=&#8221;22px&#8221; box_shadow_blur=&#8221;64px&#8221; box_shadow_spread=&#8221;-18px&#8221; box_shadow_color=&#8221;rgba(92,42,131,0.45)&#8221; locked=&#8221;off&#8221; global_colors_info=&#8221;{}&#8221; button_text_size__hover_enabled=&#8221;off&#8221; button_one_text_size__hover_enabled=&#8221;off&#8221; button_two_text_size__hover_enabled=&#8221;off&#8221; button_text_color__hover_enabled=&#8221;off&#8221; button_one_text_color__hover_enabled=&#8221;off&#8221; button_two_text_color__hover_enabled=&#8221;off&#8221; button_border_width__hover_enabled=&#8221;off&#8221; button_one_border_width__hover_enabled=&#8221;off&#8221; button_two_border_width__hover_enabled=&#8221;off&#8221; button_border_color__hover_enabled=&#8221;off&#8221; button_one_border_color__hover_enabled=&#8221;off&#8221; button_two_border_color__hover_enabled=&#8221;off&#8221; button_border_radius__hover_enabled=&#8221;off&#8221; button_one_border_radius__hover_enabled=&#8221;off&#8221; button_two_border_radius__hover_enabled=&#8221;off&#8221; button_letter_spacing__hover_enabled=&#8221;off&#8221; button_one_letter_spacing__hover_enabled=&#8221;off&#8221; button_two_letter_spacing__hover_enabled=&#8221;off&#8221; button_bg_color__hover_enabled=&#8221;off&#8221; button_one_bg_color__hover_enabled=&#8221;off&#8221; button_two_bg_color__hover_enabled=&#8221;off&#8221;]<br \/>\n[\/et_pb_button][\/et_pb_column][\/et_pb_row][et_pb_row use_custom_gutter=&#8221;on&#8221; gutter_width=&#8221;2&#8243; make_equal=&#8221;on&#8221; _builder_version=&#8221;4.16&#8243; locked=&#8221;off&#8221; global_colors_info=&#8221;{}&#8221;][et_pb_column type=&#8221;4_4&#8243; _builder_version=&#8221;4.16&#8243; global_colors_info=&#8221;{}&#8221;][et_pb_gallery gallery_ids=&#8221;5970,2416,2252,2386,2292,2414,5976,2222,2419,2347,2357,6232,5682,5781,5787,5793,5799&#8243; posts_number=&#8221;8&#8243; show_title_and_caption=&#8221;off&#8221; _builder_version=&#8221;4.17.4&#8243; hover_enabled=&#8221;0&#8243; border_radii_image=&#8221;on|5px|5px|5px|5px&#8221; border_width_all_image=&#8221;1px&#8221; border_color_all_image=&#8221;#999999&#8243; locked=&#8221;off&#8221; global_colors_info=&#8221;{}&#8221; sticky_enabled=&#8221;0&#8243;][\/et_pb_gallery][et_pb_button button_url=&#8221;https:\/\/calafellslide.com\/ca\/galeria\/&#8221; button_text=&#8221;Veure m\u00e9s&#8221; button_alignment=&#8221;center&#8221; module_class=&#8221;popup-video&#8221; _builder_version=&#8221;4.17.4&#8243; custom_button=&#8221;on&#8221; button_text_size=&#8221;16px&#8221; button_text_color=&#8221;#ffffff&#8221; button_bg_color=&#8221;#ff7f59&#8243; button_border_width=&#8221;12px&#8221; button_border_color=&#8221;rgba(0,0,0,0)&#8221; button_border_radius=&#8221;50px&#8221; button_letter_spacing=&#8221;4px&#8221; button_font=&#8221;Fredoka One|900||on|||||&#8221; button_icon=&#8221;&#x24;||divi||400&#8243; animation_style=&#8221;bounce&#8221; box_shadow_style=&#8221;preset3&#8243; box_shadow_vertical=&#8221;22px&#8221; box_shadow_blur=&#8221;64px&#8221; box_shadow_spread=&#8221;-18px&#8221; box_shadow_color=&#8221;rgba(92,42,131,0.45)&#8221; locked=&#8221;off&#8221; global_colors_info=&#8221;{}&#8221; button_text_size__hover_enabled=&#8221;off&#8221; button_one_text_size__hover_enabled=&#8221;off&#8221; button_two_text_size__hover_enabled=&#8221;off&#8221; button_text_color__hover_enabled=&#8221;off&#8221; button_one_text_color__hover_enabled=&#8221;off&#8221; button_two_text_color__hover_enabled=&#8221;off&#8221; button_border_width__hover_enabled=&#8221;off&#8221; button_one_border_width__hover_enabled=&#8221;off&#8221; button_two_border_width__hover_enabled=&#8221;off&#8221; button_border_color__hover_enabled=&#8221;off&#8221; button_one_border_color__hover_enabled=&#8221;off&#8221; button_two_border_color__hover_enabled=&#8221;off&#8221; button_border_radius__hover_enabled=&#8221;off&#8221; button_one_border_radius__hover_enabled=&#8221;off&#8221; button_two_border_radius__hover_enabled=&#8221;off&#8221; button_letter_spacing__hover_enabled=&#8221;off&#8221; button_one_letter_spacing__hover_enabled=&#8221;off&#8221; button_two_letter_spacing__hover_enabled=&#8221;off&#8221; button_bg_color__hover_enabled=&#8221;off&#8221; button_one_bg_color__hover_enabled=&#8221;off&#8221; button_two_bg_color__hover_enabled=&#8221;off&#8221;]<br \/>\n[\/et_pb_button][\/et_pb_column][\/et_pb_row][\/et_pb_section]<\/p>\n<span class=\"et_bloom_bottom_trigger\"><\/span>","protected":false},"excerpt":{"rendered":"<p>Preguntes freq\u00fcentsEs pot pagar en efectiu o amb targetaNo cal reserva pr\u00e8via per fer servir l\u2019atracci\u00f3 Gossos poden entrar al parc sempre que estiguin lligats amb corretja i acompanyats dels seus amos.L&#8217;edat m\u00ednima \u00e9s 3 anys. Entre 3 i 7 anys han d&#8217;anar acompanyats d&#8217;un adult de m\u00e9s de 16 anys. A partir de 8 [&hellip;]<\/p>\n","protected":false},"author":8,"featured_media":7680,"parent":0,"menu_order":7,"comment_status":"closed","ping_status":"closed","template":"","meta":{"_et_pb_use_builder":"on","_et_pb_old_content":"","_et_gb_content_width":"","footnotes":""},"class_list":["post-2181","page","type-page","status-publish","has-post-thumbnail","hentry"],"yoast_head":"<!-- This site is optimized with the Yoast SEO plugin v27.3 - https:\/\/yoast.com\/product\/yoast-seo-wordpress\/ -->\n<title>FAQ&#039;s | Calafell Slide<\/title>\n<meta name=\"description\" content=\"Preguntes i respostes Tubogan Gegant Calafell Slide\" \/>\n<meta name=\"robots\" content=\"index, follow, max-snippet:-1, max-image-preview:large, max-video-preview:-1\" \/>\n<link rel=\"canonical\" href=\"https:\/\/calafellslide.com\/ca\/faqs-calafell-slide\/\" \/>\n<meta property=\"og:locale\" content=\"ca_ES\" \/>\n<meta property=\"og:type\" content=\"article\" \/>\n<meta property=\"og:title\" content=\"FAQ&#039;s | Calafell Slide\" \/>\n<meta property=\"og:description\" content=\"Preguntes i respostes Tubogan Gegant Calafell Slide\" \/>\n<meta property=\"og:url\" content=\"https:\/\/calafellslide.com\/ca\/faqs-calafell-slide\/\" \/>\n<meta property=\"og:site_name\" content=\"Calafell Slide\" \/>\n<meta property=\"article:publisher\" content=\"https:\/\/www.facebook.com\/CalafellSlide\/\" \/>\n<meta property=\"article:modified_time\" content=\"2022-06-15T10:44:54+00:00\" \/>\n<meta name=\"twitter:card\" content=\"summary_large_image\" \/>\n<meta name=\"twitter:label1\" content=\"Temps estimat de lectura\" \/>\n\t<meta name=\"twitter:data1\" content=\"6 minuts\" \/>\n<script type=\"application\/ld+json\" class=\"yoast-schema-graph\">{\"@context\":\"https:\\\/\\\/schema.org\",\"@graph\":[{\"@type\":\"WebPage\",\"@id\":\"https:\\\/\\\/calafellslide.com\\\/ca\\\/faqs-calafell-slide\\\/\",\"url\":\"https:\\\/\\\/calafellslide.com\\\/ca\\\/faqs-calafell-slide\\\/\",\"name\":\"FAQ's | Calafell Slide\",\"isPartOf\":{\"@id\":\"https:\\\/\\\/calafellslide.com\\\/ca\\\/#website\"},\"primaryImageOfPage\":{\"@id\":\"https:\\\/\\\/calafellslide.com\\\/ca\\\/faqs-calafell-slide\\\/#primaryimage\"},\"image\":{\"@id\":\"https:\\\/\\\/calafellslide.com\\\/ca\\\/faqs-calafell-slide\\\/#primaryimage\"},\"thumbnailUrl\":\"https:\\\/\\\/calafellslide.com\\\/wp-content\\\/uploads\\\/2024\\\/07\\\/CALAFELL-SLIDE-22_resize-scaled-e1720201988989.jpg\",\"datePublished\":\"2020-03-15T10:29:32+00:00\",\"dateModified\":\"2022-06-15T10:44:54+00:00\",\"description\":\"Preguntes i respostes Tubogan Gegant Calafell Slide\",\"breadcrumb\":{\"@id\":\"https:\\\/\\\/calafellslide.com\\\/ca\\\/faqs-calafell-slide\\\/#breadcrumb\"},\"inLanguage\":\"ca\",\"potentialAction\":[{\"@type\":\"ReadAction\",\"target\":[\"https:\\\/\\\/calafellslide.com\\\/ca\\\/faqs-calafell-slide\\\/\"]}]},{\"@type\":\"ImageObject\",\"inLanguage\":\"ca\",\"@id\":\"https:\\\/\\\/calafellslide.com\\\/ca\\\/faqs-calafell-slide\\\/#primaryimage\",\"url\":\"https:\\\/\\\/calafellslide.com\\\/wp-content\\\/uploads\\\/2024\\\/07\\\/CALAFELL-SLIDE-22_resize-scaled-e1720201988989.jpg\",\"contentUrl\":\"https:\\\/\\\/calafellslide.com\\\/wp-content\\\/uploads\\\/2024\\\/07\\\/CALAFELL-SLIDE-22_resize-scaled-e1720201988989.jpg\",\"width\":2560,\"height\":1707,\"caption\":\"Photo Calafell Slide\"},{\"@type\":\"BreadcrumbList\",\"@id\":\"https:\\\/\\\/calafellslide.com\\\/ca\\\/faqs-calafell-slide\\\/#breadcrumb\",\"itemListElement\":[{\"@type\":\"ListItem\",\"position\":1,\"name\":\"HOME\",\"item\":\"https:\\\/\\\/calafellslide.com\\\/ca\\\/\"},{\"@type\":\"ListItem\",\"position\":2,\"name\":\"FAQ&#8217;S Calafell Slide\"}]},{\"@type\":\"WebSite\",\"@id\":\"https:\\\/\\\/calafellslide.com\\\/ca\\\/#website\",\"url\":\"https:\\\/\\\/calafellslide.com\\\/ca\\\/\",\"name\":\"Calafell Slide\",\"description\":\"Parque de atracciones en Calafell (Tarragona)\",\"publisher\":{\"@id\":\"https:\\\/\\\/calafellslide.com\\\/ca\\\/#organization\"},\"potentialAction\":[{\"@type\":\"SearchAction\",\"target\":{\"@type\":\"EntryPoint\",\"urlTemplate\":\"https:\\\/\\\/calafellslide.com\\\/ca\\\/?s={search_term_string}\"},\"query-input\":{\"@type\":\"PropertyValueSpecification\",\"valueRequired\":true,\"valueName\":\"search_term_string\"}}],\"inLanguage\":\"ca\"},{\"@type\":\"Organization\",\"@id\":\"https:\\\/\\\/calafellslide.com\\\/ca\\\/#organization\",\"name\":\"Calafell Slide\",\"url\":\"https:\\\/\\\/calafellslide.com\\\/ca\\\/\",\"logo\":{\"@type\":\"ImageObject\",\"inLanguage\":\"ca\",\"@id\":\"https:\\\/\\\/calafellslide.com\\\/ca\\\/#\\\/schema\\\/logo\\\/image\\\/\",\"url\":\"https:\\\/\\\/calafellslide.com\\\/wp-content\\\/uploads\\\/2022\\\/10\\\/logo-calafell-slide-200.jpg\",\"contentUrl\":\"https:\\\/\\\/calafellslide.com\\\/wp-content\\\/uploads\\\/2022\\\/10\\\/logo-calafell-slide-200.jpg\",\"width\":200,\"height\":200,\"caption\":\"Calafell Slide\"},\"image\":{\"@id\":\"https:\\\/\\\/calafellslide.com\\\/ca\\\/#\\\/schema\\\/logo\\\/image\\\/\"},\"sameAs\":[\"https:\\\/\\\/www.facebook.com\\\/CalafellSlide\\\/\",\"https:\\\/\\\/www.instagram.com\\\/CalafellSlide\\\/\"]}]}<\/script>\n<!-- \/ Yoast SEO plugin. -->","yoast_head_json":{"title":"FAQ's | Calafell Slide","description":"Preguntes i respostes Tubogan Gegant Calafell Slide","robots":{"index":"index","follow":"follow","max-snippet":"max-snippet:-1","max-image-preview":"max-image-preview:large","max-video-preview":"max-video-preview:-1"},"canonical":"https:\/\/calafellslide.com\/ca\/faqs-calafell-slide\/","og_locale":"ca_ES","og_type":"article","og_title":"FAQ's | Calafell Slide","og_description":"Preguntes i respostes Tubogan Gegant Calafell Slide","og_url":"https:\/\/calafellslide.com\/ca\/faqs-calafell-slide\/","og_site_name":"Calafell Slide","article_publisher":"https:\/\/www.facebook.com\/CalafellSlide\/","article_modified_time":"2022-06-15T10:44:54+00:00","twitter_card":"summary_large_image","twitter_misc":{"Temps estimat de lectura":"6 minuts"},"schema":{"@context":"https:\/\/schema.org","@graph":[{"@type":"WebPage","@id":"https:\/\/calafellslide.com\/ca\/faqs-calafell-slide\/","url":"https:\/\/calafellslide.com\/ca\/faqs-calafell-slide\/","name":"FAQ's | Calafell Slide","isPartOf":{"@id":"https:\/\/calafellslide.com\/ca\/#website"},"primaryImageOfPage":{"@id":"https:\/\/calafellslide.com\/ca\/faqs-calafell-slide\/#primaryimage"},"image":{"@id":"https:\/\/calafellslide.com\/ca\/faqs-calafell-slide\/#primaryimage"},"thumbnailUrl":"https:\/\/calafellslide.com\/wp-content\/uploads\/2024\/07\/CALAFELL-SLIDE-22_resize-scaled-e1720201988989.jpg","datePublished":"2020-03-15T10:29:32+00:00","dateModified":"2022-06-15T10:44:54+00:00","description":"Preguntes i respostes Tubogan Gegant Calafell Slide","breadcrumb":{"@id":"https:\/\/calafellslide.com\/ca\/faqs-calafell-slide\/#breadcrumb"},"inLanguage":"ca","potentialAction":[{"@type":"ReadAction","target":["https:\/\/calafellslide.com\/ca\/faqs-calafell-slide\/"]}]},{"@type":"ImageObject","inLanguage":"ca","@id":"https:\/\/calafellslide.com\/ca\/faqs-calafell-slide\/#primaryimage","url":"https:\/\/calafellslide.com\/wp-content\/uploads\/2024\/07\/CALAFELL-SLIDE-22_resize-scaled-e1720201988989.jpg","contentUrl":"https:\/\/calafellslide.com\/wp-content\/uploads\/2024\/07\/CALAFELL-SLIDE-22_resize-scaled-e1720201988989.jpg","width":2560,"height":1707,"caption":"Photo Calafell Slide"},{"@type":"BreadcrumbList","@id":"https:\/\/calafellslide.com\/ca\/faqs-calafell-slide\/#breadcrumb","itemListElement":[{"@type":"ListItem","position":1,"name":"HOME","item":"https:\/\/calafellslide.com\/ca\/"},{"@type":"ListItem","position":2,"name":"FAQ&#8217;S Calafell Slide"}]},{"@type":"WebSite","@id":"https:\/\/calafellslide.com\/ca\/#website","url":"https:\/\/calafellslide.com\/ca\/","name":"Calafell Slide","description":"Parque de atracciones en Calafell (Tarragona)","publisher":{"@id":"https:\/\/calafellslide.com\/ca\/#organization"},"potentialAction":[{"@type":"SearchAction","target":{"@type":"EntryPoint","urlTemplate":"https:\/\/calafellslide.com\/ca\/?s={search_term_string}"},"query-input":{"@type":"PropertyValueSpecification","valueRequired":true,"valueName":"search_term_string"}}],"inLanguage":"ca"},{"@type":"Organization","@id":"https:\/\/calafellslide.com\/ca\/#organization","name":"Calafell Slide","url":"https:\/\/calafellslide.com\/ca\/","logo":{"@type":"ImageObject","inLanguage":"ca","@id":"https:\/\/calafellslide.com\/ca\/#\/schema\/logo\/image\/","url":"https:\/\/calafellslide.com\/wp-content\/uploads\/2022\/10\/logo-calafell-slide-200.jpg","contentUrl":"https:\/\/calafellslide.com\/wp-content\/uploads\/2022\/10\/logo-calafell-slide-200.jpg","width":200,"height":200,"caption":"Calafell Slide"},"image":{"@id":"https:\/\/calafellslide.com\/ca\/#\/schema\/logo\/image\/"},"sameAs":["https:\/\/www.facebook.com\/CalafellSlide\/","https:\/\/www.instagram.com\/CalafellSlide\/"]}]}},"_links":{"self":[{"href":"https:\/\/calafellslide.com\/ca\/wp-json\/wp\/v2\/pages\/2181","targetHints":{"allow":["GET"]}}],"collection":[{"href":"https:\/\/calafellslide.com\/ca\/wp-json\/wp\/v2\/pages"}],"about":[{"href":"https:\/\/calafellslide.com\/ca\/wp-json\/wp\/v2\/types\/page"}],"author":[{"embeddable":true,"href":"https:\/\/calafellslide.com\/ca\/wp-json\/wp\/v2\/users\/8"}],"replies":[{"embeddable":true,"href":"https:\/\/calafellslide.com\/ca\/wp-json\/wp\/v2\/comments?post=2181"}],"version-history":[{"count":12,"href":"https:\/\/calafellslide.com\/ca\/wp-json\/wp\/v2\/pages\/2181\/revisions"}],"predecessor-version":[{"id":6240,"href":"https:\/\/calafellslide.com\/ca\/wp-json\/wp\/v2\/pages\/2181\/revisions\/6240"}],"wp:featuredmedia":[{"embeddable":true,"href":"https:\/\/calafellslide.com\/ca\/wp-json\/wp\/v2\/media\/7680"}],"wp:attachment":[{"href":"https:\/\/calafellslide.com\/ca\/wp-json\/wp\/v2\/media?parent=2181"}],"curies":[{"name":"wp","href":"https:\/\/api.w.org\/{rel}","templated":true}]}}