{"id":2271,"date":"2019-11-12T18:41:00","date_gmt":"2019-11-12T18:41:00","guid":{"rendered":"https:\/\/calafellslide.jurogaproyectosdigitales.com\/donde-estamos\/"},"modified":"2022-05-26T08:48:34","modified_gmt":"2022-05-26T08:48:34","slug":"on-som","status":"publish","type":"page","link":"https:\/\/calafellslide.com\/ca\/on-som\/","title":{"rendered":"On Som"},"content":{"rendered":"<p>[et_pb_section fb_built=&#8221;1&#8243; next_background_color=&#8221;#ffffff&#8221; _builder_version=&#8221;4.16&#8243; background_color=&#8221;rgba(0,0,0,0.5)&#8221; background_image=&#8221;https:\/\/calafellslide.com\/wp-content\/uploads\/2019\/11\/gallery2.png&#8221; background_blend=&#8221;multiply&#8221; custom_padding=&#8221;75px||100px||false|false&#8221; bottom_divider_style=&#8221;waves2&#8243; bottom_divider_height=&#8221;50px&#8221; animation_style=&#8221;fade&#8221; locked=&#8221;off&#8221; global_colors_info=&#8221;{}&#8221;][et_pb_row _builder_version=&#8221;4.16&#8243; global_colors_info=&#8221;{}&#8221;][et_pb_column type=&#8221;4_4&#8243; _builder_version=&#8221;4.16&#8243; global_colors_info=&#8221;{}&#8221;][et_pb_post_title meta=&#8221;off&#8221; featured_image=&#8221;off&#8221; text_color=&#8221;light&#8221; _builder_version=&#8221;4.16&#8243; title_font=&#8221;Fredoka One||||||||&#8221; title_text_align=&#8221;center&#8221; title_font_size=&#8221;60px&#8221; custom_margin=&#8221;||0px||false|false&#8221; animation_style=&#8221;zoom&#8221; animation_direction=&#8221;left&#8221; animation_intensity_zoom=&#8221;5%&#8221; global_colors_info=&#8221;{}&#8221;][\/et_pb_post_title][\/et_pb_column][\/et_pb_row][\/et_pb_section][et_pb_section fb_built=&#8221;1&#8243; _builder_version=&#8221;4.16&#8243; custom_margin=&#8221;||||false|false&#8221; custom_padding=&#8221;||125px||false|false&#8221; bottom_divider_style=&#8221;waves2&#8243; bottom_divider_color=&#8221;#222222&#8243; bottom_divider_height=&#8221;50px&#8221; global_colors_info=&#8221;{}&#8221;][et_pb_row _builder_version=&#8221;4.16&#8243; custom_margin=&#8221;||||false|false&#8221; custom_padding=&#8221;0px||0px||false|false&#8221; global_colors_info=&#8221;{}&#8221;][et_pb_column type=&#8221;4_4&#8243; _builder_version=&#8221;4.16&#8243; global_colors_info=&#8221;{}&#8221;][et_pb_text _builder_version=&#8221;4.17.3&#8243; header_2_font=&#8221;|700|||||||&#8221; header_2_font_size=&#8221;30px&#8221; header_2_line_height=&#8221;1.2em&#8221; header_5_font_size=&#8221;18px&#8221; header_5_line_height=&#8221;1.5em&#8221; locked=&#8221;off&#8221; global_colors_info=&#8221;{}&#8221;]<\/p>\n<blockquote>\n<h3>Estem davant del nucli antic de Calafell, al costat de la carretera Bellvei, al Cami de Ca La Manela.<br \/>Utilitza Google Maps o AppleMaps. Et portaran directament a la nostra porta! Aqu\u00ed hi ha les nostres coordenades GPS per si de cas: 41.198913, 1.577228<\/h3>\n<\/blockquote>\n<p><strong>No hi ha transport p\u00fablic.<\/strong><\/p>\n<p><b>S\u00f3n 25 minuts a peu des de l&#8217;estaci\u00f3 de tren caminant.<\/b><\/p>\n<p><strong>El p\u00e0rquing \u00e9s gratu\u00eft.<\/strong><\/p>\n<p><span style=\"font-weight: 400;\"><\/span><\/p>\n<p>Trobar la rotonda de la Creu Roja a Calafell, a dalt de l&#8217;estaci\u00f3 de tren. All\u00ed est\u00e0 indicat. Millor utilitzar Google Maps, TomTom, Garmin o AppleMaps. El portaran directament a la nostra porta! Aqu\u00ed hi ha les nostres coordenades GPS per si de cas: 41.198913, 1.577228<\/p>\n<p>[\/et_pb_text][\/et_pb_column][\/et_pb_row][et_pb_row _builder_version=&#8221;4.16&#8243; global_colors_info=&#8221;{}&#8221;][et_pb_column type=&#8221;4_4&#8243; _builder_version=&#8221;4.16&#8243; global_colors_info=&#8221;{}&#8221;][et_pb_code _builder_version=&#8221;4.16&#8243; border_radii=&#8221;on|5px|5px|5px|5px&#8221; global_colors_info=&#8221;{}&#8221;]<iframe loading=\"lazy\" src=\"https:\/\/www.google.com\/maps\/embed?pb=!1m18!1m12!1m3!1d375.25981608406835!2d1.5747158150928071!3d41.1982614941508!2m3!1f0!2f0!3f0!3m2!1i1024!2i768!4f13.1!3m3!1m2!1s0x12a38b8d8299fe6f%3A0xfa96c435ba8d7279!2sCalafell%20Slide!5e0!3m2!1ses!2ses!4v1574261772236!5m2!1ses!2ses\" width=\"100%\" height=\"450\" frameborder=\"0\" style=\"border:0;\" allowfullscreen=\"\"><\/iframe>[\/et_pb_code][\/et_pb_column][\/et_pb_row][\/et_pb_section]<\/p>\n<span class=\"et_bloom_bottom_trigger\"><\/span>","protected":false},"excerpt":{"rendered":"<p>Estem davant del nucli antic de Calafell, al costat de la carretera Bellvei, al Cami de Ca La Manela.Utilitza Google Maps o AppleMaps. Et portaran directament a la nostra porta! Aqu\u00ed hi ha les nostres coordenades GPS per si de cas: 41.198913, 1.577228 No hi ha transport p\u00fablic. S\u00f3n 25 minuts a peu des de [&hellip;]<\/p>\n","protected":false},"author":8,"featured_media":7680,"parent":0,"menu_order":8,"comment_status":"closed","ping_status":"closed","template":"","meta":{"_et_pb_use_builder":"on","_et_pb_old_content":"<!-- wp:divi\/placeholder \/-->","_et_gb_content_width":"","footnotes":""},"class_list":["post-2271","page","type-page","status-publish","has-post-thumbnail","hentry"],"yoast_head":"<!-- This site is optimized with the Yoast SEO plugin v27.3 - https:\/\/yoast.com\/product\/yoast-seo-wordpress\/ -->\n<title>On Som | Calafell Slide<\/title>\n<meta name=\"description\" content=\"Estem al davant de l&#039;nucli antic de Calafell, a la banda de la carretera Bellvei, al Mas Cami d&#039;en Vives. Trobar la rotonda de la Creu Roja a Calafell, a dalt de l&#039;estaci\u00f3 de tren.\" \/>\n<meta name=\"robots\" content=\"index, follow, max-snippet:-1, max-image-preview:large, max-video-preview:-1\" \/>\n<link rel=\"canonical\" href=\"https:\/\/calafellslide.com\/ca\/on-som\/\" \/>\n<meta property=\"og:locale\" content=\"ca_ES\" \/>\n<meta property=\"og:type\" content=\"article\" \/>\n<meta property=\"og:title\" content=\"On Som | Calafell Slide\" \/>\n<meta property=\"og:description\" content=\"Estem al davant de l&#039;nucli antic de Calafell, a la banda de la carretera Bellvei, al Mas Cami d&#039;en Vives. Trobar la rotonda de la Creu Roja a Calafell, a dalt de l&#039;estaci\u00f3 de tren.\" \/>\n<meta property=\"og:url\" content=\"https:\/\/calafellslide.com\/ca\/on-som\/\" \/>\n<meta property=\"og:site_name\" content=\"Calafell Slide\" \/>\n<meta property=\"article:publisher\" content=\"https:\/\/www.facebook.com\/CalafellSlide\/\" \/>\n<meta property=\"article:modified_time\" content=\"2022-05-26T08:48:34+00:00\" \/>\n<meta property=\"og:image\" content=\"https:\/\/calafellslide.com\/wp-content\/uploads\/2019\/11\/Calafell-Calafell-Slide-1280x720-op-1280x720.jpg\" \/>\n\t<meta property=\"og:image:width\" content=\"1280\" \/>\n\t<meta property=\"og:image:height\" content=\"720\" \/>\n\t<meta property=\"og:image:type\" content=\"image\/jpeg\" \/>\n<meta name=\"twitter:card\" content=\"summary_large_image\" \/>\n<meta name=\"twitter:title\" content=\"On Som| Calafell Slide\" \/>\n<meta name=\"twitter:description\" content=\"Estem al davant de l&#039;nucli antic de Calafell, a la banda de la carretera Bellvei, al Mas Cami d&#039;en Vives. Trobar la rotonda de la Creu Roja a Calafell, a dalt de l&#039;estaci\u00f3 de tren.\" \/>\n<meta name=\"twitter:image\" content=\"https:\/\/calafellslide.com\/wp-content\/uploads\/2019\/11\/Calafell-Calafell-Slide-1280x720-op-1280x720.jpg\" \/>\n<meta name=\"twitter:label1\" content=\"Temps estimat de lectura\" \/>\n\t<meta name=\"twitter:data1\" content=\"2 minuts\" \/>\n<script type=\"application\/ld+json\" class=\"yoast-schema-graph\">{\"@context\":\"https:\\\/\\\/schema.org\",\"@graph\":[{\"@type\":\"WebPage\",\"@id\":\"https:\\\/\\\/calafellslide.com\\\/ca\\\/on-som\\\/\",\"url\":\"https:\\\/\\\/calafellslide.com\\\/ca\\\/on-som\\\/\",\"name\":\"On Som | Calafell Slide\",\"isPartOf\":{\"@id\":\"https:\\\/\\\/calafellslide.com\\\/ca\\\/#website\"},\"primaryImageOfPage\":{\"@id\":\"https:\\\/\\\/calafellslide.com\\\/ca\\\/on-som\\\/#primaryimage\"},\"image\":{\"@id\":\"https:\\\/\\\/calafellslide.com\\\/ca\\\/on-som\\\/#primaryimage\"},\"thumbnailUrl\":\"https:\\\/\\\/calafellslide.com\\\/wp-content\\\/uploads\\\/2024\\\/07\\\/CALAFELL-SLIDE-22_resize-scaled-e1720201988989.jpg\",\"datePublished\":\"2019-11-12T18:41:00+00:00\",\"dateModified\":\"2022-05-26T08:48:34+00:00\",\"description\":\"Estem al davant de l'nucli antic de Calafell, a la banda de la carretera Bellvei, al Mas Cami d'en Vives. Trobar la rotonda de la Creu Roja a Calafell, a dalt de l'estaci\u00f3 de tren.\",\"breadcrumb\":{\"@id\":\"https:\\\/\\\/calafellslide.com\\\/ca\\\/on-som\\\/#breadcrumb\"},\"inLanguage\":\"ca\",\"potentialAction\":[{\"@type\":\"ReadAction\",\"target\":[\"https:\\\/\\\/calafellslide.com\\\/ca\\\/on-som\\\/\"]}]},{\"@type\":\"ImageObject\",\"inLanguage\":\"ca\",\"@id\":\"https:\\\/\\\/calafellslide.com\\\/ca\\\/on-som\\\/#primaryimage\",\"url\":\"https:\\\/\\\/calafellslide.com\\\/wp-content\\\/uploads\\\/2024\\\/07\\\/CALAFELL-SLIDE-22_resize-scaled-e1720201988989.jpg\",\"contentUrl\":\"https:\\\/\\\/calafellslide.com\\\/wp-content\\\/uploads\\\/2024\\\/07\\\/CALAFELL-SLIDE-22_resize-scaled-e1720201988989.jpg\",\"width\":2560,\"height\":1707,\"caption\":\"Photo Calafell Slide\"},{\"@type\":\"BreadcrumbList\",\"@id\":\"https:\\\/\\\/calafellslide.com\\\/ca\\\/on-som\\\/#breadcrumb\",\"itemListElement\":[{\"@type\":\"ListItem\",\"position\":1,\"name\":\"HOME\",\"item\":\"https:\\\/\\\/calafellslide.com\\\/ca\\\/\"},{\"@type\":\"ListItem\",\"position\":2,\"name\":\"On Som\"}]},{\"@type\":\"WebSite\",\"@id\":\"https:\\\/\\\/calafellslide.com\\\/ca\\\/#website\",\"url\":\"https:\\\/\\\/calafellslide.com\\\/ca\\\/\",\"name\":\"Calafell Slide\",\"description\":\"Parque de atracciones en Calafell (Tarragona)\",\"publisher\":{\"@id\":\"https:\\\/\\\/calafellslide.com\\\/ca\\\/#organization\"},\"potentialAction\":[{\"@type\":\"SearchAction\",\"target\":{\"@type\":\"EntryPoint\",\"urlTemplate\":\"https:\\\/\\\/calafellslide.com\\\/ca\\\/?s={search_term_string}\"},\"query-input\":{\"@type\":\"PropertyValueSpecification\",\"valueRequired\":true,\"valueName\":\"search_term_string\"}}],\"inLanguage\":\"ca\"},{\"@type\":\"Organization\",\"@id\":\"https:\\\/\\\/calafellslide.com\\\/ca\\\/#organization\",\"name\":\"Calafell Slide\",\"url\":\"https:\\\/\\\/calafellslide.com\\\/ca\\\/\",\"logo\":{\"@type\":\"ImageObject\",\"inLanguage\":\"ca\",\"@id\":\"https:\\\/\\\/calafellslide.com\\\/ca\\\/#\\\/schema\\\/logo\\\/image\\\/\",\"url\":\"https:\\\/\\\/calafellslide.com\\\/wp-content\\\/uploads\\\/2022\\\/10\\\/logo-calafell-slide-200.jpg\",\"contentUrl\":\"https:\\\/\\\/calafellslide.com\\\/wp-content\\\/uploads\\\/2022\\\/10\\\/logo-calafell-slide-200.jpg\",\"width\":200,\"height\":200,\"caption\":\"Calafell Slide\"},\"image\":{\"@id\":\"https:\\\/\\\/calafellslide.com\\\/ca\\\/#\\\/schema\\\/logo\\\/image\\\/\"},\"sameAs\":[\"https:\\\/\\\/www.facebook.com\\\/CalafellSlide\\\/\",\"https:\\\/\\\/www.instagram.com\\\/CalafellSlide\\\/\"]}]}<\/script>\n<!-- \/ Yoast SEO plugin. -->","yoast_head_json":{"title":"On Som | Calafell Slide","description":"Estem al davant de l'nucli antic de Calafell, a la banda de la carretera Bellvei, al Mas Cami d'en Vives. Trobar la rotonda de la Creu Roja a Calafell, a dalt de l'estaci\u00f3 de tren.","robots":{"index":"index","follow":"follow","max-snippet":"max-snippet:-1","max-image-preview":"max-image-preview:large","max-video-preview":"max-video-preview:-1"},"canonical":"https:\/\/calafellslide.com\/ca\/on-som\/","og_locale":"ca_ES","og_type":"article","og_title":"On Som | Calafell Slide","og_description":"Estem al davant de l'nucli antic de Calafell, a la banda de la carretera Bellvei, al Mas Cami d'en Vives. Trobar la rotonda de la Creu Roja a Calafell, a dalt de l'estaci\u00f3 de tren.","og_url":"https:\/\/calafellslide.com\/ca\/on-som\/","og_site_name":"Calafell Slide","article_publisher":"https:\/\/www.facebook.com\/CalafellSlide\/","article_modified_time":"2022-05-26T08:48:34+00:00","og_image":[{"width":1280,"height":720,"url":"https:\/\/calafellslide.com\/wp-content\/uploads\/2019\/11\/Calafell-Calafell-Slide-1280x720-op-1280x720.jpg","type":"image\/jpeg"}],"twitter_card":"summary_large_image","twitter_title":"On Som| Calafell Slide","twitter_description":"Estem al davant de l'nucli antic de Calafell, a la banda de la carretera Bellvei, al Mas Cami d'en Vives. Trobar la rotonda de la Creu Roja a Calafell, a dalt de l'estaci\u00f3 de tren.","twitter_image":"https:\/\/calafellslide.com\/wp-content\/uploads\/2019\/11\/Calafell-Calafell-Slide-1280x720-op-1280x720.jpg","twitter_misc":{"Temps estimat de lectura":"2 minuts"},"schema":{"@context":"https:\/\/schema.org","@graph":[{"@type":"WebPage","@id":"https:\/\/calafellslide.com\/ca\/on-som\/","url":"https:\/\/calafellslide.com\/ca\/on-som\/","name":"On Som | Calafell Slide","isPartOf":{"@id":"https:\/\/calafellslide.com\/ca\/#website"},"primaryImageOfPage":{"@id":"https:\/\/calafellslide.com\/ca\/on-som\/#primaryimage"},"image":{"@id":"https:\/\/calafellslide.com\/ca\/on-som\/#primaryimage"},"thumbnailUrl":"https:\/\/calafellslide.com\/wp-content\/uploads\/2024\/07\/CALAFELL-SLIDE-22_resize-scaled-e1720201988989.jpg","datePublished":"2019-11-12T18:41:00+00:00","dateModified":"2022-05-26T08:48:34+00:00","description":"Estem al davant de l'nucli antic de Calafell, a la banda de la carretera Bellvei, al Mas Cami d'en Vives. Trobar la rotonda de la Creu Roja a Calafell, a dalt de l'estaci\u00f3 de tren.","breadcrumb":{"@id":"https:\/\/calafellslide.com\/ca\/on-som\/#breadcrumb"},"inLanguage":"ca","potentialAction":[{"@type":"ReadAction","target":["https:\/\/calafellslide.com\/ca\/on-som\/"]}]},{"@type":"ImageObject","inLanguage":"ca","@id":"https:\/\/calafellslide.com\/ca\/on-som\/#primaryimage","url":"https:\/\/calafellslide.com\/wp-content\/uploads\/2024\/07\/CALAFELL-SLIDE-22_resize-scaled-e1720201988989.jpg","contentUrl":"https:\/\/calafellslide.com\/wp-content\/uploads\/2024\/07\/CALAFELL-SLIDE-22_resize-scaled-e1720201988989.jpg","width":2560,"height":1707,"caption":"Photo Calafell Slide"},{"@type":"BreadcrumbList","@id":"https:\/\/calafellslide.com\/ca\/on-som\/#breadcrumb","itemListElement":[{"@type":"ListItem","position":1,"name":"HOME","item":"https:\/\/calafellslide.com\/ca\/"},{"@type":"ListItem","position":2,"name":"On Som"}]},{"@type":"WebSite","@id":"https:\/\/calafellslide.com\/ca\/#website","url":"https:\/\/calafellslide.com\/ca\/","name":"Calafell Slide","description":"Parque de atracciones en Calafell (Tarragona)","publisher":{"@id":"https:\/\/calafellslide.com\/ca\/#organization"},"potentialAction":[{"@type":"SearchAction","target":{"@type":"EntryPoint","urlTemplate":"https:\/\/calafellslide.com\/ca\/?s={search_term_string}"},"query-input":{"@type":"PropertyValueSpecification","valueRequired":true,"valueName":"search_term_string"}}],"inLanguage":"ca"},{"@type":"Organization","@id":"https:\/\/calafellslide.com\/ca\/#organization","name":"Calafell Slide","url":"https:\/\/calafellslide.com\/ca\/","logo":{"@type":"ImageObject","inLanguage":"ca","@id":"https:\/\/calafellslide.com\/ca\/#\/schema\/logo\/image\/","url":"https:\/\/calafellslide.com\/wp-content\/uploads\/2022\/10\/logo-calafell-slide-200.jpg","contentUrl":"https:\/\/calafellslide.com\/wp-content\/uploads\/2022\/10\/logo-calafell-slide-200.jpg","width":200,"height":200,"caption":"Calafell Slide"},"image":{"@id":"https:\/\/calafellslide.com\/ca\/#\/schema\/logo\/image\/"},"sameAs":["https:\/\/www.facebook.com\/CalafellSlide\/","https:\/\/www.instagram.com\/CalafellSlide\/"]}]}},"_links":{"self":[{"href":"https:\/\/calafellslide.com\/ca\/wp-json\/wp\/v2\/pages\/2271","targetHints":{"allow":["GET"]}}],"collection":[{"href":"https:\/\/calafellslide.com\/ca\/wp-json\/wp\/v2\/pages"}],"about":[{"href":"https:\/\/calafellslide.com\/ca\/wp-json\/wp\/v2\/types\/page"}],"author":[{"embeddable":true,"href":"https:\/\/calafellslide.com\/ca\/wp-json\/wp\/v2\/users\/8"}],"replies":[{"embeddable":true,"href":"https:\/\/calafellslide.com\/ca\/wp-json\/wp\/v2\/comments?post=2271"}],"version-history":[{"count":10,"href":"https:\/\/calafellslide.com\/ca\/wp-json\/wp\/v2\/pages\/2271\/revisions"}],"predecessor-version":[{"id":6129,"href":"https:\/\/calafellslide.com\/ca\/wp-json\/wp\/v2\/pages\/2271\/revisions\/6129"}],"wp:featuredmedia":[{"embeddable":true,"href":"https:\/\/calafellslide.com\/ca\/wp-json\/wp\/v2\/media\/7680"}],"wp:attachment":[{"href":"https:\/\/calafellslide.com\/ca\/wp-json\/wp\/v2\/media?parent=2271"}],"curies":[{"name":"wp","href":"https:\/\/api.w.org\/{rel}","templated":true}]}}