{"id":5311,"date":"2021-11-29T17:32:28","date_gmt":"2021-11-29T17:32:28","guid":{"rendered":"https:\/\/juanjosr22.sg-host.com\/aniversaris\/"},"modified":"2026-03-08T10:02:09","modified_gmt":"2026-03-08T10:02:09","slug":"aniversaris","status":"publish","type":"page","link":"https:\/\/calafellslide.com\/ca\/aniversaris\/","title":{"rendered":"Aniversaris"},"content":{"rendered":"<p>[et_pb_section fb_built=&#8221;1&#8243; next_background_color=&#8221;#ffffff&#8221; _builder_version=&#8221;4.21.0&#8243; background_color=&#8221;rgba(0,0,0,0.5)&#8221; background_image=&#8221;https:\/\/calafellslide.com\/wp-content\/uploads\/2022\/02\/image035.jpg&#8221; background_position=&#8221;center_left&#8221; background_blend=&#8221;multiply&#8221; custom_padding=&#8221;75px||100px||false|false&#8221; bottom_divider_style=&#8221;waves2&#8243; bottom_divider_height=&#8221;50px&#8221; animation_style=&#8221;fade&#8221; locked=&#8221;off&#8221; global_colors_info=&#8221;{}&#8221;][et_pb_row _builder_version=&#8221;4.16&#8243; module_alignment=&#8221;center&#8221; global_colors_info=&#8221;{}&#8221;][et_pb_column type=&#8221;4_4&#8243; _builder_version=&#8221;4.16&#8243; global_colors_info=&#8221;{}&#8221;][et_pb_post_title meta=&#8221;off&#8221; featured_image=&#8221;off&#8221; text_color=&#8221;light&#8221; _builder_version=&#8221;4.16&#8243; title_font=&#8221;Fredoka One||||||||&#8221; title_font_size=&#8221;60px&#8221; text_orientation=&#8221;center&#8221; custom_margin=&#8221;||0px||false|false&#8221; animation_style=&#8221;zoom&#8221; animation_direction=&#8221;left&#8221; animation_intensity_zoom=&#8221;5%&#8221; title_font_size_tablet=&#8221;60px&#8221; title_font_size_phone=&#8221;48px&#8221; title_font_size_last_edited=&#8221;on|phone&#8221; global_colors_info=&#8221;{}&#8221;][\/et_pb_post_title][et_pb_text _builder_version=&#8221;4.17.4&#8243; _module_preset=&#8221;default&#8221; header_2_font=&#8221;|700|||||||&#8221; header_2_text_align=&#8221;left&#8221; header_2_text_color=&#8221;#FFFFFF&#8221; header_2_line_height=&#8221;1.3em&#8221; text_orientation=&#8221;center&#8221; link_option_url=&#8221;https:\/\/calafellslide.com\/contacto\/&#8221; global_colors_info=&#8221;{}&#8221;]<\/p>\n<h2 style=\"text-align: center;\">Celebrar l\u2019aniversari a Calafell Slide \u00e9s divertit per a tota la fam\u00edlia<br \/><span style=\"text-decoration: underline;\"><span style=\"color: #e02b20; text-decoration: underline;\">De 21 mars a 8 d&#8217;abril 2026 no es pot fer festes d&#8217;aniversari<\/span><\/span><\/h2>\n<p>[\/et_pb_text][et_pb_button button_url=&#8221;https:\/\/calafellslide.com\/ca\/contacte\/&#8221; button_text=&#8221;Contacta&#8221; button_alignment=&#8221;center&#8221; _builder_version=&#8221;4.17.4&#8243; _module_preset=&#8221;default&#8221; global_colors_info=&#8221;{}&#8221;][\/et_pb_button][\/et_pb_column][\/et_pb_row][\/et_pb_section][et_pb_section fb_built=&#8221;1&#8243; _builder_version=&#8221;4.16&#8243; _module_preset=&#8221;default&#8221; custom_padding=&#8221;||4px|||&#8221; global_colors_info=&#8221;{}&#8221;][et_pb_row column_structure=&#8221;3_5,2_5&#8243; _builder_version=&#8221;4.16&#8243; _module_preset=&#8221;default&#8221; global_colors_info=&#8221;{}&#8221;][et_pb_column type=&#8221;3_5&#8243; _builder_version=&#8221;4.16&#8243; _module_preset=&#8221;default&#8221; global_colors_info=&#8221;{}&#8221;][et_pb_video src=&#8221;https:\/\/www.youtube.com\/watch?v=hS5C3xj22xI&#8221; _builder_version=&#8221;4.16&#8243; _module_preset=&#8221;default&#8221; border_radii=&#8221;on|5px|5px|5px|5px&#8221; global_colors_info=&#8221;{}&#8221;][\/et_pb_video][\/et_pb_column][et_pb_column type=&#8221;2_5&#8243; _builder_version=&#8221;4.16&#8243; _module_preset=&#8221;default&#8221; global_colors_info=&#8221;{}&#8221;][et_pb_text _builder_version=&#8221;4.17.4&#8243; _module_preset=&#8221;default&#8221; header_2_font=&#8221;|600|||||||&#8221; header_2_line_height=&#8221;1.2em&#8221; header_3_font=&#8221;|600|||||||&#8221; header_3_line_height=&#8221;1.2em&#8221; global_colors_info=&#8221;{}&#8221;]<\/p>\n<h2>Celebrar l&#8217;aniversari a Calafell Slide \u00e9s divertit per a tota la fam\u00edlia.<\/h2>\n<p>La festa d&#8217;aniversari infantil inclou:<\/p>\n<ul>\n<li>Pica-pica<\/li>\n<li>1 Refresc i aigua<\/li>\n<li>Mini-Bocatas<\/li>\n<li>Bossa de gominoles<\/li>\n<li>3 viatges per el tobogan<\/li>\n<\/ul>\n<h3><strong><a href=\"https:\/\/calafellslide.com\/contacto\/\">Contacteu-nos <\/a><\/strong>per a m\u00e9s informaci\u00f3 i per reservar la data! <span style=\"color: #333333;\"><a href=\"https:\/\/calafellslide.com\/ca\/contacte\/\" style=\"color: #333333;\">Contacte<\/a><\/span><\/h3>\n<p>[\/et_pb_text][\/et_pb_column][\/et_pb_row][\/et_pb_section][et_pb_section fb_built=&#8221;1&#8243; _builder_version=&#8221;4.16&#8243; custom_margin=&#8221;||||false|false&#8221; custom_padding=&#8221;0px||125px||false|false&#8221; bottom_divider_style=&#8221;waves2&#8243; bottom_divider_color=&#8221;#222222&#8243; bottom_divider_height=&#8221;50px&#8221; global_colors_info=&#8221;{}&#8221;][et_pb_row column_structure=&#8221;1_2,1_2&#8243; make_equal=&#8221;on&#8221; _builder_version=&#8221;4.16&#8243; _module_preset=&#8221;default&#8221; global_colors_info=&#8221;{}&#8221;][et_pb_column type=&#8221;1_2&#8243; _builder_version=&#8221;4.16&#8243; _module_preset=&#8221;default&#8221; border_radii=&#8221;on|5px|5px|5px|5px&#8221; border_width_all=&#8221;1px&#8221; border_color_all=&#8221;#e0e0e0&#8243; global_colors_info=&#8221;{}&#8221;][et_pb_text _builder_version=&#8221;4.17.3&#8243; _module_preset=&#8221;default&#8221; header_2_font=&#8221;|600|||||||&#8221; header_2_text_color=&#8221;#FFFFFF&#8221; background_color=&#8221;rgba(113,216,17,0.72)&#8221; text_orientation=&#8221;center&#8221; custom_margin=&#8221;||0px||false|false&#8221; custom_padding=&#8221;10px||5px||false|false&#8221; global_colors_info=&#8221;{}&#8221;]<\/p>\n<h2>Paquet 1<\/h2>\n<p>[\/et_pb_text][et_pb_text _builder_version=&#8221;4.17.3&#8243; _module_preset=&#8221;default&#8221; text_font=&#8221;|700|||||||&#8221; header_2_font=&#8221;|700|||||||&#8221; header_2_text_align=&#8221;center&#8221; header_2_font_size=&#8221;32px&#8221; background_color=&#8221;#ff7f59&#8243; text_orientation=&#8221;center&#8221; background_layout=&#8221;dark&#8221; custom_margin=&#8221;||0px||false|false&#8221; custom_padding=&#8221;20px||20px||false|false&#8221; global_colors_info=&#8221;{}&#8221;]<\/p>\n<h2>15,00 \u20ac\/Nen<\/h2>\n<p>(m\u00ednim 6 nens)<\/p>\n<p>[\/et_pb_text][et_pb_text _builder_version=&#8221;4.17.3&#8243; _module_preset=&#8221;default&#8221; header_2_font=&#8221;|600|||||||&#8221; custom_margin=&#8221;||-1px||false|false&#8221; custom_padding=&#8221;25px||25px||false|false&#8221; border_width_top=&#8221;1px&#8221; border_color_top=&#8221;#e0e0e0&#8243; global_colors_info=&#8221;{}&#8221;]<\/p>\n<h2 style=\"text-align: center;\">Dijous<\/h2>\n<p style=\"text-align: center;\">De 11:00 hs fins el tancament.<\/p>\n<p>[\/et_pb_text][et_pb_text _builder_version=&#8221;4.17.3&#8243; _module_preset=&#8221;default&#8221; header_2_font=&#8221;|600|||||||&#8221; custom_margin=&#8221;||-1px||false|false&#8221; custom_padding=&#8221;25px||25px||false|false&#8221; border_width_top=&#8221;1px&#8221; border_color_top=&#8221;#e0e0e0&#8243; border_style_top=&#8221;dashed&#8221; global_colors_info=&#8221;{}&#8221;]<\/p>\n<h2 style=\"text-align: center;\">Divendres<\/h2>\n<p style=\"text-align: center;\">De 11:00 hs fins el tancament.<\/p>\n<p>[\/et_pb_text][\/et_pb_column][et_pb_column type=&#8221;1_2&#8243; _builder_version=&#8221;4.16&#8243; _module_preset=&#8221;default&#8221; border_radii=&#8221;on|5px|5px|5px|5px&#8221; border_width_all=&#8221;1px&#8221; border_color_all=&#8221;#e0e0e0&#8243; global_colors_info=&#8221;{}&#8221;][et_pb_text _builder_version=&#8221;4.17.3&#8243; _module_preset=&#8221;default&#8221; header_2_font=&#8221;|600|||||||&#8221; header_2_text_color=&#8221;#FFFFFF&#8221; background_color=&#8221;rgba(113,216,17,0.72)&#8221; text_orientation=&#8221;center&#8221; custom_margin=&#8221;||0px||false|false&#8221; custom_padding=&#8221;10px||5px||false|false&#8221; global_colors_info=&#8221;{}&#8221;]<\/p>\n<h2>Paquet 2<\/h2>\n<p>[\/et_pb_text][et_pb_text _builder_version=&#8221;4.16&#8243; _module_preset=&#8221;default&#8221; text_font=&#8221;|700|||||||&#8221; header_2_font=&#8221;|700|||||||&#8221; header_2_text_align=&#8221;center&#8221; header_2_font_size=&#8221;32px&#8221; background_color=&#8221;#ff7f59&#8243; text_orientation=&#8221;center&#8221; background_layout=&#8221;dark&#8221; custom_margin=&#8221;||0px||false|false&#8221; custom_padding=&#8221;20px||20px||false|false&#8221; global_colors_info=&#8221;{}&#8221;]<\/p>\n<h2>18,00 \u20ac\/Nen<\/h2>\n<p>(m\u00ednim 6 nens)<\/p>\n<p>[\/et_pb_text][et_pb_text _builder_version=&#8221;4.16&#8243; _module_preset=&#8221;default&#8221; header_2_font=&#8221;|600|||||||&#8221; custom_margin=&#8221;||-1px||false|false&#8221; custom_padding=&#8221;25px||25px||false|false&#8221; border_width_top=&#8221;1px&#8221; border_color_top=&#8221;#e0e0e0&#8243; border_style_top=&#8221;dashed&#8221; locked=&#8221;off&#8221; global_colors_info=&#8221;{}&#8221;]<\/p>\n<h2 style=\"text-align: center;\">Dissabte<\/h2>\n<p style=\"text-align: center;\">De 11:00 hs fins el tancament.<\/p>\n<p>[\/et_pb_text][et_pb_text _builder_version=&#8221;4.16&#8243; _module_preset=&#8221;default&#8221; header_2_font=&#8221;|600|||||||&#8221; custom_margin=&#8221;||-1px||false|false&#8221; custom_padding=&#8221;25px||25px||false|false&#8221; border_width_top=&#8221;1px&#8221; border_color_top=&#8221;#e0e0e0&#8243; border_style_top=&#8221;dashed&#8221; locked=&#8221;off&#8221; global_colors_info=&#8221;{}&#8221;]<\/p>\n<h2 style=\"text-align: center;\">Diumenge<\/h2>\n<p style=\"text-align: center;\">De 11:00 hs fins el tancament.<\/p>\n<p>[\/et_pb_text][\/et_pb_column][\/et_pb_row][et_pb_row use_custom_gutter=&#8221;on&#8221; gutter_width=&#8221;2&#8243; _builder_version=&#8221;4.16&#8243; _module_preset=&#8221;default&#8221; global_colors_info=&#8221;{}&#8221;][et_pb_column type=&#8221;4_4&#8243; _builder_version=&#8221;4.16&#8243; _module_preset=&#8221;default&#8221; global_colors_info=&#8221;{}&#8221;][et_pb_gallery gallery_ids=&#8221;5838,5844,5850,5856,5862,5868&#8243; show_title_and_caption=&#8221;off&#8221; show_pagination=&#8221;off&#8221; _builder_version=&#8221;4.16&#8243; _module_preset=&#8221;default&#8221; border_radii=&#8221;on|3px|3px|3px|3px&#8221; global_colors_info=&#8221;{}&#8221;][\/et_pb_gallery][\/et_pb_column][\/et_pb_row][et_pb_row _builder_version=&#8221;4.16&#8243; _module_preset=&#8221;default&#8221; custom_padding=&#8221;0px|||||&#8221; global_colors_info=&#8221;{}&#8221;][et_pb_column type=&#8221;4_4&#8243; _builder_version=&#8221;4.16&#8243; _module_preset=&#8221;default&#8221; global_colors_info=&#8221;{}&#8221;][et_pb_text _builder_version=&#8221;4.17.3&#8243; _module_preset=&#8221;default&#8221; header_2_font=&#8221;|700|||||||&#8221; text_orientation=&#8221;center&#8221; link_option_url=&#8221;https:\/\/calafellslide.com\/contacto\/&#8221; global_colors_info=&#8221;{}&#8221;]<\/p>\n<p>* Es recomana fer la reserva amb suficient antelaci\u00f3.<\/p>\n<p>* Al juliol i agost la disponibilitat i els preus poden canviar.<\/p>\n<p>* Viatges addicionals per 1,50 \u20ac<\/p>\n<p>Edat recomanable entre 5 i 14 anys<br \/>Aforament m\u00ednim 6 nens.<\/p>\n<p>[\/et_pb_text][\/et_pb_column][\/et_pb_row][\/et_pb_section]<\/p>\n<span class=\"et_bloom_bottom_trigger\"><\/span>","protected":false},"excerpt":{"rendered":"<p>Celebrar l\u2019aniversari a Calafell Slide \u00e9s divertit per a tota la fam\u00edliaDe 21 mars a 8 d&#8217;abril 2026 no es pot fer festes d&#8217;aniversariCelebrar l&#8217;aniversari a Calafell Slide \u00e9s divertit per a tota la fam\u00edlia. La festa d&#8217;aniversari infantil inclou: Pica-pica 1 Refresc i aigua Mini-Bocatas Bossa de gominoles 3 viatges per el tobogan Contacteu-nos [&hellip;]<\/p>\n","protected":false},"author":8,"featured_media":5850,"parent":0,"menu_order":4,"comment_status":"closed","ping_status":"closed","template":"","meta":{"_et_pb_use_builder":"on","_et_pb_old_content":"","_et_gb_content_width":"","footnotes":""},"class_list":["post-5311","page","type-page","status-publish","has-post-thumbnail","hentry"],"yoast_head":"<!-- This site is optimized with the Yoast SEO plugin v27.3 - https:\/\/yoast.com\/product\/yoast-seo-wordpress\/ -->\n<title>Aniversaris | Calafell Slide<\/title>\n<meta name=\"description\" content=\"Celebrar l\u2019aniversari a Calafell Slide \u00e9s divertit per a tota la fam\u00edlia. Contacteu-nos per a m\u00e9s informaci\u00f3 i per reservar la data!\" \/>\n<meta name=\"robots\" content=\"index, follow, max-snippet:-1, max-image-preview:large, max-video-preview:-1\" \/>\n<link rel=\"canonical\" href=\"https:\/\/calafellslide.com\/ca\/aniversaris\/\" \/>\n<meta property=\"og:locale\" content=\"ca_ES\" \/>\n<meta property=\"og:type\" content=\"article\" \/>\n<meta property=\"og:title\" content=\"Aniversaris | Calafell Slide\" \/>\n<meta property=\"og:description\" content=\"Celebrar l\u2019aniversari a Calafell Slide \u00e9s divertit per a tota la fam\u00edlia. Contacteu-nos per a m\u00e9s informaci\u00f3 i per reservar la data!\" \/>\n<meta property=\"og:url\" content=\"https:\/\/calafellslide.com\/ca\/aniversaris\/\" \/>\n<meta property=\"og:site_name\" content=\"Calafell Slide\" \/>\n<meta property=\"article:publisher\" content=\"https:\/\/www.facebook.com\/CalafellSlide\/\" \/>\n<meta property=\"article:modified_time\" content=\"2026-03-08T10:02:09+00:00\" \/>\n<meta property=\"og:image\" content=\"https:\/\/calafellslide.com\/wp-content\/uploads\/2022\/02\/cumple-calafell-3.png\" \/>\n\t<meta property=\"og:image:width\" content=\"720\" \/>\n\t<meta property=\"og:image:height\" content=\"540\" \/>\n\t<meta property=\"og:image:type\" content=\"image\/png\" \/>\n<meta name=\"twitter:card\" content=\"summary_large_image\" \/>\n<meta name=\"twitter:label1\" content=\"Temps estimat de lectura\" \/>\n\t<meta name=\"twitter:data1\" content=\"5 minuts\" \/>\n<script type=\"application\/ld+json\" class=\"yoast-schema-graph\">{\"@context\":\"https:\\\/\\\/schema.org\",\"@graph\":[{\"@type\":\"WebPage\",\"@id\":\"https:\\\/\\\/calafellslide.com\\\/ca\\\/aniversaris\\\/\",\"url\":\"https:\\\/\\\/calafellslide.com\\\/ca\\\/aniversaris\\\/\",\"name\":\"Aniversaris | Calafell Slide\",\"isPartOf\":{\"@id\":\"https:\\\/\\\/calafellslide.com\\\/ca\\\/#website\"},\"primaryImageOfPage\":{\"@id\":\"https:\\\/\\\/calafellslide.com\\\/ca\\\/aniversaris\\\/#primaryimage\"},\"image\":{\"@id\":\"https:\\\/\\\/calafellslide.com\\\/ca\\\/aniversaris\\\/#primaryimage\"},\"thumbnailUrl\":\"https:\\\/\\\/calafellslide.com\\\/wp-content\\\/uploads\\\/2022\\\/02\\\/cumple-calafell-3.png\",\"datePublished\":\"2021-11-29T17:32:28+00:00\",\"dateModified\":\"2026-03-08T10:02:09+00:00\",\"description\":\"Celebrar l\u2019aniversari a Calafell Slide \u00e9s divertit per a tota la fam\u00edlia. Contacteu-nos per a m\u00e9s informaci\u00f3 i per reservar la data!\",\"breadcrumb\":{\"@id\":\"https:\\\/\\\/calafellslide.com\\\/ca\\\/aniversaris\\\/#breadcrumb\"},\"inLanguage\":\"ca\",\"potentialAction\":[{\"@type\":\"ReadAction\",\"target\":[\"https:\\\/\\\/calafellslide.com\\\/ca\\\/aniversaris\\\/\"]}]},{\"@type\":\"ImageObject\",\"inLanguage\":\"ca\",\"@id\":\"https:\\\/\\\/calafellslide.com\\\/ca\\\/aniversaris\\\/#primaryimage\",\"url\":\"https:\\\/\\\/calafellslide.com\\\/wp-content\\\/uploads\\\/2022\\\/02\\\/cumple-calafell-3.png\",\"contentUrl\":\"https:\\\/\\\/calafellslide.com\\\/wp-content\\\/uploads\\\/2022\\\/02\\\/cumple-calafell-3.png\",\"width\":720,\"height\":540,\"caption\":\"birthdayPic\"},{\"@type\":\"BreadcrumbList\",\"@id\":\"https:\\\/\\\/calafellslide.com\\\/ca\\\/aniversaris\\\/#breadcrumb\",\"itemListElement\":[{\"@type\":\"ListItem\",\"position\":1,\"name\":\"HOME\",\"item\":\"https:\\\/\\\/calafellslide.com\\\/ca\\\/\"},{\"@type\":\"ListItem\",\"position\":2,\"name\":\"Aniversaris\"}]},{\"@type\":\"WebSite\",\"@id\":\"https:\\\/\\\/calafellslide.com\\\/ca\\\/#website\",\"url\":\"https:\\\/\\\/calafellslide.com\\\/ca\\\/\",\"name\":\"Calafell Slide\",\"description\":\"Parque de atracciones en Calafell (Tarragona)\",\"publisher\":{\"@id\":\"https:\\\/\\\/calafellslide.com\\\/ca\\\/#organization\"},\"potentialAction\":[{\"@type\":\"SearchAction\",\"target\":{\"@type\":\"EntryPoint\",\"urlTemplate\":\"https:\\\/\\\/calafellslide.com\\\/ca\\\/?s={search_term_string}\"},\"query-input\":{\"@type\":\"PropertyValueSpecification\",\"valueRequired\":true,\"valueName\":\"search_term_string\"}}],\"inLanguage\":\"ca\"},{\"@type\":\"Organization\",\"@id\":\"https:\\\/\\\/calafellslide.com\\\/ca\\\/#organization\",\"name\":\"Calafell Slide\",\"url\":\"https:\\\/\\\/calafellslide.com\\\/ca\\\/\",\"logo\":{\"@type\":\"ImageObject\",\"inLanguage\":\"ca\",\"@id\":\"https:\\\/\\\/calafellslide.com\\\/ca\\\/#\\\/schema\\\/logo\\\/image\\\/\",\"url\":\"https:\\\/\\\/calafellslide.com\\\/wp-content\\\/uploads\\\/2022\\\/10\\\/logo-calafell-slide-200.jpg\",\"contentUrl\":\"https:\\\/\\\/calafellslide.com\\\/wp-content\\\/uploads\\\/2022\\\/10\\\/logo-calafell-slide-200.jpg\",\"width\":200,\"height\":200,\"caption\":\"Calafell Slide\"},\"image\":{\"@id\":\"https:\\\/\\\/calafellslide.com\\\/ca\\\/#\\\/schema\\\/logo\\\/image\\\/\"},\"sameAs\":[\"https:\\\/\\\/www.facebook.com\\\/CalafellSlide\\\/\",\"https:\\\/\\\/www.instagram.com\\\/CalafellSlide\\\/\"]}]}<\/script>\n<!-- \/ Yoast SEO plugin. -->","yoast_head_json":{"title":"Aniversaris | Calafell Slide","description":"Celebrar l\u2019aniversari a Calafell Slide \u00e9s divertit per a tota la fam\u00edlia. Contacteu-nos per a m\u00e9s informaci\u00f3 i per reservar la data!","robots":{"index":"index","follow":"follow","max-snippet":"max-snippet:-1","max-image-preview":"max-image-preview:large","max-video-preview":"max-video-preview:-1"},"canonical":"https:\/\/calafellslide.com\/ca\/aniversaris\/","og_locale":"ca_ES","og_type":"article","og_title":"Aniversaris | Calafell Slide","og_description":"Celebrar l\u2019aniversari a Calafell Slide \u00e9s divertit per a tota la fam\u00edlia. Contacteu-nos per a m\u00e9s informaci\u00f3 i per reservar la data!","og_url":"https:\/\/calafellslide.com\/ca\/aniversaris\/","og_site_name":"Calafell Slide","article_publisher":"https:\/\/www.facebook.com\/CalafellSlide\/","article_modified_time":"2026-03-08T10:02:09+00:00","og_image":[{"width":720,"height":540,"url":"https:\/\/calafellslide.com\/wp-content\/uploads\/2022\/02\/cumple-calafell-3.png","type":"image\/png"}],"twitter_card":"summary_large_image","twitter_misc":{"Temps estimat de lectura":"5 minuts"},"schema":{"@context":"https:\/\/schema.org","@graph":[{"@type":"WebPage","@id":"https:\/\/calafellslide.com\/ca\/aniversaris\/","url":"https:\/\/calafellslide.com\/ca\/aniversaris\/","name":"Aniversaris | Calafell Slide","isPartOf":{"@id":"https:\/\/calafellslide.com\/ca\/#website"},"primaryImageOfPage":{"@id":"https:\/\/calafellslide.com\/ca\/aniversaris\/#primaryimage"},"image":{"@id":"https:\/\/calafellslide.com\/ca\/aniversaris\/#primaryimage"},"thumbnailUrl":"https:\/\/calafellslide.com\/wp-content\/uploads\/2022\/02\/cumple-calafell-3.png","datePublished":"2021-11-29T17:32:28+00:00","dateModified":"2026-03-08T10:02:09+00:00","description":"Celebrar l\u2019aniversari a Calafell Slide \u00e9s divertit per a tota la fam\u00edlia. Contacteu-nos per a m\u00e9s informaci\u00f3 i per reservar la data!","breadcrumb":{"@id":"https:\/\/calafellslide.com\/ca\/aniversaris\/#breadcrumb"},"inLanguage":"ca","potentialAction":[{"@type":"ReadAction","target":["https:\/\/calafellslide.com\/ca\/aniversaris\/"]}]},{"@type":"ImageObject","inLanguage":"ca","@id":"https:\/\/calafellslide.com\/ca\/aniversaris\/#primaryimage","url":"https:\/\/calafellslide.com\/wp-content\/uploads\/2022\/02\/cumple-calafell-3.png","contentUrl":"https:\/\/calafellslide.com\/wp-content\/uploads\/2022\/02\/cumple-calafell-3.png","width":720,"height":540,"caption":"birthdayPic"},{"@type":"BreadcrumbList","@id":"https:\/\/calafellslide.com\/ca\/aniversaris\/#breadcrumb","itemListElement":[{"@type":"ListItem","position":1,"name":"HOME","item":"https:\/\/calafellslide.com\/ca\/"},{"@type":"ListItem","position":2,"name":"Aniversaris"}]},{"@type":"WebSite","@id":"https:\/\/calafellslide.com\/ca\/#website","url":"https:\/\/calafellslide.com\/ca\/","name":"Calafell Slide","description":"Parque de atracciones en Calafell (Tarragona)","publisher":{"@id":"https:\/\/calafellslide.com\/ca\/#organization"},"potentialAction":[{"@type":"SearchAction","target":{"@type":"EntryPoint","urlTemplate":"https:\/\/calafellslide.com\/ca\/?s={search_term_string}"},"query-input":{"@type":"PropertyValueSpecification","valueRequired":true,"valueName":"search_term_string"}}],"inLanguage":"ca"},{"@type":"Organization","@id":"https:\/\/calafellslide.com\/ca\/#organization","name":"Calafell Slide","url":"https:\/\/calafellslide.com\/ca\/","logo":{"@type":"ImageObject","inLanguage":"ca","@id":"https:\/\/calafellslide.com\/ca\/#\/schema\/logo\/image\/","url":"https:\/\/calafellslide.com\/wp-content\/uploads\/2022\/10\/logo-calafell-slide-200.jpg","contentUrl":"https:\/\/calafellslide.com\/wp-content\/uploads\/2022\/10\/logo-calafell-slide-200.jpg","width":200,"height":200,"caption":"Calafell Slide"},"image":{"@id":"https:\/\/calafellslide.com\/ca\/#\/schema\/logo\/image\/"},"sameAs":["https:\/\/www.facebook.com\/CalafellSlide\/","https:\/\/www.instagram.com\/CalafellSlide\/"]}]}},"_links":{"self":[{"href":"https:\/\/calafellslide.com\/ca\/wp-json\/wp\/v2\/pages\/5311","targetHints":{"allow":["GET"]}}],"collection":[{"href":"https:\/\/calafellslide.com\/ca\/wp-json\/wp\/v2\/pages"}],"about":[{"href":"https:\/\/calafellslide.com\/ca\/wp-json\/wp\/v2\/types\/page"}],"author":[{"embeddable":true,"href":"https:\/\/calafellslide.com\/ca\/wp-json\/wp\/v2\/users\/8"}],"replies":[{"embeddable":true,"href":"https:\/\/calafellslide.com\/ca\/wp-json\/wp\/v2\/comments?post=5311"}],"version-history":[{"count":19,"href":"https:\/\/calafellslide.com\/ca\/wp-json\/wp\/v2\/pages\/5311\/revisions"}],"predecessor-version":[{"id":8338,"href":"https:\/\/calafellslide.com\/ca\/wp-json\/wp\/v2\/pages\/5311\/revisions\/8338"}],"wp:featuredmedia":[{"embeddable":true,"href":"https:\/\/calafellslide.com\/ca\/wp-json\/wp\/v2\/media\/5850"}],"wp:attachment":[{"href":"https:\/\/calafellslide.com\/ca\/wp-json\/wp\/v2\/media?parent=5311"}],"curies":[{"name":"wp","href":"https:\/\/api.w.org\/{rel}","templated":true}]}}