{"id":5341,"date":"2021-11-29T17:45:24","date_gmt":"2021-11-29T17:45:24","guid":{"rendered":"https:\/\/juanjosr22.sg-host.com\/escoles\/"},"modified":"2022-05-26T10:42:04","modified_gmt":"2022-05-26T10:42:04","slug":"escoles","status":"publish","type":"page","link":"https:\/\/calafellslide.com\/ca\/escoles\/","title":{"rendered":"Col\u00b7legis"},"content":{"rendered":"<p>[et_pb_section fb_built=&#8221;1&#8243; next_background_color=&#8221;#ffffff&#8221; _builder_version=&#8221;4.16&#8243; background_color=&#8221;rgba(0,0,0,0.5)&#8221; background_image=&#8221;https:\/\/calafellslide.com\/wp-content\/uploads\/2019\/11\/gallery2.png&#8221; background_blend=&#8221;multiply&#8221; custom_padding=&#8221;75px||100px||false|false&#8221; bottom_divider_style=&#8221;waves2&#8243; bottom_divider_height=&#8221;50px&#8221; animation_style=&#8221;fade&#8221; locked=&#8221;off&#8221; global_colors_info=&#8221;{}&#8221;][et_pb_row _builder_version=&#8221;4.16&#8243; global_colors_info=&#8221;{}&#8221;][et_pb_column type=&#8221;4_4&#8243; _builder_version=&#8221;4.16&#8243; global_colors_info=&#8221;{}&#8221;][et_pb_post_title meta=&#8221;off&#8221; featured_image=&#8221;off&#8221; text_color=&#8221;light&#8221; _builder_version=&#8221;4.16&#8243; title_font=&#8221;Fredoka One||||||||&#8221; title_text_align=&#8221;center&#8221; title_font_size=&#8221;60px&#8221; custom_margin=&#8221;||0px||false|false&#8221; animation_style=&#8221;zoom&#8221; animation_direction=&#8221;left&#8221; animation_intensity_zoom=&#8221;5%&#8221; global_colors_info=&#8221;{}&#8221;][\/et_pb_post_title][et_pb_text _builder_version=&#8221;4.17.4&#8243; _module_preset=&#8221;default&#8221; header_2_font=&#8221;|700|||||||&#8221; header_2_text_align=&#8221;left&#8221; header_2_text_color=&#8221;#FFFFFF&#8221; header_2_line_height=&#8221;1.3em&#8221; text_orientation=&#8221;center&#8221; link_option_url=&#8221;https:\/\/calafellslide.com\/contacto\/&#8221; locked=&#8221;off&#8221; global_colors_info=&#8221;{}&#8221;]<\/p>\n<h2 style=\"text-align: center;\">Informaci\u00f3 sobre com es pot concertar una excursi\u00f3 escolar al Tobogan Gegant de Calafell Slide.<\/h2>\n<p>[\/et_pb_text][\/et_pb_column][\/et_pb_row][\/et_pb_section][et_pb_section fb_built=&#8221;1&#8243; _builder_version=&#8221;4.16&#8243; bottom_divider_style=&#8221;waves2&#8243; bottom_divider_color=&#8221;#212121&#8243; bottom_divider_height=&#8221;50px&#8221; global_colors_info=&#8221;{}&#8221;][et_pb_row _builder_version=&#8221;4.16&#8243; _module_preset=&#8221;default&#8221; locked=&#8221;off&#8221; global_colors_info=&#8221;{}&#8221;][et_pb_column type=&#8221;4_4&#8243; _builder_version=&#8221;4.16&#8243; _module_preset=&#8221;default&#8221; global_colors_info=&#8221;{}&#8221;][et_pb_text _builder_version=&#8221;4.17.4&#8243; _module_preset=&#8221;default&#8221; global_colors_info=&#8221;{}&#8221;]<\/p>\n<p style=\"text-align: center;\">Per a col\u00b7legis, grups i associacions juvenils \u00e9s possible llogar l\u2019atracci\u00f3 per a l&#8217;\u00fas exclusiu i per hores.<\/p>\n<p>[\/et_pb_text][\/et_pb_column][\/et_pb_row][et_pb_row column_structure=&#8221;1_2,1_2&#8243; _builder_version=&#8221;4.16&#8243; _module_preset=&#8221;default&#8221; custom_margin=&#8221;-23px|auto|50px|auto|false|false&#8221; locked=&#8221;off&#8221; global_colors_info=&#8221;{}&#8221;][et_pb_column type=&#8221;1_2&#8243; _builder_version=&#8221;4.16&#8243; _module_preset=&#8221;default&#8221; global_colors_info=&#8221;{}&#8221;][et_pb_gallery gallery_ids=&#8221;5828,2232,118,2357,2347,2419,2222&#8243; fullwidth=&#8221;on&#8221; _builder_version=&#8221;4.16&#8243; _module_preset=&#8221;default&#8221; global_colors_info=&#8221;{}&#8221;][\/et_pb_gallery][\/et_pb_column][et_pb_column type=&#8221;1_2&#8243; _builder_version=&#8221;4.16&#8243; _module_preset=&#8221;default&#8221; global_colors_info=&#8221;{}&#8221;][et_pb_text _builder_version=&#8221;4.17.4&#8243; _module_preset=&#8221;default&#8221; text_text_color=&#8221;#000000&#8243; custom_margin=&#8221;30px|||||&#8221; global_colors_info=&#8221;{}&#8221;]<\/p>\n<p><span>Aquesta oferta est\u00e0 disponible nom\u00e9s en dies laborals de dilluns a divendres (festius segons possibilitat) de 10:00 a 20:00 h (juliol i agost fins a 17:00 h). Per a grups superiors de 50 persones, es recomana dividir-los en dos o tres grups de 25-50 persones i fer torns d\u00b4una hora.<\/span><\/p>\n<p><span>Durant el temps contractat tots els membres del grup\u00a0 poden gaudir de l&#8217;atracci\u00f3 tantes vegades com vulguin dins del temps establert. Normalment, els grups fan entre 130 i 160 viatges per hora. Aix\u00ed, un grup de, per exemple, 30 alumnes realitzar\u00e1 fer uns 4 o 5 viatges per persona i per hora.<\/span><\/p>\n<p><span>Els preus s\u00f3n:<\/span><\/p>\n<p><span>1 hora: 165 \u20ac + IVA 21% = 199,65 \u20ac<\/span><\/p>\n<p><span>2 hores: 295 \u20ac + IVA 21% = 356,95 \u20ac<\/span><\/p>\n<p><span>3 hores: 375 \u20ac + IVA 21% = 453.75 \u20ac<\/span><\/p>\n<p>Si us plau, contactar per tel\u00e8fon <a href=\"tel:697543727\">697543727<\/a> o correu electr\u00f2nic (<a href=\"mailto:email@calafellslide.com\">email@calafellslide.com<\/a>) per a m\u00e9s informaci\u00f3!<\/p>\n<p>[\/et_pb_text][\/et_pb_column][\/et_pb_row][\/et_pb_section]<\/p>\n<span class=\"et_bloom_bottom_trigger\"><\/span>","protected":false},"excerpt":{"rendered":"<p>Informaci\u00f3 sobre com es pot concertar una excursi\u00f3 escolar al Tobogan Gegant de Calafell Slide.Per a col\u00b7legis, grups i associacions juvenils \u00e9s possible llogar l\u2019atracci\u00f3 per a l&#8217;\u00fas exclusiu i per hores.Aquesta oferta est\u00e0 disponible nom\u00e9s en dies laborals de dilluns a divendres (festius segons possibilitat) de 10:00 a 20:00 h (juliol i agost fins [&hellip;]<\/p>\n","protected":false},"author":8,"featured_media":5828,"parent":0,"menu_order":3,"comment_status":"closed","ping_status":"closed","template":"","meta":{"_et_pb_use_builder":"on","_et_pb_old_content":"","_et_gb_content_width":"","footnotes":""},"class_list":["post-5341","page","type-page","status-publish","has-post-thumbnail","hentry"],"yoast_head":"<!-- This site is optimized with the Yoast SEO plugin v27.3 - https:\/\/yoast.com\/product\/yoast-seo-wordpress\/ -->\n<title>Col\u00b7legis | Calafell Slide<\/title>\n<meta name=\"description\" content=\"Informaci\u00f3 sobre com es pot concertar una excursi\u00f3 escolar al Tobogan Gegant de Calafell Slide.\" \/>\n<meta name=\"robots\" content=\"index, follow, max-snippet:-1, max-image-preview:large, max-video-preview:-1\" \/>\n<link rel=\"canonical\" href=\"https:\/\/calafellslide.com\/ca\/escoles\/\" \/>\n<meta property=\"og:locale\" content=\"ca_ES\" \/>\n<meta property=\"og:type\" content=\"article\" \/>\n<meta property=\"og:title\" content=\"Col\u00b7legis | Calafell Slide\" \/>\n<meta property=\"og:description\" content=\"Informaci\u00f3 sobre com es pot concertar una excursi\u00f3 escolar al Tobogan Gegant de Calafell Slide.\" \/>\n<meta property=\"og:url\" content=\"https:\/\/calafellslide.com\/ca\/escoles\/\" \/>\n<meta property=\"og:site_name\" content=\"Calafell Slide\" \/>\n<meta property=\"article:publisher\" content=\"https:\/\/www.facebook.com\/CalafellSlide\/\" \/>\n<meta property=\"article:modified_time\" content=\"2022-05-26T10:42:04+00:00\" \/>\n<meta name=\"twitter:card\" content=\"summary_large_image\" \/>\n<meta name=\"twitter:label1\" content=\"Temps estimat de lectura\" \/>\n\t<meta name=\"twitter:data1\" content=\"2 minuts\" \/>\n<script type=\"application\/ld+json\" class=\"yoast-schema-graph\">{\"@context\":\"https:\\\/\\\/schema.org\",\"@graph\":[{\"@type\":\"WebPage\",\"@id\":\"https:\\\/\\\/calafellslide.com\\\/ca\\\/escoles\\\/\",\"url\":\"https:\\\/\\\/calafellslide.com\\\/ca\\\/escoles\\\/\",\"name\":\"Col\u00b7legis | Calafell Slide\",\"isPartOf\":{\"@id\":\"https:\\\/\\\/calafellslide.com\\\/ca\\\/#website\"},\"primaryImageOfPage\":{\"@id\":\"https:\\\/\\\/calafellslide.com\\\/ca\\\/escoles\\\/#primaryimage\"},\"image\":{\"@id\":\"https:\\\/\\\/calafellslide.com\\\/ca\\\/escoles\\\/#primaryimage\"},\"thumbnailUrl\":\"https:\\\/\\\/calafellslide.com\\\/wp-content\\\/uploads\\\/2022\\\/02\\\/colegios.jpg\",\"datePublished\":\"2021-11-29T17:45:24+00:00\",\"dateModified\":\"2022-05-26T10:42:04+00:00\",\"description\":\"Informaci\u00f3 sobre com es pot concertar una excursi\u00f3 escolar al Tobogan Gegant de Calafell Slide.\",\"breadcrumb\":{\"@id\":\"https:\\\/\\\/calafellslide.com\\\/ca\\\/escoles\\\/#breadcrumb\"},\"inLanguage\":\"ca\",\"potentialAction\":[{\"@type\":\"ReadAction\",\"target\":[\"https:\\\/\\\/calafellslide.com\\\/ca\\\/escoles\\\/\"]}]},{\"@type\":\"ImageObject\",\"inLanguage\":\"ca\",\"@id\":\"https:\\\/\\\/calafellslide.com\\\/ca\\\/escoles\\\/#primaryimage\",\"url\":\"https:\\\/\\\/calafellslide.com\\\/wp-content\\\/uploads\\\/2022\\\/02\\\/colegios.jpg\",\"contentUrl\":\"https:\\\/\\\/calafellslide.com\\\/wp-content\\\/uploads\\\/2022\\\/02\\\/colegios.jpg\",\"width\":2048,\"height\":1536,\"caption\":\"anniversaires\"},{\"@type\":\"BreadcrumbList\",\"@id\":\"https:\\\/\\\/calafellslide.com\\\/ca\\\/escoles\\\/#breadcrumb\",\"itemListElement\":[{\"@type\":\"ListItem\",\"position\":1,\"name\":\"HOME\",\"item\":\"https:\\\/\\\/calafellslide.com\\\/ca\\\/\"},{\"@type\":\"ListItem\",\"position\":2,\"name\":\"Col\u00b7legis\"}]},{\"@type\":\"WebSite\",\"@id\":\"https:\\\/\\\/calafellslide.com\\\/ca\\\/#website\",\"url\":\"https:\\\/\\\/calafellslide.com\\\/ca\\\/\",\"name\":\"Calafell Slide\",\"description\":\"Parque de atracciones en Calafell (Tarragona)\",\"publisher\":{\"@id\":\"https:\\\/\\\/calafellslide.com\\\/ca\\\/#organization\"},\"potentialAction\":[{\"@type\":\"SearchAction\",\"target\":{\"@type\":\"EntryPoint\",\"urlTemplate\":\"https:\\\/\\\/calafellslide.com\\\/ca\\\/?s={search_term_string}\"},\"query-input\":{\"@type\":\"PropertyValueSpecification\",\"valueRequired\":true,\"valueName\":\"search_term_string\"}}],\"inLanguage\":\"ca\"},{\"@type\":\"Organization\",\"@id\":\"https:\\\/\\\/calafellslide.com\\\/ca\\\/#organization\",\"name\":\"Calafell Slide\",\"url\":\"https:\\\/\\\/calafellslide.com\\\/ca\\\/\",\"logo\":{\"@type\":\"ImageObject\",\"inLanguage\":\"ca\",\"@id\":\"https:\\\/\\\/calafellslide.com\\\/ca\\\/#\\\/schema\\\/logo\\\/image\\\/\",\"url\":\"https:\\\/\\\/calafellslide.com\\\/wp-content\\\/uploads\\\/2022\\\/10\\\/logo-calafell-slide-200.jpg\",\"contentUrl\":\"https:\\\/\\\/calafellslide.com\\\/wp-content\\\/uploads\\\/2022\\\/10\\\/logo-calafell-slide-200.jpg\",\"width\":200,\"height\":200,\"caption\":\"Calafell Slide\"},\"image\":{\"@id\":\"https:\\\/\\\/calafellslide.com\\\/ca\\\/#\\\/schema\\\/logo\\\/image\\\/\"},\"sameAs\":[\"https:\\\/\\\/www.facebook.com\\\/CalafellSlide\\\/\",\"https:\\\/\\\/www.instagram.com\\\/CalafellSlide\\\/\"]}]}<\/script>\n<!-- \/ Yoast SEO plugin. -->","yoast_head_json":{"title":"Col\u00b7legis | Calafell Slide","description":"Informaci\u00f3 sobre com es pot concertar una excursi\u00f3 escolar al Tobogan Gegant de Calafell Slide.","robots":{"index":"index","follow":"follow","max-snippet":"max-snippet:-1","max-image-preview":"max-image-preview:large","max-video-preview":"max-video-preview:-1"},"canonical":"https:\/\/calafellslide.com\/ca\/escoles\/","og_locale":"ca_ES","og_type":"article","og_title":"Col\u00b7legis | Calafell Slide","og_description":"Informaci\u00f3 sobre com es pot concertar una excursi\u00f3 escolar al Tobogan Gegant de Calafell Slide.","og_url":"https:\/\/calafellslide.com\/ca\/escoles\/","og_site_name":"Calafell Slide","article_publisher":"https:\/\/www.facebook.com\/CalafellSlide\/","article_modified_time":"2022-05-26T10:42:04+00:00","twitter_card":"summary_large_image","twitter_misc":{"Temps estimat de lectura":"2 minuts"},"schema":{"@context":"https:\/\/schema.org","@graph":[{"@type":"WebPage","@id":"https:\/\/calafellslide.com\/ca\/escoles\/","url":"https:\/\/calafellslide.com\/ca\/escoles\/","name":"Col\u00b7legis | Calafell Slide","isPartOf":{"@id":"https:\/\/calafellslide.com\/ca\/#website"},"primaryImageOfPage":{"@id":"https:\/\/calafellslide.com\/ca\/escoles\/#primaryimage"},"image":{"@id":"https:\/\/calafellslide.com\/ca\/escoles\/#primaryimage"},"thumbnailUrl":"https:\/\/calafellslide.com\/wp-content\/uploads\/2022\/02\/colegios.jpg","datePublished":"2021-11-29T17:45:24+00:00","dateModified":"2022-05-26T10:42:04+00:00","description":"Informaci\u00f3 sobre com es pot concertar una excursi\u00f3 escolar al Tobogan Gegant de Calafell Slide.","breadcrumb":{"@id":"https:\/\/calafellslide.com\/ca\/escoles\/#breadcrumb"},"inLanguage":"ca","potentialAction":[{"@type":"ReadAction","target":["https:\/\/calafellslide.com\/ca\/escoles\/"]}]},{"@type":"ImageObject","inLanguage":"ca","@id":"https:\/\/calafellslide.com\/ca\/escoles\/#primaryimage","url":"https:\/\/calafellslide.com\/wp-content\/uploads\/2022\/02\/colegios.jpg","contentUrl":"https:\/\/calafellslide.com\/wp-content\/uploads\/2022\/02\/colegios.jpg","width":2048,"height":1536,"caption":"anniversaires"},{"@type":"BreadcrumbList","@id":"https:\/\/calafellslide.com\/ca\/escoles\/#breadcrumb","itemListElement":[{"@type":"ListItem","position":1,"name":"HOME","item":"https:\/\/calafellslide.com\/ca\/"},{"@type":"ListItem","position":2,"name":"Col\u00b7legis"}]},{"@type":"WebSite","@id":"https:\/\/calafellslide.com\/ca\/#website","url":"https:\/\/calafellslide.com\/ca\/","name":"Calafell Slide","description":"Parque de atracciones en Calafell (Tarragona)","publisher":{"@id":"https:\/\/calafellslide.com\/ca\/#organization"},"potentialAction":[{"@type":"SearchAction","target":{"@type":"EntryPoint","urlTemplate":"https:\/\/calafellslide.com\/ca\/?s={search_term_string}"},"query-input":{"@type":"PropertyValueSpecification","valueRequired":true,"valueName":"search_term_string"}}],"inLanguage":"ca"},{"@type":"Organization","@id":"https:\/\/calafellslide.com\/ca\/#organization","name":"Calafell Slide","url":"https:\/\/calafellslide.com\/ca\/","logo":{"@type":"ImageObject","inLanguage":"ca","@id":"https:\/\/calafellslide.com\/ca\/#\/schema\/logo\/image\/","url":"https:\/\/calafellslide.com\/wp-content\/uploads\/2022\/10\/logo-calafell-slide-200.jpg","contentUrl":"https:\/\/calafellslide.com\/wp-content\/uploads\/2022\/10\/logo-calafell-slide-200.jpg","width":200,"height":200,"caption":"Calafell Slide"},"image":{"@id":"https:\/\/calafellslide.com\/ca\/#\/schema\/logo\/image\/"},"sameAs":["https:\/\/www.facebook.com\/CalafellSlide\/","https:\/\/www.instagram.com\/CalafellSlide\/"]}]}},"_links":{"self":[{"href":"https:\/\/calafellslide.com\/ca\/wp-json\/wp\/v2\/pages\/5341","targetHints":{"allow":["GET"]}}],"collection":[{"href":"https:\/\/calafellslide.com\/ca\/wp-json\/wp\/v2\/pages"}],"about":[{"href":"https:\/\/calafellslide.com\/ca\/wp-json\/wp\/v2\/types\/page"}],"author":[{"embeddable":true,"href":"https:\/\/calafellslide.com\/ca\/wp-json\/wp\/v2\/users\/8"}],"replies":[{"embeddable":true,"href":"https:\/\/calafellslide.com\/ca\/wp-json\/wp\/v2\/comments?post=5341"}],"version-history":[{"count":12,"href":"https:\/\/calafellslide.com\/ca\/wp-json\/wp\/v2\/pages\/5341\/revisions"}],"predecessor-version":[{"id":6162,"href":"https:\/\/calafellslide.com\/ca\/wp-json\/wp\/v2\/pages\/5341\/revisions\/6162"}],"wp:featuredmedia":[{"embeddable":true,"href":"https:\/\/calafellslide.com\/ca\/wp-json\/wp\/v2\/media\/5828"}],"wp:attachment":[{"href":"https:\/\/calafellslide.com\/ca\/wp-json\/wp\/v2\/media?parent=5341"}],"curies":[{"name":"wp","href":"https:\/\/api.w.org\/{rel}","templated":true}]}}