{"id":2267,"date":"2019-11-12T18:24:06","date_gmt":"2019-11-12T18:24:06","guid":{"rendered":"https:\/\/calafellslide.jurogaproyectosdigitales.com\/contacto\/"},"modified":"2023-08-28T15:03:29","modified_gmt":"2023-08-28T15:03:29","slug":"kontakt","status":"publish","type":"page","link":"https:\/\/calafellslide.com\/de\/kontakt\/","title":{"rendered":"Kontakt"},"content":{"rendered":"<p>[et_pb_section fb_built=&#8220;1&#8243; next_background_color=&#8220;#ffffff&#8220; _builder_version=&#8220;4.16&#8243; background_color=&#8220;rgba(0,0,0,0.5)&#8220; background_image=&#8220;https:\/\/calafellslide.com\/wp-content\/uploads\/2019\/11\/gallery2.png&#8220; background_blend=&#8220;multiply&#8220; custom_padding=&#8220;75px||100px||false|false&#8220; bottom_divider_style=&#8220;waves2&#8243; bottom_divider_height=&#8220;50px&#8220; animation_style=&#8220;fade&#8220; locked=&#8220;off&#8220; global_colors_info=&#8220;{}&#8220;][et_pb_row _builder_version=&#8220;4.16&#8243; global_colors_info=&#8220;{}&#8220;][et_pb_column type=&#8220;4_4&#8243; _builder_version=&#8220;4.16&#8243; global_colors_info=&#8220;{}&#8220;][et_pb_post_title meta=&#8220;off&#8220; featured_image=&#8220;off&#8220; text_color=&#8220;light&#8220; _builder_version=&#8220;4.17.1&#8243; title_font=&#8220;Fredoka One||||||||&#8220; title_text_align=&#8220;center&#8220; title_font_size=&#8220;60px&#8220; animation_style=&#8220;zoom&#8220; animation_direction=&#8220;left&#8220; animation_intensity_zoom=&#8220;5%&#8220; global_colors_info=&#8220;{}&#8220;][\/et_pb_post_title][et_pb_button button_url=&#8220;https:\/\/calafellslide.com\/de\/zeitplan\/&#8220; button_text=&#8220;\u00d6ffnungszeiten und Termine&#8220; button_alignment=&#8220;center&#8220; button_alignment_tablet=&#8220;center&#8220; button_alignment_last_edited=&#8220;off|desktop&#8220; _builder_version=&#8220;4.17.4&#8243; _module_preset=&#8220;default&#8220; global_colors_info=&#8220;{}&#8220;][\/et_pb_button][\/et_pb_column][\/et_pb_row][\/et_pb_section][et_pb_section fb_built=&#8220;1&#8243; _builder_version=&#8220;4.16&#8243; bottom_divider_color=&#8220;#f4f4f4&#8243; global_colors_info=&#8220;{}&#8220;][et_pb_row column_structure=&#8220;1_2,1_4,1_4&#8243; _builder_version=&#8220;4.16&#8243; global_colors_info=&#8220;{}&#8220;][et_pb_column type=&#8220;1_2&#8243; _builder_version=&#8220;4.16&#8243; animation_style=&#8220;slide&#8220; global_colors_info=&#8220;{}&#8220;][et_pb_contact_form use_spam_service=&#8220;on&#8220; recaptcha_list=&#8220;Calafell Slide|Calafell Slide-0&#8243; email=&#8220;email@calafellslide.com, kate@juroga.com&#8220; custom_message=&#8220;Mensaje enviado desde la WEB CALAFELL SLIDE p\u00e1gina de contacto:||et_pb_line_break_holder||||et_pb_line_break_holder||Nombre: %%Name%%||et_pb_line_break_holder||Tel\u00e9fono: %%Phone%%||et_pb_line_break_holder||Email: %%Email%%||et_pb_line_break_holder||Mensaje: %%Message%%||et_pb_line_break_holder||||et_pb_line_break_holder||El cliente espera respuesta&#8220; use_redirect=&#8220;on&#8220; redirect_url=&#8220;https:\/\/calafellslide.com\/de\/kontakt\/vielen-dank-fuer-ihre-kontaktaufnahme\/&#8220; success_message=&#8220;Schicke Nachricht &#8230;&#8220; _builder_version=&#8220;4.21.0&#8243; _unique_id=&#8220;666b8a0a-65f8-4f53-b740-75fca6ed905b&#8220; hover_enabled=&#8220;0&#8243; global_colors_info=&#8220;{}&#8220; sticky_enabled=&#8220;0&#8243;][et_pb_contact_field field_id=&#8220;Name&#8220; field_title=&#8220;Name&#8220; fullwidth_field=&#8220;on&#8220; _builder_version=&#8220;4.17.4&#8243; global_colors_info=&#8220;{}&#8220; button_text_size__hover_enabled=&#8220;off&#8220; button_one_text_size__hover_enabled=&#8220;off&#8220; button_two_text_size__hover_enabled=&#8220;off&#8220; button_text_color__hover_enabled=&#8220;off&#8220; button_one_text_color__hover_enabled=&#8220;off&#8220; button_two_text_color__hover_enabled=&#8220;off&#8220; button_border_width__hover_enabled=&#8220;off&#8220; button_one_border_width__hover_enabled=&#8220;off&#8220; button_two_border_width__hover_enabled=&#8220;off&#8220; button_border_color__hover_enabled=&#8220;off&#8220; button_one_border_color__hover_enabled=&#8220;off&#8220; button_two_border_color__hover_enabled=&#8220;off&#8220; button_border_radius__hover_enabled=&#8220;off&#8220; button_one_border_radius__hover_enabled=&#8220;off&#8220; button_two_border_radius__hover_enabled=&#8220;off&#8220; button_letter_spacing__hover_enabled=&#8220;off&#8220; button_one_letter_spacing__hover_enabled=&#8220;off&#8220; button_two_letter_spacing__hover_enabled=&#8220;off&#8220; button_bg_color__hover_enabled=&#8220;off&#8220; button_one_bg_color__hover_enabled=&#8220;off&#8220; button_two_bg_color__hover_enabled=&#8220;off&#8220;][\/et_pb_contact_field][et_pb_contact_field field_id=&#8220;Phone&#8220; field_title=&#8220;Telefon&#8220; _builder_version=&#8220;4.17.4&#8243; global_colors_info=&#8220;{}&#8220;][\/et_pb_contact_field][et_pb_contact_field field_id=&#8220;Email&#8220; field_title=&#8220;Direcci\u00f3n de correo electr\u00f3nico&#8220; field_type=&#8220;email&#8220; _builder_version=&#8220;4.16&#8243; global_colors_info=&#8220;{}&#8220; button_text_size__hover_enabled=&#8220;off&#8220; button_one_text_size__hover_enabled=&#8220;off&#8220; button_two_text_size__hover_enabled=&#8220;off&#8220; button_text_color__hover_enabled=&#8220;off&#8220; button_one_text_color__hover_enabled=&#8220;off&#8220; button_two_text_color__hover_enabled=&#8220;off&#8220; button_border_width__hover_enabled=&#8220;off&#8220; button_one_border_width__hover_enabled=&#8220;off&#8220; button_two_border_width__hover_enabled=&#8220;off&#8220; button_border_color__hover_enabled=&#8220;off&#8220; button_one_border_color__hover_enabled=&#8220;off&#8220; button_two_border_color__hover_enabled=&#8220;off&#8220; button_border_radius__hover_enabled=&#8220;off&#8220; button_one_border_radius__hover_enabled=&#8220;off&#8220; button_two_border_radius__hover_enabled=&#8220;off&#8220; button_letter_spacing__hover_enabled=&#8220;off&#8220; button_one_letter_spacing__hover_enabled=&#8220;off&#8220; button_two_letter_spacing__hover_enabled=&#8220;off&#8220; button_bg_color__hover_enabled=&#8220;off&#8220; button_one_bg_color__hover_enabled=&#8220;off&#8220; button_two_bg_color__hover_enabled=&#8220;off&#8220;][\/et_pb_contact_field][et_pb_contact_field field_id=&#8220;Message&#8220; field_title=&#8220;Nachricht&#8220; field_type=&#8220;text&#8220; fullwidth_field=&#8220;on&#8220; _builder_version=&#8220;4.17.4&#8243; global_colors_info=&#8220;{}&#8220; button_text_size__hover_enabled=&#8220;off&#8220; button_one_text_size__hover_enabled=&#8220;off&#8220; button_two_text_size__hover_enabled=&#8220;off&#8220; button_text_color__hover_enabled=&#8220;off&#8220; button_one_text_color__hover_enabled=&#8220;off&#8220; button_two_text_color__hover_enabled=&#8220;off&#8220; button_border_width__hover_enabled=&#8220;off&#8220; button_one_border_width__hover_enabled=&#8220;off&#8220; button_two_border_width__hover_enabled=&#8220;off&#8220; button_border_color__hover_enabled=&#8220;off&#8220; button_one_border_color__hover_enabled=&#8220;off&#8220; button_two_border_color__hover_enabled=&#8220;off&#8220; button_border_radius__hover_enabled=&#8220;off&#8220; button_one_border_radius__hover_enabled=&#8220;off&#8220; button_two_border_radius__hover_enabled=&#8220;off&#8220; button_letter_spacing__hover_enabled=&#8220;off&#8220; button_one_letter_spacing__hover_enabled=&#8220;off&#8220; button_two_letter_spacing__hover_enabled=&#8220;off&#8220; button_bg_color__hover_enabled=&#8220;off&#8220; button_one_bg_color__hover_enabled=&#8220;off&#8220; button_two_bg_color__hover_enabled=&#8220;off&#8220;][\/et_pb_contact_field][\/et_pb_contact_form][\/et_pb_column][et_pb_column type=&#8220;1_4&#8243; _builder_version=&#8220;4.16&#8243; animation_style=&#8220;slide&#8220; animation_direction=&#8220;right&#8220; global_colors_info=&#8220;{}&#8220;][et_pb_blurb title=&#8220;Adresse&#8220; use_icon=&#8220;on&#8220; font_icon=&#8220;&#xe081;||divi||400&#8243; icon_placement=&#8220;left&#8220; _builder_version=&#8220;4.17.4&#8243; header_level=&#8220;h3&#8243; header_font=&#8220;|600|||||||&#8220; locked=&#8220;off&#8220; global_colors_info=&#8220;{}&#8220;]<\/p>\n<p>Ca la Manela, Cam\u00ed de, 43820 Calafell, Tarragona.<\/p>\n<p>[\/et_pb_blurb][et_pb_blurb title=&#8220;Telefon&#8220; use_icon=&#8220;on&#8220; font_icon=&#8220;&#xe090;||divi||400&#8243; icon_placement=&#8220;left&#8220; _builder_version=&#8220;4.17.4&#8243; header_level=&#8220;h3&#8243; header_font=&#8220;|600|||||||&#8220; global_colors_info=&#8220;{}&#8220;]<\/p>\n<p><a href=\"tel:+34697543727\">697 543 727<\/a><\/p>\n<p>[\/et_pb_blurb][et_pb_social_media_follow _builder_version=&#8220;4.16&#8243; _module_preset=&#8220;default&#8220; custom_margin=&#8220;|||41px||&#8220; global_colors_info=&#8220;{}&#8220;][et_pb_social_media_follow_network social_network=&#8220;facebook&#8220; url=&#8220;http:\/\/facebook.com\/calafellslide&#8220; _builder_version=&#8220;4.16&#8243; _module_preset=&#8220;default&#8220; background_color=&#8220;#3b5998&#8243; global_colors_info=&#8220;{}&#8220; follow_button=&#8220;off&#8220; url_new_window=&#8220;on&#8220;]facebook[\/et_pb_social_media_follow_network][et_pb_social_media_follow_network social_network=&#8220;instagram&#8220; url=&#8220;http:\/\/instagram.com\/calafellslide&#8220; _builder_version=&#8220;4.16&#8243; _module_preset=&#8220;default&#8220; background_color=&#8220;#ea2c59&#8243; global_colors_info=&#8220;{}&#8220; follow_button=&#8220;off&#8220; url_new_window=&#8220;on&#8220;]instagram[\/et_pb_social_media_follow_network][\/et_pb_social_media_follow][et_pb_blurb title=&#8220;Correo&#8220; use_icon=&#8220;on&#8220; font_icon=&#8220;&#xe076;||divi||400&#8243; icon_placement=&#8220;left&#8220; _builder_version=&#8220;4.16&#8243; header_level=&#8220;h3&#8243; header_font=&#8220;|600|||||||&#8220; global_colors_info=&#8220;{}&#8220;]<\/p>\n<p><a href=\"mailto:finquesparis@finquesparis.com\">email@calafellslide.com<\/a><\/p>\n<p>[\/et_pb_blurb][\/et_pb_column][et_pb_column type=&#8220;1_4&#8243; _builder_version=&#8220;4.16&#8243; animation_style=&#8220;slide&#8220; animation_direction=&#8220;right&#8220; global_colors_info=&#8220;{}&#8220;][et_pb_text _builder_version=&#8220;4.16&#8243; _module_preset=&#8220;default&#8220; header_2_font=&#8220;|600|||||||&#8220; header_2_line_height=&#8220;1.2em&#8220; global_colors_info=&#8220;{}&#8220;]<\/p>\n<h2>Standort auf Google Maps<\/h2>\n<p><img decoding=\"async\" src=\"https:\/\/www.codigos-qr.com\/qr\/php\/qr_img.php?d=https%3A%2F%2Fwww.google.com%2Fmaps%2Fplace%2FCalafell%2BSlide%2F%4041.1988967%2C1.5748137%2C17z%2Fdata%3D%213m1%214b1%214m5%213m4%211s0x12a38b8d8299fe6f%3A0xfa96c435ba8d7279%218m2%213d41.1988927%214d1.5770024&#038;s=4&#038;e=m\" alt=\"QR Code generator\" \/>[\/et_pb_text][\/et_pb_column][\/et_pb_row][\/et_pb_section][et_pb_section fb_built=&#8220;1&#8243; fullwidth=&#8220;on&#8220; _builder_version=&#8220;4.16&#8243; top_divider_color=&#8220;#ffffff&#8220; top_divider_height=&#8220;50px&#8220; bottom_divider_style=&#8220;waves2&#8243; bottom_divider_color=&#8220;#222222&#8243; bottom_divider_height=&#8220;50px&#8220; global_colors_info=&#8220;{}&#8220;][et_pb_fullwidth_code _builder_version=&#8220;4.16&#8243; global_colors_info=&#8220;{}&#8220;]<iframe loading=\"lazy\" src=\"https:\/\/www.google.com\/maps\/embed?pb=!1m18!1m12!1m3!1d3002.0493930657167!2d1.5748137157125623!3d41.19889671562143!2m3!1f0!2f0!3f0!3m2!1i1024!2i768!4f13.1!3m3!1m2!1s0x12a38b8d8299fe6f%3A0xfa96c435ba8d7279!2sCalafell%20Slide!5e0!3m2!1ses!2ses!4v1574254207797!5m2!1ses!2ses\" width=\"100%\" height=\"450\" frameborder=\"0\" style=\"border:0;\" allowfullscreen=\"\"><\/iframe>[\/et_pb_fullwidth_code][\/et_pb_section]<\/p>\n<span class=\"et_bloom_bottom_trigger\"><\/span>","protected":false},"excerpt":{"rendered":"<p>Ca la Manela, Cam\u00ed de, 43820 Calafell, Tarragona.697 543 727email@calafellslide.comStandort auf Google Maps<\/p>\n","protected":false},"author":8,"featured_media":5685,"parent":0,"menu_order":10,"comment_status":"closed","ping_status":"closed","template":"","meta":{"_et_pb_use_builder":"on","_et_pb_old_content":"","_et_gb_content_width":"","footnotes":""},"class_list":["post-2267","page","type-page","status-publish","has-post-thumbnail","hentry"],"yoast_head":"<!-- This site is optimized with the Yoast SEO plugin v27.3 - https:\/\/yoast.com\/product\/yoast-seo-wordpress\/ -->\n<title>Kontakt | Calafell Slide<\/title>\n<meta name=\"description\" content=\"Diversi\u00f3n y acci\u00f3n para toda la familia.El tobog\u00e1n de trineos gigante, 700 metros de diversi\u00f3n y acci\u00f3n para toda la familia.\" \/>\n<meta name=\"robots\" content=\"index, follow, max-snippet:-1, max-image-preview:large, max-video-preview:-1\" \/>\n<link rel=\"canonical\" href=\"https:\/\/calafellslide.com\/de\/kontakt\/\" \/>\n<meta property=\"og:locale\" content=\"de_DE\" \/>\n<meta property=\"og:type\" content=\"article\" \/>\n<meta property=\"og:title\" content=\"Contacto | Calafell Slide\" \/>\n<meta property=\"og:description\" content=\"Diversi\u00f3n y acci\u00f3n para toda la familia.El tobog\u00e1n de trineos gigante, 700 metros de diversi\u00f3n y acci\u00f3n para toda la familia.\" \/>\n<meta property=\"og:url\" content=\"https:\/\/calafellslide.com\/de\/kontakt\/\" \/>\n<meta property=\"og:site_name\" content=\"Calafell Slide\" \/>\n<meta property=\"article:publisher\" content=\"https:\/\/www.facebook.com\/CalafellSlide\/\" \/>\n<meta property=\"article:modified_time\" content=\"2023-08-28T15:03:29+00:00\" \/>\n<meta property=\"og:image\" content=\"https:\/\/calafellslide.com\/wp-content\/uploads\/2019\/11\/Calafell-Slide.jpg\" \/>\n\t<meta property=\"og:image:width\" content=\"1280\" \/>\n\t<meta property=\"og:image:height\" content=\"720\" \/>\n\t<meta property=\"og:image:type\" content=\"image\/jpeg\" \/>\n<meta name=\"twitter:card\" content=\"summary_large_image\" \/>\n<meta name=\"twitter:title\" content=\"Contacto | Calafell Slide\" \/>\n<meta name=\"twitter:description\" content=\"Diversi\u00f3n y acci\u00f3n para toda la familia.El tobog\u00e1n de trineos gigante, 700 metros de diversi\u00f3n y acci\u00f3n para toda la familia.\" \/>\n<meta name=\"twitter:image\" content=\"https:\/\/calafellslide.com\/wp-content\/uploads\/2019\/11\/Calafell-Slide.jpg\" \/>\n<meta name=\"twitter:label1\" content=\"Gesch\u00e4tzte Lesezeit\" \/>\n\t<meta name=\"twitter:data1\" content=\"2\u00a0Minuten\" \/>\n<script type=\"application\/ld+json\" class=\"yoast-schema-graph\">{\"@context\":\"https:\\\/\\\/schema.org\",\"@graph\":[{\"@type\":\"WebPage\",\"@id\":\"https:\\\/\\\/calafellslide.com\\\/de\\\/kontakt\\\/\",\"url\":\"https:\\\/\\\/calafellslide.com\\\/de\\\/kontakt\\\/\",\"name\":\"Kontakt | Calafell Slide\",\"isPartOf\":{\"@id\":\"https:\\\/\\\/calafellslide.com\\\/de\\\/#website\"},\"primaryImageOfPage\":{\"@id\":\"https:\\\/\\\/calafellslide.com\\\/de\\\/kontakt\\\/#primaryimage\"},\"image\":{\"@id\":\"https:\\\/\\\/calafellslide.com\\\/de\\\/kontakt\\\/#primaryimage\"},\"thumbnailUrl\":\"https:\\\/\\\/calafellslide.com\\\/wp-content\\\/uploads\\\/2022\\\/01\\\/Isy2-scaled.jpg\",\"datePublished\":\"2019-11-12T18:24:06+00:00\",\"dateModified\":\"2023-08-28T15:03:29+00:00\",\"description\":\"Diversi\u00f3n y acci\u00f3n para toda la familia.El tobog\u00e1n de trineos gigante, 700 metros de diversi\u00f3n y acci\u00f3n para toda la familia.\",\"breadcrumb\":{\"@id\":\"https:\\\/\\\/calafellslide.com\\\/de\\\/kontakt\\\/#breadcrumb\"},\"inLanguage\":\"de\",\"potentialAction\":[{\"@type\":\"ReadAction\",\"target\":[\"https:\\\/\\\/calafellslide.com\\\/de\\\/kontakt\\\/\"]}]},{\"@type\":\"ImageObject\",\"inLanguage\":\"de\",\"@id\":\"https:\\\/\\\/calafellslide.com\\\/de\\\/kontakt\\\/#primaryimage\",\"url\":\"https:\\\/\\\/calafellslide.com\\\/wp-content\\\/uploads\\\/2022\\\/01\\\/Isy2-scaled.jpg\",\"contentUrl\":\"https:\\\/\\\/calafellslide.com\\\/wp-content\\\/uploads\\\/2022\\\/01\\\/Isy2-scaled.jpg\",\"width\":2560,\"height\":1707,\"caption\":\"Isy2\"},{\"@type\":\"BreadcrumbList\",\"@id\":\"https:\\\/\\\/calafellslide.com\\\/de\\\/kontakt\\\/#breadcrumb\",\"itemListElement\":[{\"@type\":\"ListItem\",\"position\":1,\"name\":\"HOME\",\"item\":\"https:\\\/\\\/calafellslide.com\\\/de\\\/\"},{\"@type\":\"ListItem\",\"position\":2,\"name\":\"Kontakt\"}]},{\"@type\":\"WebSite\",\"@id\":\"https:\\\/\\\/calafellslide.com\\\/de\\\/#website\",\"url\":\"https:\\\/\\\/calafellslide.com\\\/de\\\/\",\"name\":\"Calafell Slide\",\"description\":\"Parque de atracciones en Calafell (Tarragona)\",\"publisher\":{\"@id\":\"https:\\\/\\\/calafellslide.com\\\/de\\\/#organization\"},\"potentialAction\":[{\"@type\":\"SearchAction\",\"target\":{\"@type\":\"EntryPoint\",\"urlTemplate\":\"https:\\\/\\\/calafellslide.com\\\/de\\\/?s={search_term_string}\"},\"query-input\":{\"@type\":\"PropertyValueSpecification\",\"valueRequired\":true,\"valueName\":\"search_term_string\"}}],\"inLanguage\":\"de\"},{\"@type\":\"Organization\",\"@id\":\"https:\\\/\\\/calafellslide.com\\\/de\\\/#organization\",\"name\":\"Calafell Slide\",\"url\":\"https:\\\/\\\/calafellslide.com\\\/de\\\/\",\"logo\":{\"@type\":\"ImageObject\",\"inLanguage\":\"de\",\"@id\":\"https:\\\/\\\/calafellslide.com\\\/de\\\/#\\\/schema\\\/logo\\\/image\\\/\",\"url\":\"https:\\\/\\\/calafellslide.com\\\/wp-content\\\/uploads\\\/2022\\\/10\\\/logo-calafell-slide-200.jpg\",\"contentUrl\":\"https:\\\/\\\/calafellslide.com\\\/wp-content\\\/uploads\\\/2022\\\/10\\\/logo-calafell-slide-200.jpg\",\"width\":200,\"height\":200,\"caption\":\"Calafell Slide\"},\"image\":{\"@id\":\"https:\\\/\\\/calafellslide.com\\\/de\\\/#\\\/schema\\\/logo\\\/image\\\/\"},\"sameAs\":[\"https:\\\/\\\/www.facebook.com\\\/CalafellSlide\\\/\",\"https:\\\/\\\/www.instagram.com\\\/CalafellSlide\\\/\"]}]}<\/script>\n<!-- \/ Yoast SEO plugin. -->","yoast_head_json":{"title":"Kontakt | Calafell Slide","description":"Diversi\u00f3n y acci\u00f3n para toda la familia.El tobog\u00e1n de trineos gigante, 700 metros de diversi\u00f3n y acci\u00f3n para toda la familia.","robots":{"index":"index","follow":"follow","max-snippet":"max-snippet:-1","max-image-preview":"max-image-preview:large","max-video-preview":"max-video-preview:-1"},"canonical":"https:\/\/calafellslide.com\/de\/kontakt\/","og_locale":"de_DE","og_type":"article","og_title":"Contacto | Calafell Slide","og_description":"Diversi\u00f3n y acci\u00f3n para toda la familia.El tobog\u00e1n de trineos gigante, 700 metros de diversi\u00f3n y acci\u00f3n para toda la familia.","og_url":"https:\/\/calafellslide.com\/de\/kontakt\/","og_site_name":"Calafell Slide","article_publisher":"https:\/\/www.facebook.com\/CalafellSlide\/","article_modified_time":"2023-08-28T15:03:29+00:00","og_image":[{"width":1280,"height":720,"url":"https:\/\/calafellslide.com\/wp-content\/uploads\/2019\/11\/Calafell-Slide.jpg","type":"image\/jpeg"}],"twitter_card":"summary_large_image","twitter_title":"Contacto | Calafell Slide","twitter_description":"Diversi\u00f3n y acci\u00f3n para toda la familia.El tobog\u00e1n de trineos gigante, 700 metros de diversi\u00f3n y acci\u00f3n para toda la familia.","twitter_image":"https:\/\/calafellslide.com\/wp-content\/uploads\/2019\/11\/Calafell-Slide.jpg","twitter_misc":{"Gesch\u00e4tzte Lesezeit":"2\u00a0Minuten"},"schema":{"@context":"https:\/\/schema.org","@graph":[{"@type":"WebPage","@id":"https:\/\/calafellslide.com\/de\/kontakt\/","url":"https:\/\/calafellslide.com\/de\/kontakt\/","name":"Kontakt | Calafell Slide","isPartOf":{"@id":"https:\/\/calafellslide.com\/de\/#website"},"primaryImageOfPage":{"@id":"https:\/\/calafellslide.com\/de\/kontakt\/#primaryimage"},"image":{"@id":"https:\/\/calafellslide.com\/de\/kontakt\/#primaryimage"},"thumbnailUrl":"https:\/\/calafellslide.com\/wp-content\/uploads\/2022\/01\/Isy2-scaled.jpg","datePublished":"2019-11-12T18:24:06+00:00","dateModified":"2023-08-28T15:03:29+00:00","description":"Diversi\u00f3n y acci\u00f3n para toda la familia.El tobog\u00e1n de trineos gigante, 700 metros de diversi\u00f3n y acci\u00f3n para toda la familia.","breadcrumb":{"@id":"https:\/\/calafellslide.com\/de\/kontakt\/#breadcrumb"},"inLanguage":"de","potentialAction":[{"@type":"ReadAction","target":["https:\/\/calafellslide.com\/de\/kontakt\/"]}]},{"@type":"ImageObject","inLanguage":"de","@id":"https:\/\/calafellslide.com\/de\/kontakt\/#primaryimage","url":"https:\/\/calafellslide.com\/wp-content\/uploads\/2022\/01\/Isy2-scaled.jpg","contentUrl":"https:\/\/calafellslide.com\/wp-content\/uploads\/2022\/01\/Isy2-scaled.jpg","width":2560,"height":1707,"caption":"Isy2"},{"@type":"BreadcrumbList","@id":"https:\/\/calafellslide.com\/de\/kontakt\/#breadcrumb","itemListElement":[{"@type":"ListItem","position":1,"name":"HOME","item":"https:\/\/calafellslide.com\/de\/"},{"@type":"ListItem","position":2,"name":"Kontakt"}]},{"@type":"WebSite","@id":"https:\/\/calafellslide.com\/de\/#website","url":"https:\/\/calafellslide.com\/de\/","name":"Calafell Slide","description":"Parque de atracciones en Calafell (Tarragona)","publisher":{"@id":"https:\/\/calafellslide.com\/de\/#organization"},"potentialAction":[{"@type":"SearchAction","target":{"@type":"EntryPoint","urlTemplate":"https:\/\/calafellslide.com\/de\/?s={search_term_string}"},"query-input":{"@type":"PropertyValueSpecification","valueRequired":true,"valueName":"search_term_string"}}],"inLanguage":"de"},{"@type":"Organization","@id":"https:\/\/calafellslide.com\/de\/#organization","name":"Calafell Slide","url":"https:\/\/calafellslide.com\/de\/","logo":{"@type":"ImageObject","inLanguage":"de","@id":"https:\/\/calafellslide.com\/de\/#\/schema\/logo\/image\/","url":"https:\/\/calafellslide.com\/wp-content\/uploads\/2022\/10\/logo-calafell-slide-200.jpg","contentUrl":"https:\/\/calafellslide.com\/wp-content\/uploads\/2022\/10\/logo-calafell-slide-200.jpg","width":200,"height":200,"caption":"Calafell Slide"},"image":{"@id":"https:\/\/calafellslide.com\/de\/#\/schema\/logo\/image\/"},"sameAs":["https:\/\/www.facebook.com\/CalafellSlide\/","https:\/\/www.instagram.com\/CalafellSlide\/"]}]}},"_links":{"self":[{"href":"https:\/\/calafellslide.com\/de\/wp-json\/wp\/v2\/pages\/2267","targetHints":{"allow":["GET"]}}],"collection":[{"href":"https:\/\/calafellslide.com\/de\/wp-json\/wp\/v2\/pages"}],"about":[{"href":"https:\/\/calafellslide.com\/de\/wp-json\/wp\/v2\/types\/page"}],"author":[{"embeddable":true,"href":"https:\/\/calafellslide.com\/de\/wp-json\/wp\/v2\/users\/8"}],"replies":[{"embeddable":true,"href":"https:\/\/calafellslide.com\/de\/wp-json\/wp\/v2\/comments?post=2267"}],"version-history":[{"count":15,"href":"https:\/\/calafellslide.com\/de\/wp-json\/wp\/v2\/pages\/2267\/revisions"}],"predecessor-version":[{"id":7369,"href":"https:\/\/calafellslide.com\/de\/wp-json\/wp\/v2\/pages\/2267\/revisions\/7369"}],"wp:featuredmedia":[{"embeddable":true,"href":"https:\/\/calafellslide.com\/de\/wp-json\/wp\/v2\/media\/5685"}],"wp:attachment":[{"href":"https:\/\/calafellslide.com\/de\/wp-json\/wp\/v2\/media?parent=2267"}],"curies":[{"name":"wp","href":"https:\/\/api.w.org\/{rel}","templated":true}]}}