{"id":2287,"date":"2019-11-12T18:41:28","date_gmt":"2019-11-12T18:41:28","guid":{"rendered":"https:\/\/calafellslide.jurogaproyectosdigitales.com\/galeria\/"},"modified":"2022-06-15T11:35:24","modified_gmt":"2022-06-15T11:35:24","slug":"bilder-und-videos","status":"publish","type":"page","link":"https:\/\/calafellslide.com\/de\/bilder-und-videos\/","title":{"rendered":"Bilder und Videos"},"content":{"rendered":"<p>[et_pb_section fb_built=&#8220;1&#8243; next_background_color=&#8220;#ffffff&#8220; _builder_version=&#8220;4.16&#8243; background_color=&#8220;rgba(0,0,0,0.5)&#8220; background_image=&#8220;https:\/\/calafellslide.com\/wp-content\/uploads\/2019\/11\/gallery2.png&#8220; background_blend=&#8220;multiply&#8220; custom_padding=&#8220;75px||100px||false|false&#8220; bottom_divider_style=&#8220;waves2&#8243; bottom_divider_height=&#8220;50px&#8220; animation_style=&#8220;fade&#8220; locked=&#8220;off&#8220; global_colors_info=&#8220;{}&#8220;][et_pb_row _builder_version=&#8220;4.16&#8243; global_colors_info=&#8220;{}&#8220;][et_pb_column type=&#8220;4_4&#8243; _builder_version=&#8220;4.16&#8243; global_colors_info=&#8220;{}&#8220;][et_pb_post_title meta=&#8220;off&#8220; featured_image=&#8220;off&#8220; text_color=&#8220;light&#8220; _builder_version=&#8220;4.16&#8243; title_font=&#8220;Fredoka One||||||||&#8220; title_text_align=&#8220;center&#8220; title_font_size=&#8220;60px&#8220; custom_margin=&#8220;||0px||false|false&#8220; animation_style=&#8220;zoom&#8220; animation_direction=&#8220;left&#8220; animation_intensity_zoom=&#8220;5%&#8220; global_colors_info=&#8220;{}&#8220;][\/et_pb_post_title][\/et_pb_column][\/et_pb_row][\/et_pb_section][et_pb_section fb_built=&#8220;1&#8243; _builder_version=&#8220;4.16&#8243; custom_padding=&#8220;||100px||false|false&#8220; bottom_divider_color=&#8220;#222222&#8243; bottom_divider_height=&#8220;50px&#8220; global_colors_info=&#8220;{}&#8220;][et_pb_row use_custom_gutter=&#8220;on&#8220; gutter_width=&#8220;2&#8243; make_equal=&#8220;on&#8220; _builder_version=&#8220;4.16&#8243; global_colors_info=&#8220;{}&#8220;][et_pb_column type=&#8220;4_4&#8243; _builder_version=&#8220;4.16&#8243; global_colors_info=&#8220;{}&#8220;][et_pb_text _builder_version=&#8220;4.16&#8243; text_font=&#8220;||||||||&#8220; header_font=&#8220;||||||||&#8220; header_2_font=&#8220;Fredoka One||||||||&#8220; header_2_font_size=&#8220;60px&#8220; header_2_line_height=&#8220;1.2em&#8220; text_orientation=&#8220;center&#8220; animation_style=&#8220;fold&#8220; scroll_horizontal_motion=&#8220;0|50|50|100|100|0|0&#8243; header_2_font_size_tablet=&#8220;50px&#8220; header_2_font_size_phone=&#8220;30px&#8220; header_2_font_size_last_edited=&#8220;on|phone&#8220; locked=&#8220;off&#8220; global_colors_info=&#8220;{}&#8220;]<\/p>\n<h2>Fotos<\/h2>\n<p>[\/et_pb_text][et_pb_button button_url=&#8220;https:\/\/www.instagram.com\/CalafellSlide\/&#8220; button_text=&#8220;Instagram&#8220; button_alignment=&#8220;center&#8220; module_class=&#8220;popup-video&#8220; _builder_version=&#8220;4.16&#8243; custom_button=&#8220;on&#8220; button_text_size=&#8220;16px&#8220; button_text_color=&#8220;#ffffff&#8220; button_bg_color=&#8220;#ff7f59&#8243; button_border_width=&#8220;12px&#8220; button_border_color=&#8220;rgba(0,0,0,0)&#8220; button_border_radius=&#8220;50px&#8220; button_letter_spacing=&#8220;4px&#8220; button_font=&#8220;Fredoka One|900||on|||||&#8220; button_icon=&#8220;&#xe09a;||divi||400&#8243; button_icon_placement=&#8220;left&#8220; button_on_hover=&#8220;off&#8220; custom_margin=&#8220;||50px||false|false&#8220; animation_style=&#8220;bounce&#8220; box_shadow_style=&#8220;preset3&#8243; box_shadow_vertical=&#8220;22px&#8220; box_shadow_blur=&#8220;64px&#8220; box_shadow_spread=&#8220;-18px&#8220; box_shadow_color=&#8220;rgba(92,42,131,0.45)&#8220; locked=&#8220;off&#8220; global_colors_info=&#8220;{}&#8220; button_text_size__hover_enabled=&#8220;off&#8220; button_one_text_size__hover_enabled=&#8220;off&#8220; button_two_text_size__hover_enabled=&#8220;off&#8220; button_text_color__hover_enabled=&#8220;off&#8220; button_one_text_color__hover_enabled=&#8220;off&#8220; button_two_text_color__hover_enabled=&#8220;off&#8220; button_border_width__hover_enabled=&#8220;off&#8220; button_one_border_width__hover_enabled=&#8220;off&#8220; button_two_border_width__hover_enabled=&#8220;off&#8220; button_border_color__hover_enabled=&#8220;off&#8220; button_one_border_color__hover_enabled=&#8220;off&#8220; button_two_border_color__hover_enabled=&#8220;off&#8220; button_border_radius__hover_enabled=&#8220;off&#8220; button_one_border_radius__hover_enabled=&#8220;off&#8220; button_two_border_radius__hover_enabled=&#8220;off&#8220; button_letter_spacing__hover_enabled=&#8220;off&#8220; button_one_letter_spacing__hover_enabled=&#8220;off&#8220; button_two_letter_spacing__hover_enabled=&#8220;off&#8220; button_bg_color__hover_enabled=&#8220;off&#8220; button_one_bg_color__hover_enabled=&#8220;off&#8220; button_two_bg_color__hover_enabled=&#8220;off&#8220;]<br \/>\n[\/et_pb_button][et_pb_gallery gallery_ids=&#8220;5972,2446,2258,2404,2298,2444,5978,2228,2449,2353,2369,6235,5685,5784,5790,5796,5802&#8243; posts_number=&#8220;16&#8243; show_title_and_caption=&#8220;off&#8220; _builder_version=&#8220;4.17.4&#8243; hover_enabled=&#8220;0&#8243; border_radii_image=&#8220;on|5px|5px|5px|5px&#8220; border_width_all_image=&#8220;1px&#8220; border_color_all_image=&#8220;#999999&#8243; global_colors_info=&#8220;{}&#8220; sticky_enabled=&#8220;0&#8243;][\/et_pb_gallery][et_pb_text _builder_version=&#8220;4.17.4&#8243; text_font=&#8220;||||||||&#8220; header_font=&#8220;||||||||&#8220; header_2_font=&#8220;Fredoka One||||||||&#8220; header_2_font_size=&#8220;60px&#8220; header_2_line_height=&#8220;1.2em&#8220; text_orientation=&#8220;center&#8220; animation_style=&#8220;fold&#8220; scroll_horizontal_motion=&#8220;0|50|50|100|100|0|0&#8243; header_2_font_size_tablet=&#8220;50px&#8220; header_2_font_size_phone=&#8220;30px&#8220; header_2_font_size_last_edited=&#8220;on|phone&#8220; locked=&#8220;off&#8220; global_colors_info=&#8220;{}&#8220;]<\/p>\n<h2>Videos<\/h2>\n<p>[\/et_pb_text][et_pb_button button_url=&#8220;https:\/\/calafellslide.com\/de\/tickets\/&#8220; button_text=&#8220;Tickets&#8220; button_alignment=&#8220;center&#8220; module_class=&#8220;popup-video&#8220; _builder_version=&#8220;4.17.4&#8243; custom_button=&#8220;on&#8220; button_text_size=&#8220;16px&#8220; button_text_color=&#8220;#ffffff&#8220; button_bg_color=&#8220;#ff7f59&#8243; button_border_width=&#8220;12px&#8220; button_border_color=&#8220;rgba(0,0,0,0)&#8220; button_border_radius=&#8220;50px&#8220; button_letter_spacing=&#8220;4px&#8220; button_font=&#8220;Fredoka One|900||on|||||&#8220; button_icon=&#8220;&#x24;||divi||400&#8243; animation_style=&#8220;bounce&#8220; box_shadow_style=&#8220;preset3&#8243; box_shadow_vertical=&#8220;22px&#8220; box_shadow_blur=&#8220;64px&#8220; box_shadow_spread=&#8220;-18px&#8220; box_shadow_color=&#8220;rgba(92,42,131,0.45)&#8220; locked=&#8220;off&#8220; global_colors_info=&#8220;{}&#8220; button_text_size__hover_enabled=&#8220;off&#8220; button_one_text_size__hover_enabled=&#8220;off&#8220; button_two_text_size__hover_enabled=&#8220;off&#8220; button_text_color__hover_enabled=&#8220;off&#8220; button_one_text_color__hover_enabled=&#8220;off&#8220; button_two_text_color__hover_enabled=&#8220;off&#8220; button_border_width__hover_enabled=&#8220;off&#8220; button_one_border_width__hover_enabled=&#8220;off&#8220; button_two_border_width__hover_enabled=&#8220;off&#8220; button_border_color__hover_enabled=&#8220;off&#8220; button_one_border_color__hover_enabled=&#8220;off&#8220; button_two_border_color__hover_enabled=&#8220;off&#8220; button_border_radius__hover_enabled=&#8220;off&#8220; button_one_border_radius__hover_enabled=&#8220;off&#8220; button_two_border_radius__hover_enabled=&#8220;off&#8220; button_letter_spacing__hover_enabled=&#8220;off&#8220; button_one_letter_spacing__hover_enabled=&#8220;off&#8220; button_two_letter_spacing__hover_enabled=&#8220;off&#8220; button_bg_color__hover_enabled=&#8220;off&#8220; button_one_bg_color__hover_enabled=&#8220;off&#8220; button_two_bg_color__hover_enabled=&#8220;off&#8220;]<br \/>\n[\/et_pb_button][\/et_pb_column][\/et_pb_row][et_pb_row column_structure=&#8220;1_2,1_2&#8243; use_custom_gutter=&#8220;on&#8220; gutter_width=&#8220;2&#8243; _builder_version=&#8220;4.16&#8243; global_colors_info=&#8220;{}&#8220;][et_pb_column type=&#8220;1_2&#8243; _builder_version=&#8220;4.16&#8243; global_colors_info=&#8220;{}&#8220;][et_pb_video src=&#8220;https:\/\/www.youtube.com\/watch?v=REYjHw2z9u4&#8243; _builder_version=&#8220;4.16&#8243; border_radii=&#8220;on|5px|5px|5px|5px&#8220; global_colors_info=&#8220;{}&#8220;][\/et_pb_video][\/et_pb_column][et_pb_column type=&#8220;1_2&#8243; _builder_version=&#8220;4.16&#8243; global_colors_info=&#8220;{}&#8220;][et_pb_video src=&#8220;https:\/\/www.youtube.com\/watch?v=D_gwhxmtXL0&#8243; _builder_version=&#8220;4.16&#8243; border_radii=&#8220;on|5px|5px|5px|5px&#8220; global_colors_info=&#8220;{}&#8220;][\/et_pb_video][\/et_pb_column][\/et_pb_row][et_pb_row column_structure=&#8220;1_2,1_2&#8243; use_custom_gutter=&#8220;on&#8220; gutter_width=&#8220;2&#8243; _builder_version=&#8220;4.16&#8243; global_colors_info=&#8220;{}&#8220;][et_pb_column type=&#8220;1_2&#8243; _builder_version=&#8220;4.16&#8243; global_colors_info=&#8220;{}&#8220;][et_pb_video src=&#8220;https:\/\/www.youtube.com\/watch?v=MAyO4zOmi78&#8243; _builder_version=&#8220;4.16&#8243; border_radii=&#8220;on|5px|5px|5px|5px&#8220; global_colors_info=&#8220;{}&#8220;][\/et_pb_video][\/et_pb_column][et_pb_column type=&#8220;1_2&#8243; _builder_version=&#8220;4.16&#8243; global_colors_info=&#8220;{}&#8220;][et_pb_video src=&#8220;https:\/\/www.youtube.com\/watch?v=rlEXlUT6a0U&#8220; _builder_version=&#8220;4.16&#8243; border_radii=&#8220;on|5px|5px|5px|5px&#8220; global_colors_info=&#8220;{}&#8220;][\/et_pb_video][\/et_pb_column][\/et_pb_row][\/et_pb_section][et_pb_section fb_built=&#8220;1&#8243; prev_background_color=&#8220;#ffffff&#8220; _builder_version=&#8220;4.16&#8243; _module_preset=&#8220;default&#8220; background_color=&#8220;#f3f3f3&#8243; custom_padding=&#8220;100px||125px||false|false&#8220; top_divider_style=&#8220;waves2&#8243; top_divider_height=&#8220;50px&#8220; bottom_divider_style=&#8220;waves2&#8243; bottom_divider_color=&#8220;#262626&#8243; bottom_divider_height=&#8220;50px&#8220; locked=&#8220;off&#8220; global_colors_info=&#8220;{}&#8220;][et_pb_row _builder_version=&#8220;4.16&#8243; _module_preset=&#8220;default&#8220; global_colors_info=&#8220;{}&#8220;][et_pb_column type=&#8220;4_4&#8243; _builder_version=&#8220;4.16&#8243; _module_preset=&#8220;default&#8220; global_colors_info=&#8220;{}&#8220;][et_pb_text _builder_version=&#8220;4.17.4&#8243; text_font=&#8220;|600|||||||&#8220; text_font_size=&#8220;20px&#8220; header_2_font=&#8220;|700|||||||&#8220; header_2_text_align=&#8220;center&#8220; header_2_font_size=&#8220;40px&#8220; text_orientation=&#8220;center&#8220; global_colors_info=&#8220;{}&#8220;]<\/p>\n<h2>FAQS<\/h2>\n<p>H\u00e4ufig gestellte Fragen<\/p>\n<p>[\/et_pb_text][\/et_pb_column][\/et_pb_row][et_pb_row column_structure=&#8220;3_5,2_5&#8243; _builder_version=&#8220;4.16&#8243; locked=&#8220;off&#8220; global_colors_info=&#8220;{}&#8220;][et_pb_column type=&#8220;3_5&#8243; _builder_version=&#8220;4.16&#8243; global_colors_info=&#8220;{}&#8220;][et_pb_accordion _builder_version=&#8220;4.17.4&#8243; toggle_font=&#8220;|600|||||||&#8220; toggle_font_size=&#8220;20px&#8220; toggle_line_height=&#8220;1.1em&#8220; global_colors_info=&#8220;{}&#8220;][et_pb_accordion_item title=&#8220;Wie kann ich bezahlen?&#8220; open=&#8220;on&#8220; _builder_version=&#8220;4.17.4&#8243; global_colors_info=&#8220;{}&#8220;]<\/p>\n<p class=\"P68B1DB1-BodyText1\" style=\"margin-bottom: 0cm; line-height: 136%;\"><span lang=\"DE\">Sie k\u00f6nnen bar oder mit Karte bezahlen<o:p><\/o:p><\/span><\/p>\n<p>[\/et_pb_accordion_item][et_pb_accordion_item title=&#8220;Mu\u00df man im voraus reservieren?&#8220; _builder_version=&#8220;4.17.4&#8243; global_colors_info=&#8220;{}&#8220; open=&#8220;off&#8220;]<\/p>\n<p class=\"P68B1DB1-BodyText1\" style=\"margin-bottom: 0cm; line-height: 136%;\"><span lang=\"DE\">Nein &#8211; F\u00fcr die Nutzung der Rodelbahn ist keine vorherige Reservierung erforderlich<o:p><\/o:p><\/span><\/p>\n<ul><\/ul>\n<p>[\/et_pb_accordion_item][et_pb_accordion_item title=&#8220;K\u00f6nnen Haustiere in den Park mitgenommen werden?&#8220; _builder_version=&#8220;4.17.4&#8243; global_colors_info=&#8220;{}&#8220; open=&#8220;off&#8220;]<\/p>\n<p class=\"P68B1DB1-BodyText1\" style=\"margin-bottom: 0cm; line-height: 136%;\"><span lang=\"DE\">Hunde d\u00fcrfen den Park betreten, solange sie an der Leine sind und von ihren Besitzern begleitet werden.<o:p><\/o:p><\/span><\/p>\n<p>[\/et_pb_accordion_item][et_pb_accordion_item title=&#8220;Ab welchem Alter k\u00f6nnen Kinder fahren?&#8220; _builder_version=&#8220;4.17.4&#8243; global_colors_info=&#8220;{}&#8220; open=&#8220;off&#8220;]<\/p>\n<p class=\"P68B1DB1-BodyText1\" style=\"margin-bottom: 0cm; line-height: 136%;\"><span lang=\"DE\">Das Mindestalter betr\u00e4gt 3 Jahre. Kinder Zwischen 3 und 7 Jahren m\u00fcssen von einer Person \u00fcber 16 Jahren begleitet werden. Ab 8 Jahren k\u00f6nnen Kinder alleine fahren.<o:p><\/o:p><\/span><\/p>\n<p>[\/et_pb_accordion_item][et_pb_accordion_item title=&#8220;Darf man im Park picknicken?&#8220; _builder_version=&#8220;4.17.4&#8243; global_colors_info=&#8220;{}&#8220; open=&#8220;off&#8220;]<\/p>\n<p class=\"P68B1DB1-BodyText1\" style=\"margin-bottom: 0cm; line-height: 136%;\"><span lang=\"DE\">Ja, Essen kann mitgebracht werden. Alle Getr\u00e4nke m\u00fcssen an unserer Bar gekauft werden.<o:p><\/o:p><\/span><\/p>\n<p>[\/et_pb_accordion_item][et_pb_accordion_item title=&#8220;Wo sind wir?&#8220; _builder_version=&#8220;4.17.4&#8243; _module_preset=&#8220;default&#8220; global_colors_info=&#8220;{}&#8220; open=&#8220;off&#8220;]<\/p>\n<p>Es gibt keine \u00f6ffentlichen Verkehrsmittel.<\/p>\n<p><span>Vom Bahnhof Calafell sind es 25 Minuten zu Fu\u00df.<\/span><\/p>\n<p><span>Das Parken ist kostenlos.<\/span><\/p>\n<p>[\/et_pb_accordion_item][\/et_pb_accordion][\/et_pb_column][et_pb_column type=&#8220;2_5&#8243; _builder_version=&#8220;4.16&#8243; global_colors_info=&#8220;{}&#8220;][et_pb_text _builder_version=&#8220;4.17.4&#8243; _module_preset=&#8220;default&#8220; global_colors_info=&#8220;{}&#8220;]<\/p>\n<h2><strong>Tips voor je bezoek<\/strong><\/h2>\n<ul>\n<li>Goed schoeisel (slippers en hakken NEE)<\/li>\n<li>Passende kleding (geen zwemkleding en lange rokken)<\/li>\n<li>Lees de sectie \u201c<a href=\"https:\/\/calafellslide.com\/de\/wie-man-es-benutzt\/\">Hoe te gebruiken<\/a>\u201c<\/li>\n<\/ul>\n<p>[\/et_pb_text][\/et_pb_column][\/et_pb_row][\/et_pb_section]<\/p>\n<span class=\"et_bloom_bottom_trigger\"><\/span>","protected":false},"excerpt":{"rendered":"<p>Fotos Videos FAQS H\u00e4ufig gestellte FragenSie k\u00f6nnen bar oder mit Karte bezahlenNein &#8211; F\u00fcr die Nutzung der Rodelbahn ist keine vorherige Reservierung erforderlich Hunde d\u00fcrfen den Park betreten, solange sie an der Leine sind und von ihren Besitzern begleitet werden.Das Mindestalter betr\u00e4gt 3 Jahre. Kinder Zwischen 3 und 7 Jahren m\u00fcssen von einer Person \u00fcber [&hellip;]<\/p>\n","protected":false},"author":8,"featured_media":5865,"parent":0,"menu_order":9,"comment_status":"closed","ping_status":"closed","template":"","meta":{"_et_pb_use_builder":"on","_et_pb_old_content":"<!-- wp:divi\/placeholder \/-->","_et_gb_content_width":"","footnotes":""},"class_list":["post-2287","page","type-page","status-publish","has-post-thumbnail","hentry"],"yoast_head":"<!-- This site is optimized with the Yoast SEO plugin v27.3 - https:\/\/yoast.com\/product\/yoast-seo-wordpress\/ -->\n<title>Bilder und Videos | Calafell Slide<\/title>\n<meta name=\"description\" content=\"En Calafell Slide tenemos una terraza con bonitas vistas y un bar donde se sirven bebidas fr\u00edas y tapas. Es el lugar ideal para pasar un buen rato juntos en familia, con amigos y en grupo.\" \/>\n<meta name=\"robots\" content=\"index, follow, max-snippet:-1, max-image-preview:large, max-video-preview:-1\" \/>\n<link rel=\"canonical\" href=\"https:\/\/calafellslide.com\/de\/bilder-und-videos\/\" \/>\n<meta property=\"og:locale\" content=\"de_DE\" \/>\n<meta property=\"og:type\" content=\"article\" \/>\n<meta property=\"og:title\" content=\"Galer\u00eda | Calafell Slide\" \/>\n<meta property=\"og:description\" content=\"En Calafell Slide tenemos una terraza con bonitas vistas y un bar donde se sirven bebidas fr\u00edas y tapas. Es el lugar ideal para pasar un buen rato juntos en familia, con amigos y en grupo.\" \/>\n<meta property=\"og:url\" content=\"https:\/\/calafellslide.com\/de\/bilder-und-videos\/\" \/>\n<meta property=\"og:site_name\" content=\"Calafell Slide\" \/>\n<meta property=\"article:publisher\" content=\"https:\/\/www.facebook.com\/CalafellSlide\/\" \/>\n<meta property=\"article:modified_time\" content=\"2022-06-15T11:35:24+00:00\" \/>\n<meta property=\"og:image\" content=\"https:\/\/calafellslide.com\/wp-content\/uploads\/2019\/11\/Actividades-ni\u00f1os-Calafell-Slide-600x400-1280x720.jpg\" \/>\n\t<meta property=\"og:image:width\" content=\"1280\" \/>\n\t<meta property=\"og:image:height\" content=\"720\" \/>\n\t<meta property=\"og:image:type\" content=\"image\/jpeg\" \/>\n<meta name=\"twitter:card\" content=\"summary_large_image\" \/>\n<meta name=\"twitter:title\" content=\"Galer\u00eda | Calafell Slide\" \/>\n<meta name=\"twitter:description\" content=\"En Calafell Slide tenemos una terraza con bonitas vistas y un bar donde se sirven bebidas fr\u00edas y tapas. Es el lugar ideal para pasar un buen rato juntos en familia, con amigos y en grupo.\" \/>\n<meta name=\"twitter:image\" content=\"https:\/\/calafellslide.com\/wp-content\/uploads\/2019\/11\/Actividades-ni\u00f1os-Calafell-Slide-600x400-1280x720.jpg\" \/>\n<meta name=\"twitter:label1\" content=\"Gesch\u00e4tzte Lesezeit\" \/>\n\t<meta name=\"twitter:data1\" content=\"7\u00a0Minuten\" \/>\n<script type=\"application\/ld+json\" class=\"yoast-schema-graph\">{\"@context\":\"https:\\\/\\\/schema.org\",\"@graph\":[{\"@type\":\"WebPage\",\"@id\":\"https:\\\/\\\/calafellslide.com\\\/de\\\/bilder-und-videos\\\/\",\"url\":\"https:\\\/\\\/calafellslide.com\\\/de\\\/bilder-und-videos\\\/\",\"name\":\"Bilder und Videos | Calafell Slide\",\"isPartOf\":{\"@id\":\"https:\\\/\\\/calafellslide.com\\\/de\\\/#website\"},\"primaryImageOfPage\":{\"@id\":\"https:\\\/\\\/calafellslide.com\\\/de\\\/bilder-und-videos\\\/#primaryimage\"},\"image\":{\"@id\":\"https:\\\/\\\/calafellslide.com\\\/de\\\/bilder-und-videos\\\/#primaryimage\"},\"thumbnailUrl\":\"https:\\\/\\\/calafellslide.com\\\/wp-content\\\/uploads\\\/2022\\\/02\\\/cumple-calafell-5.png\",\"datePublished\":\"2019-11-12T18:41:28+00:00\",\"dateModified\":\"2022-06-15T11:35:24+00:00\",\"description\":\"En Calafell Slide tenemos una terraza con bonitas vistas y un bar donde se sirven bebidas fr\u00edas y tapas. Es el lugar ideal para pasar un buen rato juntos en familia, con amigos y en grupo.\",\"breadcrumb\":{\"@id\":\"https:\\\/\\\/calafellslide.com\\\/de\\\/bilder-und-videos\\\/#breadcrumb\"},\"inLanguage\":\"de\",\"potentialAction\":[{\"@type\":\"ReadAction\",\"target\":[\"https:\\\/\\\/calafellslide.com\\\/de\\\/bilder-und-videos\\\/\"]}]},{\"@type\":\"ImageObject\",\"inLanguage\":\"de\",\"@id\":\"https:\\\/\\\/calafellslide.com\\\/de\\\/bilder-und-videos\\\/#primaryimage\",\"url\":\"https:\\\/\\\/calafellslide.com\\\/wp-content\\\/uploads\\\/2022\\\/02\\\/cumple-calafell-5.png\",\"contentUrl\":\"https:\\\/\\\/calafellslide.com\\\/wp-content\\\/uploads\\\/2022\\\/02\\\/cumple-calafell-5.png\",\"width\":720,\"height\":540,\"caption\":\"Photo Calafell Slide\"},{\"@type\":\"BreadcrumbList\",\"@id\":\"https:\\\/\\\/calafellslide.com\\\/de\\\/bilder-und-videos\\\/#breadcrumb\",\"itemListElement\":[{\"@type\":\"ListItem\",\"position\":1,\"name\":\"HOME\",\"item\":\"https:\\\/\\\/calafellslide.com\\\/de\\\/\"},{\"@type\":\"ListItem\",\"position\":2,\"name\":\"Bilder und Videos\"}]},{\"@type\":\"WebSite\",\"@id\":\"https:\\\/\\\/calafellslide.com\\\/de\\\/#website\",\"url\":\"https:\\\/\\\/calafellslide.com\\\/de\\\/\",\"name\":\"Calafell Slide\",\"description\":\"Parque de atracciones en Calafell (Tarragona)\",\"publisher\":{\"@id\":\"https:\\\/\\\/calafellslide.com\\\/de\\\/#organization\"},\"potentialAction\":[{\"@type\":\"SearchAction\",\"target\":{\"@type\":\"EntryPoint\",\"urlTemplate\":\"https:\\\/\\\/calafellslide.com\\\/de\\\/?s={search_term_string}\"},\"query-input\":{\"@type\":\"PropertyValueSpecification\",\"valueRequired\":true,\"valueName\":\"search_term_string\"}}],\"inLanguage\":\"de\"},{\"@type\":\"Organization\",\"@id\":\"https:\\\/\\\/calafellslide.com\\\/de\\\/#organization\",\"name\":\"Calafell Slide\",\"url\":\"https:\\\/\\\/calafellslide.com\\\/de\\\/\",\"logo\":{\"@type\":\"ImageObject\",\"inLanguage\":\"de\",\"@id\":\"https:\\\/\\\/calafellslide.com\\\/de\\\/#\\\/schema\\\/logo\\\/image\\\/\",\"url\":\"https:\\\/\\\/calafellslide.com\\\/wp-content\\\/uploads\\\/2022\\\/10\\\/logo-calafell-slide-200.jpg\",\"contentUrl\":\"https:\\\/\\\/calafellslide.com\\\/wp-content\\\/uploads\\\/2022\\\/10\\\/logo-calafell-slide-200.jpg\",\"width\":200,\"height\":200,\"caption\":\"Calafell Slide\"},\"image\":{\"@id\":\"https:\\\/\\\/calafellslide.com\\\/de\\\/#\\\/schema\\\/logo\\\/image\\\/\"},\"sameAs\":[\"https:\\\/\\\/www.facebook.com\\\/CalafellSlide\\\/\",\"https:\\\/\\\/www.instagram.com\\\/CalafellSlide\\\/\"]}]}<\/script>\n<!-- \/ Yoast SEO plugin. -->","yoast_head_json":{"title":"Bilder und Videos | Calafell Slide","description":"En Calafell Slide tenemos una terraza con bonitas vistas y un bar donde se sirven bebidas fr\u00edas y tapas. Es el lugar ideal para pasar un buen rato juntos en familia, con amigos y en grupo.","robots":{"index":"index","follow":"follow","max-snippet":"max-snippet:-1","max-image-preview":"max-image-preview:large","max-video-preview":"max-video-preview:-1"},"canonical":"https:\/\/calafellslide.com\/de\/bilder-und-videos\/","og_locale":"de_DE","og_type":"article","og_title":"Galer\u00eda | Calafell Slide","og_description":"En Calafell Slide tenemos una terraza con bonitas vistas y un bar donde se sirven bebidas fr\u00edas y tapas. Es el lugar ideal para pasar un buen rato juntos en familia, con amigos y en grupo.","og_url":"https:\/\/calafellslide.com\/de\/bilder-und-videos\/","og_site_name":"Calafell Slide","article_publisher":"https:\/\/www.facebook.com\/CalafellSlide\/","article_modified_time":"2022-06-15T11:35:24+00:00","og_image":[{"width":1280,"height":720,"url":"https:\/\/calafellslide.com\/wp-content\/uploads\/2019\/11\/Actividades-ni\u00f1os-Calafell-Slide-600x400-1280x720.jpg","type":"image\/jpeg"}],"twitter_card":"summary_large_image","twitter_title":"Galer\u00eda | Calafell Slide","twitter_description":"En Calafell Slide tenemos una terraza con bonitas vistas y un bar donde se sirven bebidas fr\u00edas y tapas. Es el lugar ideal para pasar un buen rato juntos en familia, con amigos y en grupo.","twitter_image":"https:\/\/calafellslide.com\/wp-content\/uploads\/2019\/11\/Actividades-ni\u00f1os-Calafell-Slide-600x400-1280x720.jpg","twitter_misc":{"Gesch\u00e4tzte Lesezeit":"7\u00a0Minuten"},"schema":{"@context":"https:\/\/schema.org","@graph":[{"@type":"WebPage","@id":"https:\/\/calafellslide.com\/de\/bilder-und-videos\/","url":"https:\/\/calafellslide.com\/de\/bilder-und-videos\/","name":"Bilder und Videos | Calafell Slide","isPartOf":{"@id":"https:\/\/calafellslide.com\/de\/#website"},"primaryImageOfPage":{"@id":"https:\/\/calafellslide.com\/de\/bilder-und-videos\/#primaryimage"},"image":{"@id":"https:\/\/calafellslide.com\/de\/bilder-und-videos\/#primaryimage"},"thumbnailUrl":"https:\/\/calafellslide.com\/wp-content\/uploads\/2022\/02\/cumple-calafell-5.png","datePublished":"2019-11-12T18:41:28+00:00","dateModified":"2022-06-15T11:35:24+00:00","description":"En Calafell Slide tenemos una terraza con bonitas vistas y un bar donde se sirven bebidas fr\u00edas y tapas. Es el lugar ideal para pasar un buen rato juntos en familia, con amigos y en grupo.","breadcrumb":{"@id":"https:\/\/calafellslide.com\/de\/bilder-und-videos\/#breadcrumb"},"inLanguage":"de","potentialAction":[{"@type":"ReadAction","target":["https:\/\/calafellslide.com\/de\/bilder-und-videos\/"]}]},{"@type":"ImageObject","inLanguage":"de","@id":"https:\/\/calafellslide.com\/de\/bilder-und-videos\/#primaryimage","url":"https:\/\/calafellslide.com\/wp-content\/uploads\/2022\/02\/cumple-calafell-5.png","contentUrl":"https:\/\/calafellslide.com\/wp-content\/uploads\/2022\/02\/cumple-calafell-5.png","width":720,"height":540,"caption":"Photo Calafell Slide"},{"@type":"BreadcrumbList","@id":"https:\/\/calafellslide.com\/de\/bilder-und-videos\/#breadcrumb","itemListElement":[{"@type":"ListItem","position":1,"name":"HOME","item":"https:\/\/calafellslide.com\/de\/"},{"@type":"ListItem","position":2,"name":"Bilder und Videos"}]},{"@type":"WebSite","@id":"https:\/\/calafellslide.com\/de\/#website","url":"https:\/\/calafellslide.com\/de\/","name":"Calafell Slide","description":"Parque de atracciones en Calafell (Tarragona)","publisher":{"@id":"https:\/\/calafellslide.com\/de\/#organization"},"potentialAction":[{"@type":"SearchAction","target":{"@type":"EntryPoint","urlTemplate":"https:\/\/calafellslide.com\/de\/?s={search_term_string}"},"query-input":{"@type":"PropertyValueSpecification","valueRequired":true,"valueName":"search_term_string"}}],"inLanguage":"de"},{"@type":"Organization","@id":"https:\/\/calafellslide.com\/de\/#organization","name":"Calafell Slide","url":"https:\/\/calafellslide.com\/de\/","logo":{"@type":"ImageObject","inLanguage":"de","@id":"https:\/\/calafellslide.com\/de\/#\/schema\/logo\/image\/","url":"https:\/\/calafellslide.com\/wp-content\/uploads\/2022\/10\/logo-calafell-slide-200.jpg","contentUrl":"https:\/\/calafellslide.com\/wp-content\/uploads\/2022\/10\/logo-calafell-slide-200.jpg","width":200,"height":200,"caption":"Calafell Slide"},"image":{"@id":"https:\/\/calafellslide.com\/de\/#\/schema\/logo\/image\/"},"sameAs":["https:\/\/www.facebook.com\/CalafellSlide\/","https:\/\/www.instagram.com\/CalafellSlide\/"]}]}},"_links":{"self":[{"href":"https:\/\/calafellslide.com\/de\/wp-json\/wp\/v2\/pages\/2287","targetHints":{"allow":["GET"]}}],"collection":[{"href":"https:\/\/calafellslide.com\/de\/wp-json\/wp\/v2\/pages"}],"about":[{"href":"https:\/\/calafellslide.com\/de\/wp-json\/wp\/v2\/types\/page"}],"author":[{"embeddable":true,"href":"https:\/\/calafellslide.com\/de\/wp-json\/wp\/v2\/users\/8"}],"replies":[{"embeddable":true,"href":"https:\/\/calafellslide.com\/de\/wp-json\/wp\/v2\/comments?post=2287"}],"version-history":[{"count":12,"href":"https:\/\/calafellslide.com\/de\/wp-json\/wp\/v2\/pages\/2287\/revisions"}],"predecessor-version":[{"id":6252,"href":"https:\/\/calafellslide.com\/de\/wp-json\/wp\/v2\/pages\/2287\/revisions\/6252"}],"wp:featuredmedia":[{"embeddable":true,"href":"https:\/\/calafellslide.com\/de\/wp-json\/wp\/v2\/media\/5865"}],"wp:attachment":[{"href":"https:\/\/calafellslide.com\/de\/wp-json\/wp\/v2\/media?parent=2287"}],"curies":[{"name":"wp","href":"https:\/\/api.w.org\/{rel}","templated":true}]}}