{"id":5335,"date":"2021-11-29T17:42:08","date_gmt":"2021-11-29T17:42:08","guid":{"rendered":"https:\/\/juanjosr22.sg-host.com\/geburtstagsfeier\/"},"modified":"2024-07-25T12:23:10","modified_gmt":"2024-07-25T12:23:10","slug":"geburtstagsfeier","status":"publish","type":"page","link":"https:\/\/calafellslide.com\/de\/geburtstagsfeier\/","title":{"rendered":"Geburtstage"},"content":{"rendered":"<p>[et_pb_section fb_built=&#8220;1&#8243; next_background_color=&#8220;#ffffff&#8220; _builder_version=&#8220;4.21.0&#8243; background_color=&#8220;rgba(0,0,0,0.5)&#8220; background_image=&#8220;https:\/\/calafellslide.com\/wp-content\/uploads\/2022\/02\/image035.jpg&#8220; background_position=&#8220;center_left&#8220; background_blend=&#8220;multiply&#8220; custom_padding=&#8220;75px||100px||false|false&#8220; bottom_divider_style=&#8220;waves2&#8243; bottom_divider_height=&#8220;50px&#8220; animation_style=&#8220;fade&#8220; locked=&#8220;off&#8220; global_colors_info=&#8220;{}&#8220;][et_pb_row _builder_version=&#8220;4.16&#8243; module_alignment=&#8220;center&#8220; global_colors_info=&#8220;{}&#8220;][et_pb_column type=&#8220;4_4&#8243; _builder_version=&#8220;4.16&#8243; global_colors_info=&#8220;{}&#8220;][et_pb_post_title meta=&#8220;off&#8220; featured_image=&#8220;off&#8220; text_color=&#8220;light&#8220; _builder_version=&#8220;4.16&#8243; title_font=&#8220;Fredoka One||||||||&#8220; title_font_size=&#8220;60px&#8220; text_orientation=&#8220;center&#8220; custom_margin=&#8220;||0px||false|false&#8220; animation_style=&#8220;zoom&#8220; animation_direction=&#8220;left&#8220; animation_intensity_zoom=&#8220;5%&#8220; title_font_size_tablet=&#8220;60px&#8220; title_font_size_phone=&#8220;48px&#8220; title_font_size_last_edited=&#8220;on|phone&#8220; global_colors_info=&#8220;{}&#8220;][\/et_pb_post_title][et_pb_text _builder_version=&#8220;4.17.4&#8243; _module_preset=&#8220;default&#8220; header_2_font=&#8220;|700|||||||&#8220; header_2_text_align=&#8220;left&#8220; header_2_text_color=&#8220;#FFFFFF&#8220; header_2_line_height=&#8220;1.3em&#8220; text_orientation=&#8220;center&#8220; link_option_url=&#8220;https:\/\/calafellslide.com\/contacto\/&#8220; global_colors_info=&#8220;{}&#8220;]<\/p>\n<h2 style=\"text-align: center;\">\u00a1Den Geburtstag in Calafell Slide zu feiern ist ein Vergn\u00fcgen f\u00fcr die ganze Familie<\/h2>\n<p>[\/et_pb_text][et_pb_button button_url=&#8220;https:\/\/calafellslide.com\/de\/contacto\/&#8220; button_text=&#8220;Kontakt&#8220; button_alignment=&#8220;center&#8220; _builder_version=&#8220;4.17.4&#8243; _module_preset=&#8220;default&#8220; global_colors_info=&#8220;{}&#8220;][\/et_pb_button][\/et_pb_column][\/et_pb_row][\/et_pb_section][et_pb_section fb_built=&#8220;1&#8243; _builder_version=&#8220;4.16&#8243; _module_preset=&#8220;default&#8220; custom_padding=&#8220;||4px|||&#8220; global_colors_info=&#8220;{}&#8220;][et_pb_row column_structure=&#8220;3_5,2_5&#8243; _builder_version=&#8220;4.16&#8243; _module_preset=&#8220;default&#8220; global_colors_info=&#8220;{}&#8220;][et_pb_column type=&#8220;3_5&#8243; _builder_version=&#8220;4.16&#8243; _module_preset=&#8220;default&#8220; global_colors_info=&#8220;{}&#8220;][et_pb_video src=&#8220;https:\/\/www.youtube.com\/watch?v=hS5C3xj22xI&#8220; _builder_version=&#8220;4.16&#8243; _module_preset=&#8220;default&#8220; border_radii=&#8220;on|5px|5px|5px|5px&#8220; global_colors_info=&#8220;{}&#8220;][\/et_pb_video][\/et_pb_column][et_pb_column type=&#8220;2_5&#8243; _builder_version=&#8220;4.16&#8243; _module_preset=&#8220;default&#8220; global_colors_info=&#8220;{}&#8220;][et_pb_text _builder_version=&#8220;4.17.4&#8243; _module_preset=&#8220;default&#8220; header_2_font=&#8220;|600|||||||&#8220; header_2_line_height=&#8220;1.2em&#8220; header_3_font=&#8220;|600|||||||&#8220; header_3_line_height=&#8220;1.2em&#8220; global_colors_info=&#8220;{}&#8220;]<\/p>\n<h2>Een verjaardag vieren bij Calafell Slide is leuk voor het hele gezin.<\/h2>\n<p>Het kinderverjaardagsfeestje is inclusief:<\/p>\n<ul>\n<li>Pica Pica<\/li>\n<li>1 frisdrank en water<\/li>\n<li>Minibroodjes<\/li>\n<li>zak snoep<\/li>\n<li>3 tripjes van de glijbaan<\/li>\n<\/ul>\n<h3>Neem contact met ons op voor meer informatie en om je datum te reserveren! <a href=\"https:\/\/calafellslide.com\/de\/contacto\/\">Kontakt<\/a><\/h3>\n<p>[\/et_pb_text][\/et_pb_column][\/et_pb_row][\/et_pb_section][et_pb_section fb_built=&#8220;1&#8243; _builder_version=&#8220;4.16&#8243; custom_margin=&#8220;||||false|false&#8220; custom_padding=&#8220;0px||125px||false|false&#8220; bottom_divider_style=&#8220;waves2&#8243; bottom_divider_color=&#8220;#222222&#8243; bottom_divider_height=&#8220;50px&#8220; global_colors_info=&#8220;{}&#8220;][et_pb_row column_structure=&#8220;1_2,1_2&#8243; make_equal=&#8220;on&#8220; _builder_version=&#8220;4.16&#8243; _module_preset=&#8220;default&#8220; global_colors_info=&#8220;{}&#8220;][et_pb_column type=&#8220;1_2&#8243; _builder_version=&#8220;4.16&#8243; _module_preset=&#8220;default&#8220; border_radii=&#8220;on|5px|5px|5px|5px&#8220; border_width_all=&#8220;1px&#8220; border_color_all=&#8220;#e0e0e0&#8243; global_colors_info=&#8220;{}&#8220;][et_pb_text _builder_version=&#8220;4.17.4&#8243; _module_preset=&#8220;default&#8220; header_2_font=&#8220;|600|||||||&#8220; header_2_text_color=&#8220;#FFFFFF&#8220; background_color=&#8220;rgba(113,216,17,0.72)&#8220; text_orientation=&#8220;center&#8220; custom_margin=&#8220;||0px||false|false&#8220; custom_padding=&#8220;10px||5px||false|false&#8220; global_colors_info=&#8220;{}&#8220;]<\/p>\n<h2>Paket  1<\/h2>\n<p>[\/et_pb_text][et_pb_text _builder_version=&#8220;4.17.4&#8243; _module_preset=&#8220;default&#8220; text_font=&#8220;|700|||||||&#8220; header_2_font=&#8220;|700|||||||&#8220; header_2_text_align=&#8220;center&#8220; header_2_font_size=&#8220;32px&#8220; background_color=&#8220;#ff7f59&#8243; text_orientation=&#8220;center&#8220; background_layout=&#8220;dark&#8220; custom_margin=&#8220;||0px||false|false&#8220; custom_padding=&#8220;20px||20px||false|false&#8220; global_colors_info=&#8220;{}&#8220;]<\/p>\n<h2>15,00 \u20ac\/Kind<\/h2>\n<p>(mindestens 6 Teilnehmer)<\/p>\n<p>[\/et_pb_text][et_pb_text _builder_version=&#8220;4.17.4&#8243; _module_preset=&#8220;default&#8220; header_2_font=&#8220;|600|||||||&#8220; custom_margin=&#8220;||-1px||false|false&#8220; custom_padding=&#8220;25px||25px||false|false&#8220; border_width_top=&#8220;1px&#8220; border_color_top=&#8220;#e0e0e0&#8243; global_colors_info=&#8220;{}&#8220;]<\/p>\n<h2 style=\"text-align: center;\">Donnerstags<\/h2>\n<p style=\"text-align: center;\">Von 11:00 Uhr bis Schluss<\/p>\n<p>[\/et_pb_text][et_pb_text _builder_version=&#8220;4.17.4&#8243; _module_preset=&#8220;default&#8220; header_2_font=&#8220;|600|||||||&#8220; custom_margin=&#8220;||-1px||false|false&#8220; custom_padding=&#8220;25px||25px||false|false&#8220; border_width_top=&#8220;1px&#8220; border_color_top=&#8220;#e0e0e0&#8243; border_style_top=&#8220;dashed&#8220; global_colors_info=&#8220;{}&#8220;]<\/p>\n<h2 style=\"text-align: center;\">Freitag<\/h2>\n<p style=\"text-align: center;\">Von 11:00 Uhr bis Schluss<\/p>\n<p>[\/et_pb_text][\/et_pb_column][et_pb_column type=&#8220;1_2&#8243; _builder_version=&#8220;4.16&#8243; _module_preset=&#8220;default&#8220; border_radii=&#8220;on|5px|5px|5px|5px&#8220; border_width_all=&#8220;1px&#8220; border_color_all=&#8220;#e0e0e0&#8243; global_colors_info=&#8220;{}&#8220;][et_pb_text _builder_version=&#8220;4.17.4&#8243; _module_preset=&#8220;default&#8220; header_2_font=&#8220;|600|||||||&#8220; header_2_text_color=&#8220;#FFFFFF&#8220; background_color=&#8220;rgba(113,216,17,0.72)&#8220; text_orientation=&#8220;center&#8220; custom_margin=&#8220;||0px||false|false&#8220; custom_padding=&#8220;10px||5px||false|false&#8220; global_colors_info=&#8220;{}&#8220;]<\/p>\n<h2>Paket  2<\/h2>\n<p>[\/et_pb_text][et_pb_text _builder_version=&#8220;4.17.4&#8243; _module_preset=&#8220;default&#8220; text_font=&#8220;|700|||||||&#8220; header_2_font=&#8220;|700|||||||&#8220; header_2_text_align=&#8220;center&#8220; header_2_font_size=&#8220;32px&#8220; background_color=&#8220;#ff7f59&#8243; text_orientation=&#8220;center&#8220; background_layout=&#8220;dark&#8220; custom_margin=&#8220;||0px||false|false&#8220; custom_padding=&#8220;20px||20px||false|false&#8220; global_colors_info=&#8220;{}&#8220;]<\/p>\n<h2>18,00 \u20ac\/Kind<\/h2>\n<p>(mindestens 6 Teilnehmer)<\/p>\n<p>[\/et_pb_text][et_pb_text _builder_version=&#8220;4.17.4&#8243; _module_preset=&#8220;default&#8220; header_2_font=&#8220;|600|||||||&#8220; custom_margin=&#8220;||-1px||false|false&#8220; custom_padding=&#8220;25px||25px||false|false&#8220; border_width_top=&#8220;1px&#8220; border_color_top=&#8220;#e0e0e0&#8243; border_style_top=&#8220;dashed&#8220; locked=&#8220;off&#8220; global_colors_info=&#8220;{}&#8220;]<\/p>\n<h2 style=\"text-align: center;\">Samstag<\/h2>\n<p style=\"text-align: center;\">Von 11:00 Uhr bis Schluss<\/p>\n<p>[\/et_pb_text][et_pb_text _builder_version=&#8220;4.17.4&#8243; _module_preset=&#8220;default&#8220; header_2_font=&#8220;|600|||||||&#8220; custom_margin=&#8220;||-1px||false|false&#8220; custom_padding=&#8220;25px||25px||false|false&#8220; border_width_top=&#8220;1px&#8220; border_color_top=&#8220;#e0e0e0&#8243; border_style_top=&#8220;dashed&#8220; locked=&#8220;off&#8220; global_colors_info=&#8220;{}&#8220;]<\/p>\n<h2 style=\"text-align: center;\">Sonntag<\/h2>\n<p style=\"text-align: center;\">Von 11:00 Uhr bis Schluss<\/p>\n<p>[\/et_pb_text][\/et_pb_column][\/et_pb_row][et_pb_row use_custom_gutter=&#8220;on&#8220; gutter_width=&#8220;2&#8243; _builder_version=&#8220;4.16&#8243; _module_preset=&#8220;default&#8220; global_colors_info=&#8220;{}&#8220;][et_pb_column type=&#8220;4_4&#8243; _builder_version=&#8220;4.16&#8243; _module_preset=&#8220;default&#8220; global_colors_info=&#8220;{}&#8220;][et_pb_gallery gallery_ids=&#8220;5841,5847,5853,5859,5865,5871&#8243; show_title_and_caption=&#8220;off&#8220; show_pagination=&#8220;off&#8220; _builder_version=&#8220;4.16&#8243; _module_preset=&#8220;default&#8220; border_radii=&#8220;on|3px|3px|3px|3px&#8220; global_colors_info=&#8220;{}&#8220;][\/et_pb_gallery][\/et_pb_column][\/et_pb_row][et_pb_row _builder_version=&#8220;4.16&#8243; _module_preset=&#8220;default&#8220; custom_padding=&#8220;0px|||||&#8220; global_colors_info=&#8220;{}&#8220;][et_pb_column type=&#8220;4_4&#8243; _builder_version=&#8220;4.16&#8243; _module_preset=&#8220;default&#8220; global_colors_info=&#8220;{}&#8220;][et_pb_text _builder_version=&#8220;4.17.4&#8243; _module_preset=&#8220;default&#8220; header_2_font=&#8220;|700|||||||&#8220; text_orientation=&#8220;center&#8220; link_option_url=&#8220;https:\/\/calafellslide.com\/contacto\/&#8220; global_colors_info=&#8220;{}&#8220;]<\/p>\n<p><em>* Es wird empfohlen, rechtzeitig zu reservieren.<\/em><\/p>\n<p><em>* Im Juli und August k\u00f6nnen sich Verf\u00fcgbarkeit und Preise \u00e4ndern.<\/em><\/p>\n<p><em>Altersempfehlung zwischen 5 und 14 Jahren<\/em><\/p>\n<p><em>Mindestbelegung 6 Kinder.<\/em><\/p>\n<p>[\/et_pb_text][\/et_pb_column][\/et_pb_row][\/et_pb_section]<\/p>\n<span class=\"et_bloom_bottom_trigger\"><\/span>","protected":false},"excerpt":{"rendered":"<p>\u00a1Den Geburtstag in Calafell Slide zu feiern ist ein Vergn\u00fcgen f\u00fcr die ganze FamilieEen verjaardag vieren bij Calafell Slide is leuk voor het hele gezin. Het kinderverjaardagsfeestje is inclusief: Pica Pica 1 frisdrank en water Minibroodjes zak snoep 3 tripjes van de glijbaan Neem contact met ons op voor meer informatie en om je datum [&hellip;]<\/p>\n","protected":false},"author":8,"featured_media":5853,"parent":0,"menu_order":4,"comment_status":"closed","ping_status":"closed","template":"","meta":{"_et_pb_use_builder":"on","_et_pb_old_content":"","_et_gb_content_width":"","footnotes":""},"class_list":["post-5335","page","type-page","status-publish","has-post-thumbnail","hentry"],"yoast_head":"<!-- This site is optimized with the Yoast SEO plugin v27.3 - https:\/\/yoast.com\/product\/yoast-seo-wordpress\/ -->\n<title>Geburtstage | Calafell Slide<\/title>\n<meta name=\"description\" content=\"Een verjaardag vieren bij Calafell Slide is leuk voor het hele gezin. Neem contact met ons op voor meer informatie en om je datum te reserveren!\" \/>\n<meta name=\"robots\" content=\"index, follow, max-snippet:-1, max-image-preview:large, max-video-preview:-1\" \/>\n<link rel=\"canonical\" href=\"https:\/\/calafellslide.com\/de\/geburtstagsfeier\/\" \/>\n<meta property=\"og:locale\" content=\"de_DE\" \/>\n<meta property=\"og:type\" content=\"article\" \/>\n<meta property=\"og:title\" content=\"Geburtstage | Calafell Slide\" \/>\n<meta property=\"og:description\" content=\"Een verjaardag vieren bij Calafell Slide is leuk voor het hele gezin. Neem contact met ons op voor meer informatie en om je datum te reserveren!\" \/>\n<meta property=\"og:url\" content=\"https:\/\/calafellslide.com\/de\/geburtstagsfeier\/\" \/>\n<meta property=\"og:site_name\" content=\"Calafell Slide\" \/>\n<meta property=\"article:publisher\" content=\"https:\/\/www.facebook.com\/CalafellSlide\/\" \/>\n<meta property=\"article:modified_time\" content=\"2024-07-25T12:23:10+00:00\" \/>\n<meta property=\"og:image\" content=\"https:\/\/calafellslide.com\/wp-content\/uploads\/2022\/02\/cumple-calafell-3.png\" \/>\n\t<meta property=\"og:image:width\" content=\"720\" \/>\n\t<meta property=\"og:image:height\" content=\"540\" \/>\n\t<meta property=\"og:image:type\" content=\"image\/png\" \/>\n<meta name=\"twitter:card\" content=\"summary_large_image\" \/>\n<meta name=\"twitter:label1\" content=\"Gesch\u00e4tzte Lesezeit\" \/>\n\t<meta name=\"twitter:data1\" content=\"2\u00a0Minuten\" \/>\n<script type=\"application\/ld+json\" class=\"yoast-schema-graph\">{\"@context\":\"https:\\\/\\\/schema.org\",\"@graph\":[{\"@type\":\"WebPage\",\"@id\":\"https:\\\/\\\/calafellslide.com\\\/de\\\/geburtstagsfeier\\\/\",\"url\":\"https:\\\/\\\/calafellslide.com\\\/de\\\/geburtstagsfeier\\\/\",\"name\":\"Geburtstage | Calafell Slide\",\"isPartOf\":{\"@id\":\"https:\\\/\\\/calafellslide.com\\\/de\\\/#website\"},\"primaryImageOfPage\":{\"@id\":\"https:\\\/\\\/calafellslide.com\\\/de\\\/geburtstagsfeier\\\/#primaryimage\"},\"image\":{\"@id\":\"https:\\\/\\\/calafellslide.com\\\/de\\\/geburtstagsfeier\\\/#primaryimage\"},\"thumbnailUrl\":\"https:\\\/\\\/calafellslide.com\\\/wp-content\\\/uploads\\\/2022\\\/02\\\/cumple-calafell-3.png\",\"datePublished\":\"2021-11-29T17:42:08+00:00\",\"dateModified\":\"2024-07-25T12:23:10+00:00\",\"description\":\"Een verjaardag vieren bij Calafell Slide is leuk voor het hele gezin. Neem contact met ons op voor meer informatie en om je datum te reserveren!\",\"breadcrumb\":{\"@id\":\"https:\\\/\\\/calafellslide.com\\\/de\\\/geburtstagsfeier\\\/#breadcrumb\"},\"inLanguage\":\"de\",\"potentialAction\":[{\"@type\":\"ReadAction\",\"target\":[\"https:\\\/\\\/calafellslide.com\\\/de\\\/geburtstagsfeier\\\/\"]}]},{\"@type\":\"ImageObject\",\"inLanguage\":\"de\",\"@id\":\"https:\\\/\\\/calafellslide.com\\\/de\\\/geburtstagsfeier\\\/#primaryimage\",\"url\":\"https:\\\/\\\/calafellslide.com\\\/wp-content\\\/uploads\\\/2022\\\/02\\\/cumple-calafell-3.png\",\"contentUrl\":\"https:\\\/\\\/calafellslide.com\\\/wp-content\\\/uploads\\\/2022\\\/02\\\/cumple-calafell-3.png\",\"width\":720,\"height\":540,\"caption\":\"birthdayPic\"},{\"@type\":\"BreadcrumbList\",\"@id\":\"https:\\\/\\\/calafellslide.com\\\/de\\\/geburtstagsfeier\\\/#breadcrumb\",\"itemListElement\":[{\"@type\":\"ListItem\",\"position\":1,\"name\":\"HOME\",\"item\":\"https:\\\/\\\/calafellslide.com\\\/de\\\/\"},{\"@type\":\"ListItem\",\"position\":2,\"name\":\"Geburtstage\"}]},{\"@type\":\"WebSite\",\"@id\":\"https:\\\/\\\/calafellslide.com\\\/de\\\/#website\",\"url\":\"https:\\\/\\\/calafellslide.com\\\/de\\\/\",\"name\":\"Calafell Slide\",\"description\":\"Parque de atracciones en Calafell (Tarragona)\",\"publisher\":{\"@id\":\"https:\\\/\\\/calafellslide.com\\\/de\\\/#organization\"},\"potentialAction\":[{\"@type\":\"SearchAction\",\"target\":{\"@type\":\"EntryPoint\",\"urlTemplate\":\"https:\\\/\\\/calafellslide.com\\\/de\\\/?s={search_term_string}\"},\"query-input\":{\"@type\":\"PropertyValueSpecification\",\"valueRequired\":true,\"valueName\":\"search_term_string\"}}],\"inLanguage\":\"de\"},{\"@type\":\"Organization\",\"@id\":\"https:\\\/\\\/calafellslide.com\\\/de\\\/#organization\",\"name\":\"Calafell Slide\",\"url\":\"https:\\\/\\\/calafellslide.com\\\/de\\\/\",\"logo\":{\"@type\":\"ImageObject\",\"inLanguage\":\"de\",\"@id\":\"https:\\\/\\\/calafellslide.com\\\/de\\\/#\\\/schema\\\/logo\\\/image\\\/\",\"url\":\"https:\\\/\\\/calafellslide.com\\\/wp-content\\\/uploads\\\/2022\\\/10\\\/logo-calafell-slide-200.jpg\",\"contentUrl\":\"https:\\\/\\\/calafellslide.com\\\/wp-content\\\/uploads\\\/2022\\\/10\\\/logo-calafell-slide-200.jpg\",\"width\":200,\"height\":200,\"caption\":\"Calafell Slide\"},\"image\":{\"@id\":\"https:\\\/\\\/calafellslide.com\\\/de\\\/#\\\/schema\\\/logo\\\/image\\\/\"},\"sameAs\":[\"https:\\\/\\\/www.facebook.com\\\/CalafellSlide\\\/\",\"https:\\\/\\\/www.instagram.com\\\/CalafellSlide\\\/\"]}]}<\/script>\n<!-- \/ Yoast SEO plugin. -->","yoast_head_json":{"title":"Geburtstage | Calafell Slide","description":"Een verjaardag vieren bij Calafell Slide is leuk voor het hele gezin. Neem contact met ons op voor meer informatie en om je datum te reserveren!","robots":{"index":"index","follow":"follow","max-snippet":"max-snippet:-1","max-image-preview":"max-image-preview:large","max-video-preview":"max-video-preview:-1"},"canonical":"https:\/\/calafellslide.com\/de\/geburtstagsfeier\/","og_locale":"de_DE","og_type":"article","og_title":"Geburtstage | Calafell Slide","og_description":"Een verjaardag vieren bij Calafell Slide is leuk voor het hele gezin. Neem contact met ons op voor meer informatie en om je datum te reserveren!","og_url":"https:\/\/calafellslide.com\/de\/geburtstagsfeier\/","og_site_name":"Calafell Slide","article_publisher":"https:\/\/www.facebook.com\/CalafellSlide\/","article_modified_time":"2024-07-25T12:23:10+00:00","og_image":[{"width":720,"height":540,"url":"https:\/\/calafellslide.com\/wp-content\/uploads\/2022\/02\/cumple-calafell-3.png","type":"image\/png"}],"twitter_card":"summary_large_image","twitter_misc":{"Gesch\u00e4tzte Lesezeit":"2\u00a0Minuten"},"schema":{"@context":"https:\/\/schema.org","@graph":[{"@type":"WebPage","@id":"https:\/\/calafellslide.com\/de\/geburtstagsfeier\/","url":"https:\/\/calafellslide.com\/de\/geburtstagsfeier\/","name":"Geburtstage | Calafell Slide","isPartOf":{"@id":"https:\/\/calafellslide.com\/de\/#website"},"primaryImageOfPage":{"@id":"https:\/\/calafellslide.com\/de\/geburtstagsfeier\/#primaryimage"},"image":{"@id":"https:\/\/calafellslide.com\/de\/geburtstagsfeier\/#primaryimage"},"thumbnailUrl":"https:\/\/calafellslide.com\/wp-content\/uploads\/2022\/02\/cumple-calafell-3.png","datePublished":"2021-11-29T17:42:08+00:00","dateModified":"2024-07-25T12:23:10+00:00","description":"Een verjaardag vieren bij Calafell Slide is leuk voor het hele gezin. Neem contact met ons op voor meer informatie en om je datum te reserveren!","breadcrumb":{"@id":"https:\/\/calafellslide.com\/de\/geburtstagsfeier\/#breadcrumb"},"inLanguage":"de","potentialAction":[{"@type":"ReadAction","target":["https:\/\/calafellslide.com\/de\/geburtstagsfeier\/"]}]},{"@type":"ImageObject","inLanguage":"de","@id":"https:\/\/calafellslide.com\/de\/geburtstagsfeier\/#primaryimage","url":"https:\/\/calafellslide.com\/wp-content\/uploads\/2022\/02\/cumple-calafell-3.png","contentUrl":"https:\/\/calafellslide.com\/wp-content\/uploads\/2022\/02\/cumple-calafell-3.png","width":720,"height":540,"caption":"birthdayPic"},{"@type":"BreadcrumbList","@id":"https:\/\/calafellslide.com\/de\/geburtstagsfeier\/#breadcrumb","itemListElement":[{"@type":"ListItem","position":1,"name":"HOME","item":"https:\/\/calafellslide.com\/de\/"},{"@type":"ListItem","position":2,"name":"Geburtstage"}]},{"@type":"WebSite","@id":"https:\/\/calafellslide.com\/de\/#website","url":"https:\/\/calafellslide.com\/de\/","name":"Calafell Slide","description":"Parque de atracciones en Calafell (Tarragona)","publisher":{"@id":"https:\/\/calafellslide.com\/de\/#organization"},"potentialAction":[{"@type":"SearchAction","target":{"@type":"EntryPoint","urlTemplate":"https:\/\/calafellslide.com\/de\/?s={search_term_string}"},"query-input":{"@type":"PropertyValueSpecification","valueRequired":true,"valueName":"search_term_string"}}],"inLanguage":"de"},{"@type":"Organization","@id":"https:\/\/calafellslide.com\/de\/#organization","name":"Calafell Slide","url":"https:\/\/calafellslide.com\/de\/","logo":{"@type":"ImageObject","inLanguage":"de","@id":"https:\/\/calafellslide.com\/de\/#\/schema\/logo\/image\/","url":"https:\/\/calafellslide.com\/wp-content\/uploads\/2022\/10\/logo-calafell-slide-200.jpg","contentUrl":"https:\/\/calafellslide.com\/wp-content\/uploads\/2022\/10\/logo-calafell-slide-200.jpg","width":200,"height":200,"caption":"Calafell Slide"},"image":{"@id":"https:\/\/calafellslide.com\/de\/#\/schema\/logo\/image\/"},"sameAs":["https:\/\/www.facebook.com\/CalafellSlide\/","https:\/\/www.instagram.com\/CalafellSlide\/"]}]}},"_links":{"self":[{"href":"https:\/\/calafellslide.com\/de\/wp-json\/wp\/v2\/pages\/5335","targetHints":{"allow":["GET"]}}],"collection":[{"href":"https:\/\/calafellslide.com\/de\/wp-json\/wp\/v2\/pages"}],"about":[{"href":"https:\/\/calafellslide.com\/de\/wp-json\/wp\/v2\/types\/page"}],"author":[{"embeddable":true,"href":"https:\/\/calafellslide.com\/de\/wp-json\/wp\/v2\/users\/8"}],"replies":[{"embeddable":true,"href":"https:\/\/calafellslide.com\/de\/wp-json\/wp\/v2\/comments?post=5335"}],"version-history":[{"count":12,"href":"https:\/\/calafellslide.com\/de\/wp-json\/wp\/v2\/pages\/5335\/revisions"}],"predecessor-version":[{"id":7864,"href":"https:\/\/calafellslide.com\/de\/wp-json\/wp\/v2\/pages\/5335\/revisions\/7864"}],"wp:featuredmedia":[{"embeddable":true,"href":"https:\/\/calafellslide.com\/de\/wp-json\/wp\/v2\/media\/5853"}],"wp:attachment":[{"href":"https:\/\/calafellslide.com\/de\/wp-json\/wp\/v2\/media?parent=5335"}],"curies":[{"name":"wp","href":"https:\/\/api.w.org\/{rel}","templated":true}]}}