{"id":5353,"date":"2021-11-29T17:50:44","date_gmt":"2021-11-29T17:50:44","guid":{"rendered":"https:\/\/juanjosr22.sg-host.com\/schulaktivitaet\/"},"modified":"2022-05-26T10:45:06","modified_gmt":"2022-05-26T10:45:06","slug":"schulaktivitaet","status":"publish","type":"page","link":"https:\/\/calafellslide.com\/de\/schulaktivitaet\/","title":{"rendered":"Schulen"},"content":{"rendered":"<p>[et_pb_section fb_built=&#8220;1&#8243; next_background_color=&#8220;#ffffff&#8220; _builder_version=&#8220;4.16&#8243; background_color=&#8220;rgba(0,0,0,0.5)&#8220; background_image=&#8220;https:\/\/calafellslide.com\/wp-content\/uploads\/2019\/11\/gallery2.png&#8220; background_blend=&#8220;multiply&#8220; custom_padding=&#8220;75px||100px||false|false&#8220; bottom_divider_style=&#8220;waves2&#8243; bottom_divider_height=&#8220;50px&#8220; animation_style=&#8220;fade&#8220; locked=&#8220;off&#8220; global_colors_info=&#8220;{}&#8220;][et_pb_row _builder_version=&#8220;4.16&#8243; global_colors_info=&#8220;{}&#8220;][et_pb_column type=&#8220;4_4&#8243; _builder_version=&#8220;4.16&#8243; global_colors_info=&#8220;{}&#8220;][et_pb_post_title meta=&#8220;off&#8220; featured_image=&#8220;off&#8220; text_color=&#8220;light&#8220; _builder_version=&#8220;4.16&#8243; title_font=&#8220;Fredoka One||||||||&#8220; title_text_align=&#8220;center&#8220; title_font_size=&#8220;60px&#8220; custom_margin=&#8220;||0px||false|false&#8220; animation_style=&#8220;zoom&#8220; animation_direction=&#8220;left&#8220; animation_intensity_zoom=&#8220;5%&#8220; global_colors_info=&#8220;{}&#8220;][\/et_pb_post_title][et_pb_text _builder_version=&#8220;4.17.4&#8243; _module_preset=&#8220;default&#8220; header_text_color=&#8220;#FFFFFF&#8220; header_2_font=&#8220;|700|||||||&#8220; header_2_text_align=&#8220;left&#8220; header_2_text_color=&#8220;#FFFFFF&#8220; header_2_line_height=&#8220;1.3em&#8220; header_3_text_color=&#8220;#FFFFFF&#8220; header_4_text_color=&#8220;#FFFFFF&#8220; header_5_text_color=&#8220;#FFFFFF&#8220; text_orientation=&#8220;center&#8220; link_option_url=&#8220;https:\/\/calafellslide.com\/contacto\/&#8220; locked=&#8220;off&#8220; global_colors_info=&#8220;{}&#8220;]<\/p>\n<h2 style=\"text-align: center;\">Informationen, wie Sie einen Schulausflug zur Sommerrodelbahn Calafell Slide organisieren k\u00f6nnen.<\/h2>\n<p>[\/et_pb_text][\/et_pb_column][\/et_pb_row][\/et_pb_section][et_pb_section fb_built=&#8220;1&#8243; _builder_version=&#8220;4.16&#8243; bottom_divider_style=&#8220;waves2&#8243; bottom_divider_color=&#8220;#212121&#8243; bottom_divider_height=&#8220;50px&#8220; global_colors_info=&#8220;{}&#8220;][et_pb_row _builder_version=&#8220;4.16&#8243; _module_preset=&#8220;default&#8220; locked=&#8220;off&#8220; global_colors_info=&#8220;{}&#8220;][et_pb_column type=&#8220;4_4&#8243; _builder_version=&#8220;4.16&#8243; _module_preset=&#8220;default&#8220; global_colors_info=&#8220;{}&#8220;][et_pb_text _builder_version=&#8220;4.17.4&#8243; _module_preset=&#8220;default&#8220; text_text_color=&#8220;#000000&#8243; global_colors_info=&#8220;{}&#8220;]<\/p>\n<p style=\"text-align: center;\">F\u00fcr Schulen, Jugendvereine und -Gruppen besteht die M\u00f6glichkeit, die Sommerrodelbahn stundenweise zu mieten zum exklusiven Gebrauch.<\/p>\n<p>[\/et_pb_text][\/et_pb_column][\/et_pb_row][et_pb_row column_structure=&#8220;1_2,1_2&#8243; _builder_version=&#8220;4.16&#8243; _module_preset=&#8220;default&#8220; custom_margin=&#8220;-23px|auto|50px|auto|false|false&#8220; locked=&#8220;off&#8220; global_colors_info=&#8220;{}&#8220;][et_pb_column type=&#8220;1_2&#8243; _builder_version=&#8220;4.16&#8243; _module_preset=&#8220;default&#8220; global_colors_info=&#8220;{}&#8220;][et_pb_gallery gallery_ids=&#8220;5831,2238,118,2369,2353,2449,2228&#8243; fullwidth=&#8220;on&#8220; _builder_version=&#8220;4.16&#8243; _module_preset=&#8220;default&#8220; global_colors_info=&#8220;{}&#8220;][\/et_pb_gallery][\/et_pb_column][et_pb_column type=&#8220;1_2&#8243; _builder_version=&#8220;4.16&#8243; _module_preset=&#8220;default&#8220; global_colors_info=&#8220;{}&#8220;][et_pb_text _builder_version=&#8220;4.17.4&#8243; _module_preset=&#8220;default&#8220; text_text_color=&#8220;#000000&#8243; custom_margin=&#8220;30px|||||&#8220; global_colors_info=&#8220;{}&#8220;]<\/p>\n<p><span>Dieses Angebot gilt nur an Werktagen von Montag bis Freitag (Feiertage gem. Verf\u00fcgbarkeit) von 10:00 bis 20:00 Uhr (Juli und August bis 17:00 Uhr). Bei Gruppen von mehr als 50 Personen wird empfohlen, sie in zwei oder drei Gruppen von 25-50 Personen aufzuteilen und pro Gruppe eine Stunde einzuplanen.<\/span><\/p>\n<p><span>W\u00e4hrend der vereinbarten Zeit k\u00f6nnen alle Mitglieder der Gruppe die Attraktion so oft benutzen, wie sie innerhalb der Zeit k\u00f6nnen. Normalerweise machen Gruppen zwischen 130 und 160 Fahrten pro Stunde. So kann in einer Gruppe von beispielsweise 30 Sch\u00fclern jeder etwa 4 oder 5 Mal pro Stunde fahren.<\/span><\/p>\n<p><span>Die Preise sind:<\/span><\/p>\n<p><span>1 Stunde: 165 \u20ac + MwSt. 21 % = 199,65 \u20ac<\/span><\/p>\n<p><span>2 Stunden: 295 \u20ac + MwSt. 21 % = 356,95 \u20ac<\/span><\/p>\n<p><span>3 Stunden: 375 \u20ac + MwSt. 21 % = 453,75 \u20ac<\/span><\/p>\n<p>Bitte kontaktieren Sie uns telefonisch \u00fcber <a href=\"tel:+34697543727\">+34697543727<\/a> oder E-Mail (<a href=\"mailto:email@calafellslide.com\">email@calafellslide.com<\/a>) f\u00fcr mehr Informationen!<\/p>\n<p>[\/et_pb_text][\/et_pb_column][\/et_pb_row][\/et_pb_section]<\/p>\n<span class=\"et_bloom_bottom_trigger\"><\/span>","protected":false},"excerpt":{"rendered":"<p>Informationen, wie Sie einen Schulausflug zur Sommerrodelbahn Calafell Slide organisieren k\u00f6nnen.F\u00fcr Schulen, Jugendvereine und -Gruppen besteht die M\u00f6glichkeit, die Sommerrodelbahn stundenweise zu mieten zum exklusiven Gebrauch.Dieses Angebot gilt nur an Werktagen von Montag bis Freitag (Feiertage gem. Verf\u00fcgbarkeit) von 10:00 bis 20:00 Uhr (Juli und August bis 17:00 Uhr). Bei Gruppen von mehr als 50 [&hellip;]<\/p>\n","protected":false},"author":8,"featured_media":5831,"parent":0,"menu_order":3,"comment_status":"closed","ping_status":"closed","template":"","meta":{"_et_pb_use_builder":"on","_et_pb_old_content":"","_et_gb_content_width":"","footnotes":""},"class_list":["post-5353","page","type-page","status-publish","has-post-thumbnail","hentry"],"yoast_head":"<!-- This site is optimized with the Yoast SEO plugin v27.3 - https:\/\/yoast.com\/product\/yoast-seo-wordpress\/ -->\n<title>Schulen | Calafell Slide<\/title>\n<meta name=\"description\" content=\"Informationen, wie Sie einen Schulausflug zur Sommerrodelbahn Calafell Slide organisieren k\u00f6nnen.\" \/>\n<meta name=\"robots\" content=\"index, follow, max-snippet:-1, max-image-preview:large, max-video-preview:-1\" \/>\n<link rel=\"canonical\" href=\"https:\/\/calafellslide.com\/de\/schulaktivitaet\/\" \/>\n<meta property=\"og:locale\" content=\"de_DE\" \/>\n<meta property=\"og:type\" content=\"article\" \/>\n<meta property=\"og:title\" content=\"Schulen | Calafell Slide\" \/>\n<meta property=\"og:description\" content=\"Informationen, wie Sie einen Schulausflug zur Sommerrodelbahn Calafell Slide organisieren k\u00f6nnen.\" \/>\n<meta property=\"og:url\" content=\"https:\/\/calafellslide.com\/de\/schulaktivitaet\/\" \/>\n<meta property=\"og:site_name\" content=\"Calafell Slide\" \/>\n<meta property=\"article:publisher\" content=\"https:\/\/www.facebook.com\/CalafellSlide\/\" \/>\n<meta property=\"article:modified_time\" content=\"2022-05-26T10:45:06+00:00\" \/>\n<meta name=\"twitter:card\" content=\"summary_large_image\" \/>\n<meta name=\"twitter:label1\" content=\"Gesch\u00e4tzte Lesezeit\" \/>\n\t<meta name=\"twitter:data1\" content=\"2\u00a0Minuten\" \/>\n<script type=\"application\/ld+json\" class=\"yoast-schema-graph\">{\"@context\":\"https:\\\/\\\/schema.org\",\"@graph\":[{\"@type\":\"WebPage\",\"@id\":\"https:\\\/\\\/calafellslide.com\\\/de\\\/schulaktivitaet\\\/\",\"url\":\"https:\\\/\\\/calafellslide.com\\\/de\\\/schulaktivitaet\\\/\",\"name\":\"Schulen | Calafell Slide\",\"isPartOf\":{\"@id\":\"https:\\\/\\\/calafellslide.com\\\/de\\\/#website\"},\"primaryImageOfPage\":{\"@id\":\"https:\\\/\\\/calafellslide.com\\\/de\\\/schulaktivitaet\\\/#primaryimage\"},\"image\":{\"@id\":\"https:\\\/\\\/calafellslide.com\\\/de\\\/schulaktivitaet\\\/#primaryimage\"},\"thumbnailUrl\":\"https:\\\/\\\/calafellslide.com\\\/wp-content\\\/uploads\\\/2022\\\/02\\\/colegios.jpg\",\"datePublished\":\"2021-11-29T17:50:44+00:00\",\"dateModified\":\"2022-05-26T10:45:06+00:00\",\"description\":\"Informationen, wie Sie einen Schulausflug zur Sommerrodelbahn Calafell Slide organisieren k\u00f6nnen.\",\"breadcrumb\":{\"@id\":\"https:\\\/\\\/calafellslide.com\\\/de\\\/schulaktivitaet\\\/#breadcrumb\"},\"inLanguage\":\"de\",\"potentialAction\":[{\"@type\":\"ReadAction\",\"target\":[\"https:\\\/\\\/calafellslide.com\\\/de\\\/schulaktivitaet\\\/\"]}]},{\"@type\":\"ImageObject\",\"inLanguage\":\"de\",\"@id\":\"https:\\\/\\\/calafellslide.com\\\/de\\\/schulaktivitaet\\\/#primaryimage\",\"url\":\"https:\\\/\\\/calafellslide.com\\\/wp-content\\\/uploads\\\/2022\\\/02\\\/colegios.jpg\",\"contentUrl\":\"https:\\\/\\\/calafellslide.com\\\/wp-content\\\/uploads\\\/2022\\\/02\\\/colegios.jpg\",\"width\":2048,\"height\":1536,\"caption\":\"anniversaires\"},{\"@type\":\"BreadcrumbList\",\"@id\":\"https:\\\/\\\/calafellslide.com\\\/de\\\/schulaktivitaet\\\/#breadcrumb\",\"itemListElement\":[{\"@type\":\"ListItem\",\"position\":1,\"name\":\"HOME\",\"item\":\"https:\\\/\\\/calafellslide.com\\\/de\\\/\"},{\"@type\":\"ListItem\",\"position\":2,\"name\":\"Schulen\"}]},{\"@type\":\"WebSite\",\"@id\":\"https:\\\/\\\/calafellslide.com\\\/de\\\/#website\",\"url\":\"https:\\\/\\\/calafellslide.com\\\/de\\\/\",\"name\":\"Calafell Slide\",\"description\":\"Parque de atracciones en Calafell (Tarragona)\",\"publisher\":{\"@id\":\"https:\\\/\\\/calafellslide.com\\\/de\\\/#organization\"},\"potentialAction\":[{\"@type\":\"SearchAction\",\"target\":{\"@type\":\"EntryPoint\",\"urlTemplate\":\"https:\\\/\\\/calafellslide.com\\\/de\\\/?s={search_term_string}\"},\"query-input\":{\"@type\":\"PropertyValueSpecification\",\"valueRequired\":true,\"valueName\":\"search_term_string\"}}],\"inLanguage\":\"de\"},{\"@type\":\"Organization\",\"@id\":\"https:\\\/\\\/calafellslide.com\\\/de\\\/#organization\",\"name\":\"Calafell Slide\",\"url\":\"https:\\\/\\\/calafellslide.com\\\/de\\\/\",\"logo\":{\"@type\":\"ImageObject\",\"inLanguage\":\"de\",\"@id\":\"https:\\\/\\\/calafellslide.com\\\/de\\\/#\\\/schema\\\/logo\\\/image\\\/\",\"url\":\"https:\\\/\\\/calafellslide.com\\\/wp-content\\\/uploads\\\/2022\\\/10\\\/logo-calafell-slide-200.jpg\",\"contentUrl\":\"https:\\\/\\\/calafellslide.com\\\/wp-content\\\/uploads\\\/2022\\\/10\\\/logo-calafell-slide-200.jpg\",\"width\":200,\"height\":200,\"caption\":\"Calafell Slide\"},\"image\":{\"@id\":\"https:\\\/\\\/calafellslide.com\\\/de\\\/#\\\/schema\\\/logo\\\/image\\\/\"},\"sameAs\":[\"https:\\\/\\\/www.facebook.com\\\/CalafellSlide\\\/\",\"https:\\\/\\\/www.instagram.com\\\/CalafellSlide\\\/\"]}]}<\/script>\n<!-- \/ Yoast SEO plugin. -->","yoast_head_json":{"title":"Schulen | Calafell Slide","description":"Informationen, wie Sie einen Schulausflug zur Sommerrodelbahn Calafell Slide organisieren k\u00f6nnen.","robots":{"index":"index","follow":"follow","max-snippet":"max-snippet:-1","max-image-preview":"max-image-preview:large","max-video-preview":"max-video-preview:-1"},"canonical":"https:\/\/calafellslide.com\/de\/schulaktivitaet\/","og_locale":"de_DE","og_type":"article","og_title":"Schulen | Calafell Slide","og_description":"Informationen, wie Sie einen Schulausflug zur Sommerrodelbahn Calafell Slide organisieren k\u00f6nnen.","og_url":"https:\/\/calafellslide.com\/de\/schulaktivitaet\/","og_site_name":"Calafell Slide","article_publisher":"https:\/\/www.facebook.com\/CalafellSlide\/","article_modified_time":"2022-05-26T10:45:06+00:00","twitter_card":"summary_large_image","twitter_misc":{"Gesch\u00e4tzte Lesezeit":"2\u00a0Minuten"},"schema":{"@context":"https:\/\/schema.org","@graph":[{"@type":"WebPage","@id":"https:\/\/calafellslide.com\/de\/schulaktivitaet\/","url":"https:\/\/calafellslide.com\/de\/schulaktivitaet\/","name":"Schulen | Calafell Slide","isPartOf":{"@id":"https:\/\/calafellslide.com\/de\/#website"},"primaryImageOfPage":{"@id":"https:\/\/calafellslide.com\/de\/schulaktivitaet\/#primaryimage"},"image":{"@id":"https:\/\/calafellslide.com\/de\/schulaktivitaet\/#primaryimage"},"thumbnailUrl":"https:\/\/calafellslide.com\/wp-content\/uploads\/2022\/02\/colegios.jpg","datePublished":"2021-11-29T17:50:44+00:00","dateModified":"2022-05-26T10:45:06+00:00","description":"Informationen, wie Sie einen Schulausflug zur Sommerrodelbahn Calafell Slide organisieren k\u00f6nnen.","breadcrumb":{"@id":"https:\/\/calafellslide.com\/de\/schulaktivitaet\/#breadcrumb"},"inLanguage":"de","potentialAction":[{"@type":"ReadAction","target":["https:\/\/calafellslide.com\/de\/schulaktivitaet\/"]}]},{"@type":"ImageObject","inLanguage":"de","@id":"https:\/\/calafellslide.com\/de\/schulaktivitaet\/#primaryimage","url":"https:\/\/calafellslide.com\/wp-content\/uploads\/2022\/02\/colegios.jpg","contentUrl":"https:\/\/calafellslide.com\/wp-content\/uploads\/2022\/02\/colegios.jpg","width":2048,"height":1536,"caption":"anniversaires"},{"@type":"BreadcrumbList","@id":"https:\/\/calafellslide.com\/de\/schulaktivitaet\/#breadcrumb","itemListElement":[{"@type":"ListItem","position":1,"name":"HOME","item":"https:\/\/calafellslide.com\/de\/"},{"@type":"ListItem","position":2,"name":"Schulen"}]},{"@type":"WebSite","@id":"https:\/\/calafellslide.com\/de\/#website","url":"https:\/\/calafellslide.com\/de\/","name":"Calafell Slide","description":"Parque de atracciones en Calafell (Tarragona)","publisher":{"@id":"https:\/\/calafellslide.com\/de\/#organization"},"potentialAction":[{"@type":"SearchAction","target":{"@type":"EntryPoint","urlTemplate":"https:\/\/calafellslide.com\/de\/?s={search_term_string}"},"query-input":{"@type":"PropertyValueSpecification","valueRequired":true,"valueName":"search_term_string"}}],"inLanguage":"de"},{"@type":"Organization","@id":"https:\/\/calafellslide.com\/de\/#organization","name":"Calafell Slide","url":"https:\/\/calafellslide.com\/de\/","logo":{"@type":"ImageObject","inLanguage":"de","@id":"https:\/\/calafellslide.com\/de\/#\/schema\/logo\/image\/","url":"https:\/\/calafellslide.com\/wp-content\/uploads\/2022\/10\/logo-calafell-slide-200.jpg","contentUrl":"https:\/\/calafellslide.com\/wp-content\/uploads\/2022\/10\/logo-calafell-slide-200.jpg","width":200,"height":200,"caption":"Calafell Slide"},"image":{"@id":"https:\/\/calafellslide.com\/de\/#\/schema\/logo\/image\/"},"sameAs":["https:\/\/www.facebook.com\/CalafellSlide\/","https:\/\/www.instagram.com\/CalafellSlide\/"]}]}},"_links":{"self":[{"href":"https:\/\/calafellslide.com\/de\/wp-json\/wp\/v2\/pages\/5353","targetHints":{"allow":["GET"]}}],"collection":[{"href":"https:\/\/calafellslide.com\/de\/wp-json\/wp\/v2\/pages"}],"about":[{"href":"https:\/\/calafellslide.com\/de\/wp-json\/wp\/v2\/types\/page"}],"author":[{"embeddable":true,"href":"https:\/\/calafellslide.com\/de\/wp-json\/wp\/v2\/users\/8"}],"replies":[{"embeddable":true,"href":"https:\/\/calafellslide.com\/de\/wp-json\/wp\/v2\/comments?post=5353"}],"version-history":[{"count":10,"href":"https:\/\/calafellslide.com\/de\/wp-json\/wp\/v2\/pages\/5353\/revisions"}],"predecessor-version":[{"id":6165,"href":"https:\/\/calafellslide.com\/de\/wp-json\/wp\/v2\/pages\/5353\/revisions\/6165"}],"wp:featuredmedia":[{"embeddable":true,"href":"https:\/\/calafellslide.com\/de\/wp-json\/wp\/v2\/media\/5831"}],"wp:attachment":[{"href":"https:\/\/calafellslide.com\/de\/wp-json\/wp\/v2\/media?parent=5353"}],"curies":[{"name":"wp","href":"https:\/\/api.w.org\/{rel}","templated":true}]}}