{"id":2183,"date":"2020-03-15T10:29:32","date_gmt":"2020-03-15T10:29:32","guid":{"rendered":"https:\/\/calafellslide.jurogaproyectosdigitales.com\/faqs-calafell-slide\/"},"modified":"2024-07-05T18:02:47","modified_gmt":"2024-07-05T18:02:47","slug":"faq-toboggan-slide","status":"publish","type":"page","link":"https:\/\/calafellslide.com\/fr\/faq-toboggan-slide\/","title":{"rendered":"FAQ Calafell Slide"},"content":{"rendered":"<p>[et_pb_section fb_built=\u00a0\u00bb1&Prime; next_background_color=\u00a0\u00bb#ffffff\u00a0\u00bb _builder_version=\u00a0\u00bb4.16&Prime; background_color=\u00a0\u00bbrgba(0,0,0,0.5)\u00a0\u00bb background_image=\u00a0\u00bbhttps:\/\/calafellslide.com\/wp-content\/uploads\/2019\/11\/gallery2.png\u00a0\u00bb background_blend=\u00a0\u00bbmultiply\u00a0\u00bb custom_padding=\u00a0\u00bb75px||100px||false|false\u00a0\u00bb bottom_divider_style=\u00a0\u00bbwaves2&Prime; bottom_divider_height=\u00a0\u00bb50px\u00a0\u00bb animation_style=\u00a0\u00bbfade\u00a0\u00bb locked=\u00a0\u00bboff\u00a0\u00bb global_colors_info=\u00a0\u00bb{}\u00a0\u00bb][et_pb_row _builder_version=\u00a0\u00bb4.16&Prime; global_colors_info=\u00a0\u00bb{}\u00a0\u00bb][et_pb_column type=\u00a0\u00bb4_4&Prime; _builder_version=\u00a0\u00bb4.16&Prime; global_colors_info=\u00a0\u00bb{}\u00a0\u00bb][et_pb_post_title meta=\u00a0\u00bboff\u00a0\u00bb featured_image=\u00a0\u00bboff\u00a0\u00bb text_color=\u00a0\u00bblight\u00a0\u00bb _builder_version=\u00a0\u00bb4.16&Prime; title_font=\u00a0\u00bbFredoka One||||||||\u00a0\u00bb title_text_align=\u00a0\u00bbcenter\u00a0\u00bb title_font_size=\u00a0\u00bb60px\u00a0\u00bb title_line_height=\u00a0\u00bb1.1em\u00a0\u00bb custom_margin=\u00a0\u00bb||0px||false|false\u00a0\u00bb animation_style=\u00a0\u00bbzoom\u00a0\u00bb animation_direction=\u00a0\u00bbleft\u00a0\u00bb animation_intensity_zoom=\u00a0\u00bb5%\u00a0\u00bb title_font_size_tablet=\u00a0\u00bb\u00a0\u00bb title_font_size_phone=\u00a0\u00bb\u00a0\u00bb title_font_size_last_edited=\u00a0\u00bbon|desktop\u00a0\u00bb global_colors_info=\u00a0\u00bb{}\u00a0\u00bb][\/et_pb_post_title][\/et_pb_column][\/et_pb_row][\/et_pb_section][et_pb_section fb_built=\u00a0\u00bb1&Prime; _builder_version=\u00a0\u00bb4.16&Prime; custom_padding=\u00a0\u00bb||75px||false|false\u00a0\u00bb bottom_divider_color=\u00a0\u00bb#222222&Prime; bottom_divider_height=\u00a0\u00bb50px\u00a0\u00bb global_colors_info=\u00a0\u00bb{}\u00a0\u00bb][et_pb_row column_structure=\u00a0\u00bb3_5,2_5&Prime; _builder_version=\u00a0\u00bb4.16&Prime; global_colors_info=\u00a0\u00bb{}\u00a0\u00bb][et_pb_column type=\u00a0\u00bb3_5&Prime; _builder_version=\u00a0\u00bb4.16&Prime; global_colors_info=\u00a0\u00bb{}\u00a0\u00bb][et_pb_accordion _builder_version=\u00a0\u00bb4.21.0&Prime; toggle_font=\u00a0\u00bb|600|||||||\u00a0\u00bb toggle_font_size=\u00a0\u00bb20px\u00a0\u00bb toggle_line_height=\u00a0\u00bb1.1em\u00a0\u00bb hover_enabled=\u00a0\u00bb0&Prime; global_colors_info=\u00a0\u00bb{}\u00a0\u00bb sticky_enabled=\u00a0\u00bb0&Prime;][et_pb_accordion_item title=\u00a0\u00bbComment puis-je payer?\u00a0\u00bb open=\u00a0\u00bboff\u00a0\u00bb _builder_version=\u00a0\u00bb4.17.4&Prime; global_colors_info=\u00a0\u00bb{}\u00a0\u00bb]<\/p>\n<p class=\"P68B1DB1-BodyText1\" style=\"margin-bottom: 0cm; line-height: 135%;\"><span lang=\"FR\">Vous pouvez payer en esp\u00e8ces ou par carte<o:p><\/o:p><\/span><\/p>\n<p>[\/et_pb_accordion_item][et_pb_accordion_item title=\u00a0\u00bbFaut-il r\u00e9server?\u00a0\u00bb _builder_version=\u00a0\u00bb4.17.4&Prime; global_colors_info=\u00a0\u00bb{}\u00a0\u00bb open=\u00a0\u00bboff\u00a0\u00bb]<\/p>\n<p class=\"P68B1DB1-BodyText1\" style=\"margin-bottom: 0cm; line-height: 135%;\"><span lang=\"FR\">Aucune r\u00e9servation pr\u00e9alable n&rsquo;est requise pour utiliser le toboggan<o:p><\/o:p><\/span><\/p>\n<ul><\/ul>\n<p>[\/et_pb_accordion_item][et_pb_accordion_item title=\u00a0\u00bbLes animaux domestiques peuvent-ils entrer dans le parc?\u00a0\u00bb _builder_version=\u00a0\u00bb4.17.4&Prime; global_colors_info=\u00a0\u00bb{}\u00a0\u00bb open=\u00a0\u00bboff\u00a0\u00bb]<\/p>\n<p class=\"P68B1DB1-BodyText1\" style=\"margin-bottom: 0cm; line-height: 135%;\"><span lang=\"FR\">Les chiens peuvent entrer dans le parc tant qu&rsquo;ils sont tenus en laisse et accompagn\u00e9s de leurs ma\u00eetres.<o:p><\/o:p><\/span><\/p>\n<p>[\/et_pb_accordion_item][et_pb_accordion_item title=\u00a0\u00bbA partir de quel \u00e2ge les enfants peuvent-ils utiliser le luge?\u00a0\u00bb _builder_version=\u00a0\u00bb4.17.4&Prime; global_colors_info=\u00a0\u00bb{}\u00a0\u00bb open=\u00a0\u00bboff\u00a0\u00bb]<\/p>\n<p class=\"P68B1DB1-BodyText1\" style=\"margin-bottom: 0cm; line-height: 135%;\"><span lang=\"FR\">L&rsquo;\u00e2ge minimum est de 3 ans. Les enfants entre 3 et 7 ans doivent \u00eatre accompagn\u00e9s d&rsquo;une personne de plus de 16 ans. A partir de 8 ans, les enfants peuvent aller seuls.<o:p><\/o:p><\/span><\/p>\n<p>[\/et_pb_accordion_item][et_pb_accordion_item title=\u00a0\u00bbPeut-on faire pique-nique dans le parc?\u00a0\u00bb _builder_version=\u00a0\u00bb4.21.0&Prime; hover_enabled=\u00a0\u00bb0&Prime; global_colors_info=\u00a0\u00bb{}\u00a0\u00bb open=\u00a0\u00bbon\u00a0\u00bb sticky_enabled=\u00a0\u00bb0&Prime;]<\/p>\n<p>Oui, vous pouvez apporter de la nourriture. Toutes les boissons doivent \u00eatre achet\u00e9es \u00e0 notre bar. &#8211; add this text to the block below.<\/p>\n<p>[\/et_pb_accordion_item][\/et_pb_accordion][\/et_pb_column][et_pb_column type=\u00a0\u00bb2_5&Prime; _builder_version=\u00a0\u00bb4.16&Prime; global_colors_info=\u00a0\u00bb{}\u00a0\u00bb][et_pb_text _builder_version=\u00a0\u00bb4.17.4&Prime; _module_preset=\u00a0\u00bbdefault\u00a0\u00bb global_colors_info=\u00a0\u00bb{}\u00a0\u00bb]<\/p>\n<h2>Conseils pour votre visite<\/h2>\n<ul>\n<li>Chaussures appropri\u00e9es (tongs et talons NON)<\/li>\n<li>V\u00eatements appropri\u00e9s (pas de maillots de bain et de jupes longues)<\/li>\n<li>Lisez la section \u00ab\u00a0<a href=\"https:\/\/calafellslide.com\/fr\/mode-dutilisation\/\">Comment utiliser<\/a>\u00ab\u00a0<\/li>\n<\/ul>\n<p>[\/et_pb_text][\/et_pb_column][\/et_pb_row][\/et_pb_section][et_pb_section fb_built=\u00a0\u00bb1&Prime; _builder_version=\u00a0\u00bb4.16&Prime; _module_preset=\u00a0\u00bbdefault\u00a0\u00bb background_color=\u00a0\u00bb#f3f3f3&Prime; custom_padding=\u00a0\u00bb125px||125px||false|false\u00a0\u00bb top_divider_style=\u00a0\u00bbwaves2&Prime; top_divider_color=\u00a0\u00bb#FFFFFF\u00a0\u00bb top_divider_height=\u00a0\u00bb50px\u00a0\u00bb bottom_divider_style=\u00a0\u00bbwaves2&Prime; bottom_divider_color=\u00a0\u00bb#232323&Prime; bottom_divider_height=\u00a0\u00bb50px\u00a0\u00bb locked=\u00a0\u00bboff\u00a0\u00bb global_colors_info=\u00a0\u00bb{}\u00a0\u00bb][et_pb_row _builder_version=\u00a0\u00bb4.16&Prime; _module_preset=\u00a0\u00bbdefault\u00a0\u00bb global_colors_info=\u00a0\u00bb{}\u00a0\u00bb][et_pb_column type=\u00a0\u00bb4_4&Prime; _builder_version=\u00a0\u00bb4.16&Prime; _module_preset=\u00a0\u00bbdefault\u00a0\u00bb global_colors_info=\u00a0\u00bb{}\u00a0\u00bb][et_pb_text _builder_version=\u00a0\u00bb4.17.4&Prime; text_font=\u00a0\u00bb|600|||||||\u00a0\u00bb text_font_size=\u00a0\u00bb20px\u00a0\u00bb header_2_font=\u00a0\u00bb|700|||||||\u00a0\u00bb header_2_text_align=\u00a0\u00bbcenter\u00a0\u00bb header_2_font_size=\u00a0\u00bb40px\u00a0\u00bb text_orientation=\u00a0\u00bbcenter\u00a0\u00bb global_colors_info=\u00a0\u00bb{}\u00a0\u00bb]<\/p>\n<h2>GALERIE<\/h2>\n<p>Images et Vid\u00e9os<\/p>\n<p>[\/et_pb_text][et_pb_button button_url=\u00a0\u00bbhttps:\/\/www.instagram.com\/CalafellSlide\/\u00a0\u00bb button_text=\u00a0\u00bbInstagram\u00a0\u00bb button_alignment=\u00a0\u00bbcenter\u00a0\u00bb module_class=\u00a0\u00bbpopup-video\u00a0\u00bb _builder_version=\u00a0\u00bb4.16&Prime; custom_button=\u00a0\u00bbon\u00a0\u00bb button_text_size=\u00a0\u00bb16px\u00a0\u00bb button_text_color=\u00a0\u00bb#ffffff\u00a0\u00bb button_bg_color=\u00a0\u00bb#ff7f59&Prime; button_border_width=\u00a0\u00bb12px\u00a0\u00bb button_border_color=\u00a0\u00bbrgba(0,0,0,0)\u00a0\u00bb button_border_radius=\u00a0\u00bb50px\u00a0\u00bb button_letter_spacing=\u00a0\u00bb4px\u00a0\u00bb button_font=\u00a0\u00bbFredoka One|900||on|||||\u00a0\u00bb button_icon=\u00a0\u00bb&#xe09a;||divi||400&Prime; button_icon_placement=\u00a0\u00bbleft\u00a0\u00bb button_on_hover=\u00a0\u00bboff\u00a0\u00bb custom_margin=\u00a0\u00bb||3px||false|false\u00a0\u00bb animation_style=\u00a0\u00bbbounce\u00a0\u00bb box_shadow_style=\u00a0\u00bbpreset3&Prime; box_shadow_vertical=\u00a0\u00bb22px\u00a0\u00bb box_shadow_blur=\u00a0\u00bb64px\u00a0\u00bb box_shadow_spread=\u00a0\u00bb-18px\u00a0\u00bb box_shadow_color=\u00a0\u00bbrgba(92,42,131,0.45)\u00a0\u00bb locked=\u00a0\u00bboff\u00a0\u00bb global_colors_info=\u00a0\u00bb{}\u00a0\u00bb button_text_size__hover_enabled=\u00a0\u00bboff\u00a0\u00bb button_one_text_size__hover_enabled=\u00a0\u00bboff\u00a0\u00bb button_two_text_size__hover_enabled=\u00a0\u00bboff\u00a0\u00bb button_text_color__hover_enabled=\u00a0\u00bboff\u00a0\u00bb button_one_text_color__hover_enabled=\u00a0\u00bboff\u00a0\u00bb button_two_text_color__hover_enabled=\u00a0\u00bboff\u00a0\u00bb button_border_width__hover_enabled=\u00a0\u00bboff\u00a0\u00bb button_one_border_width__hover_enabled=\u00a0\u00bboff\u00a0\u00bb button_two_border_width__hover_enabled=\u00a0\u00bboff\u00a0\u00bb button_border_color__hover_enabled=\u00a0\u00bboff\u00a0\u00bb button_one_border_color__hover_enabled=\u00a0\u00bboff\u00a0\u00bb button_two_border_color__hover_enabled=\u00a0\u00bboff\u00a0\u00bb button_border_radius__hover_enabled=\u00a0\u00bboff\u00a0\u00bb button_one_border_radius__hover_enabled=\u00a0\u00bboff\u00a0\u00bb button_two_border_radius__hover_enabled=\u00a0\u00bboff\u00a0\u00bb button_letter_spacing__hover_enabled=\u00a0\u00bboff\u00a0\u00bb button_one_letter_spacing__hover_enabled=\u00a0\u00bboff\u00a0\u00bb button_two_letter_spacing__hover_enabled=\u00a0\u00bboff\u00a0\u00bb button_bg_color__hover_enabled=\u00a0\u00bboff\u00a0\u00bb button_one_bg_color__hover_enabled=\u00a0\u00bboff\u00a0\u00bb button_two_bg_color__hover_enabled=\u00a0\u00bboff\u00a0\u00bb]<br \/>\n[\/et_pb_button][\/et_pb_column][\/et_pb_row][et_pb_row use_custom_gutter=\u00a0\u00bbon\u00a0\u00bb gutter_width=\u00a0\u00bb2&Prime; make_equal=\u00a0\u00bbon\u00a0\u00bb _builder_version=\u00a0\u00bb4.16&Prime; locked=\u00a0\u00bboff\u00a0\u00bb global_colors_info=\u00a0\u00bb{}\u00a0\u00bb][et_pb_column type=\u00a0\u00bb4_4&Prime; _builder_version=\u00a0\u00bb4.16&Prime; global_colors_info=\u00a0\u00bb{}\u00a0\u00bb][et_pb_gallery gallery_ids=\u00a0\u00bb5971,2436,2256,2398,2296,2434,5977,2226,2439,2351,2365,6234,5684,5783,5789,5795,5801&Prime; posts_number=\u00a0\u00bb8&Prime; show_title_and_caption=\u00a0\u00bboff\u00a0\u00bb _builder_version=\u00a0\u00bb4.17.4&Prime; border_radii_image=\u00a0\u00bbon|5px|5px|5px|5px\u00a0\u00bb border_width_all_image=\u00a0\u00bb1px\u00a0\u00bb border_color_all_image=\u00a0\u00bb#999999&Prime; locked=\u00a0\u00bboff\u00a0\u00bb global_colors_info=\u00a0\u00bb{}\u00a0\u00bb][\/et_pb_gallery][et_pb_button button_url=\u00a0\u00bbhttps:\/\/calafellslide.com\/fr\/galerie\/\u00a0\u00bb button_text=\u00a0\u00bbVoir Plus\u00a0\u00bb button_alignment=\u00a0\u00bbcenter\u00a0\u00bb module_class=\u00a0\u00bbpopup-video\u00a0\u00bb _builder_version=\u00a0\u00bb4.17.4&Prime; custom_button=\u00a0\u00bbon\u00a0\u00bb button_text_size=\u00a0\u00bb16px\u00a0\u00bb button_text_color=\u00a0\u00bb#ffffff\u00a0\u00bb button_bg_color=\u00a0\u00bb#ff7f59&Prime; button_border_width=\u00a0\u00bb12px\u00a0\u00bb button_border_color=\u00a0\u00bbrgba(0,0,0,0)\u00a0\u00bb button_border_radius=\u00a0\u00bb50px\u00a0\u00bb button_letter_spacing=\u00a0\u00bb4px\u00a0\u00bb button_font=\u00a0\u00bbFredoka One|900||on|||||\u00a0\u00bb button_icon=\u00a0\u00bb&#x24;||divi||400&Prime; animation_style=\u00a0\u00bbbounce\u00a0\u00bb box_shadow_style=\u00a0\u00bbpreset3&Prime; box_shadow_vertical=\u00a0\u00bb22px\u00a0\u00bb box_shadow_blur=\u00a0\u00bb64px\u00a0\u00bb box_shadow_spread=\u00a0\u00bb-18px\u00a0\u00bb box_shadow_color=\u00a0\u00bbrgba(92,42,131,0.45)\u00a0\u00bb locked=\u00a0\u00bboff\u00a0\u00bb global_colors_info=\u00a0\u00bb{}\u00a0\u00bb button_text_size__hover_enabled=\u00a0\u00bboff\u00a0\u00bb button_one_text_size__hover_enabled=\u00a0\u00bboff\u00a0\u00bb button_two_text_size__hover_enabled=\u00a0\u00bboff\u00a0\u00bb button_text_color__hover_enabled=\u00a0\u00bboff\u00a0\u00bb button_one_text_color__hover_enabled=\u00a0\u00bboff\u00a0\u00bb button_two_text_color__hover_enabled=\u00a0\u00bboff\u00a0\u00bb button_border_width__hover_enabled=\u00a0\u00bboff\u00a0\u00bb button_one_border_width__hover_enabled=\u00a0\u00bboff\u00a0\u00bb button_two_border_width__hover_enabled=\u00a0\u00bboff\u00a0\u00bb button_border_color__hover_enabled=\u00a0\u00bboff\u00a0\u00bb button_one_border_color__hover_enabled=\u00a0\u00bboff\u00a0\u00bb button_two_border_color__hover_enabled=\u00a0\u00bboff\u00a0\u00bb button_border_radius__hover_enabled=\u00a0\u00bboff\u00a0\u00bb button_one_border_radius__hover_enabled=\u00a0\u00bboff\u00a0\u00bb button_two_border_radius__hover_enabled=\u00a0\u00bboff\u00a0\u00bb button_letter_spacing__hover_enabled=\u00a0\u00bboff\u00a0\u00bb button_one_letter_spacing__hover_enabled=\u00a0\u00bboff\u00a0\u00bb button_two_letter_spacing__hover_enabled=\u00a0\u00bboff\u00a0\u00bb button_bg_color__hover_enabled=\u00a0\u00bboff\u00a0\u00bb button_one_bg_color__hover_enabled=\u00a0\u00bboff\u00a0\u00bb button_two_bg_color__hover_enabled=\u00a0\u00bboff\u00a0\u00bb]<br \/>\n[\/et_pb_button][\/et_pb_column][\/et_pb_row][\/et_pb_section]<\/p>\n<span class=\"et_bloom_bottom_trigger\"><\/span>","protected":false},"excerpt":{"rendered":"<p>Vous pouvez payer en esp\u00e8ces ou par carteAucune r\u00e9servation pr\u00e9alable n&rsquo;est requise pour utiliser le toboggan Les chiens peuvent entrer dans le parc tant qu&rsquo;ils sont tenus en laisse et accompagn\u00e9s de leurs ma\u00eetres.L&rsquo;\u00e2ge minimum est de 3 ans. Les enfants entre 3 et 7 ans doivent \u00eatre accompagn\u00e9s d&rsquo;une personne de plus de 16 [&hellip;]<\/p>\n","protected":false},"author":8,"featured_media":7689,"parent":0,"menu_order":7,"comment_status":"closed","ping_status":"closed","template":"","meta":{"_et_pb_use_builder":"on","_et_pb_old_content":"","_et_gb_content_width":"","footnotes":""},"class_list":["post-2183","page","type-page","status-publish","has-post-thumbnail","hentry"],"yoast_head":"<!-- This site is optimized with the Yoast SEO plugin v27.3 - https:\/\/yoast.com\/product\/yoast-seo-wordpress\/ -->\n<title>FAQ | Calafell Slide<\/title>\n<meta name=\"description\" content=\"Questions fr\u00e9quentes et r\u00e9ponses sur les activit\u00e9s au Toboggan g\u00e9ant a Calafell slide, entre Barcelone et Tarragone.\" \/>\n<meta name=\"robots\" content=\"index, follow, max-snippet:-1, max-image-preview:large, max-video-preview:-1\" \/>\n<link rel=\"canonical\" href=\"https:\/\/calafellslide.com\/fr\/faq-toboggan-slide\/\" \/>\n<meta property=\"og:locale\" content=\"fr_FR\" \/>\n<meta property=\"og:type\" content=\"article\" \/>\n<meta property=\"og:title\" content=\"FAQ | Calafell Slide\" \/>\n<meta property=\"og:description\" content=\"Questions fr\u00e9quentes et r\u00e9ponses sur les activit\u00e9s au Toboggan g\u00e9ant a Calafell slide, entre Barcelone et Tarragone.\" \/>\n<meta property=\"og:url\" content=\"https:\/\/calafellslide.com\/fr\/faq-toboggan-slide\/\" \/>\n<meta property=\"og:site_name\" content=\"Calafell Slide\" \/>\n<meta property=\"article:publisher\" content=\"https:\/\/www.facebook.com\/CalafellSlide\/\" \/>\n<meta property=\"article:modified_time\" content=\"2024-07-05T18:02:47+00:00\" \/>\n<meta property=\"og:image\" content=\"https:\/\/calafellslide.com\/wp-content\/uploads\/2024\/07\/IMG_8107-scaled.jpg\" \/>\n\t<meta property=\"og:image:width\" content=\"2560\" \/>\n\t<meta property=\"og:image:height\" content=\"1707\" \/>\n\t<meta property=\"og:image:type\" content=\"image\/jpeg\" \/>\n<meta name=\"twitter:card\" content=\"summary_large_image\" \/>\n<meta name=\"twitter:label1\" content=\"Dur\u00e9e de lecture estim\u00e9e\" \/>\n\t<meta name=\"twitter:data1\" content=\"6 minutes\" \/>\n<script type=\"application\/ld+json\" class=\"yoast-schema-graph\">{\"@context\":\"https:\\\/\\\/schema.org\",\"@graph\":[{\"@type\":\"WebPage\",\"@id\":\"https:\\\/\\\/calafellslide.com\\\/fr\\\/faq-toboggan-slide\\\/\",\"url\":\"https:\\\/\\\/calafellslide.com\\\/fr\\\/faq-toboggan-slide\\\/\",\"name\":\"FAQ | Calafell Slide\",\"isPartOf\":{\"@id\":\"https:\\\/\\\/calafellslide.com\\\/fr\\\/#website\"},\"primaryImageOfPage\":{\"@id\":\"https:\\\/\\\/calafellslide.com\\\/fr\\\/faq-toboggan-slide\\\/#primaryimage\"},\"image\":{\"@id\":\"https:\\\/\\\/calafellslide.com\\\/fr\\\/faq-toboggan-slide\\\/#primaryimage\"},\"thumbnailUrl\":\"https:\\\/\\\/calafellslide.com\\\/wp-content\\\/uploads\\\/2024\\\/07\\\/IMG_8107-scaled.jpg\",\"datePublished\":\"2020-03-15T10:29:32+00:00\",\"dateModified\":\"2024-07-05T18:02:47+00:00\",\"description\":\"Questions fr\u00e9quentes et r\u00e9ponses sur les activit\u00e9s au Toboggan g\u00e9ant a Calafell slide, entre Barcelone et Tarragone.\",\"breadcrumb\":{\"@id\":\"https:\\\/\\\/calafellslide.com\\\/fr\\\/faq-toboggan-slide\\\/#breadcrumb\"},\"inLanguage\":\"fr-FR\",\"potentialAction\":[{\"@type\":\"ReadAction\",\"target\":[\"https:\\\/\\\/calafellslide.com\\\/fr\\\/faq-toboggan-slide\\\/\"]}]},{\"@type\":\"ImageObject\",\"inLanguage\":\"fr-FR\",\"@id\":\"https:\\\/\\\/calafellslide.com\\\/fr\\\/faq-toboggan-slide\\\/#primaryimage\",\"url\":\"https:\\\/\\\/calafellslide.com\\\/wp-content\\\/uploads\\\/2024\\\/07\\\/IMG_8107-scaled.jpg\",\"contentUrl\":\"https:\\\/\\\/calafellslide.com\\\/wp-content\\\/uploads\\\/2024\\\/07\\\/IMG_8107-scaled.jpg\",\"width\":2560,\"height\":1707,\"caption\":\"The awsome Slide in Calafell\"},{\"@type\":\"BreadcrumbList\",\"@id\":\"https:\\\/\\\/calafellslide.com\\\/fr\\\/faq-toboggan-slide\\\/#breadcrumb\",\"itemListElement\":[{\"@type\":\"ListItem\",\"position\":1,\"name\":\"HOME\",\"item\":\"https:\\\/\\\/calafellslide.com\\\/fr\\\/\"},{\"@type\":\"ListItem\",\"position\":2,\"name\":\"FAQ Calafell Slide\"}]},{\"@type\":\"WebSite\",\"@id\":\"https:\\\/\\\/calafellslide.com\\\/fr\\\/#website\",\"url\":\"https:\\\/\\\/calafellslide.com\\\/fr\\\/\",\"name\":\"Calafell Slide\",\"description\":\"Parque de atracciones en Calafell (Tarragona)\",\"publisher\":{\"@id\":\"https:\\\/\\\/calafellslide.com\\\/fr\\\/#organization\"},\"potentialAction\":[{\"@type\":\"SearchAction\",\"target\":{\"@type\":\"EntryPoint\",\"urlTemplate\":\"https:\\\/\\\/calafellslide.com\\\/fr\\\/?s={search_term_string}\"},\"query-input\":{\"@type\":\"PropertyValueSpecification\",\"valueRequired\":true,\"valueName\":\"search_term_string\"}}],\"inLanguage\":\"fr-FR\"},{\"@type\":\"Organization\",\"@id\":\"https:\\\/\\\/calafellslide.com\\\/fr\\\/#organization\",\"name\":\"Calafell Slide\",\"url\":\"https:\\\/\\\/calafellslide.com\\\/fr\\\/\",\"logo\":{\"@type\":\"ImageObject\",\"inLanguage\":\"fr-FR\",\"@id\":\"https:\\\/\\\/calafellslide.com\\\/fr\\\/#\\\/schema\\\/logo\\\/image\\\/\",\"url\":\"https:\\\/\\\/calafellslide.com\\\/wp-content\\\/uploads\\\/2022\\\/10\\\/logo-calafell-slide-200.jpg\",\"contentUrl\":\"https:\\\/\\\/calafellslide.com\\\/wp-content\\\/uploads\\\/2022\\\/10\\\/logo-calafell-slide-200.jpg\",\"width\":200,\"height\":200,\"caption\":\"Calafell Slide\"},\"image\":{\"@id\":\"https:\\\/\\\/calafellslide.com\\\/fr\\\/#\\\/schema\\\/logo\\\/image\\\/\"},\"sameAs\":[\"https:\\\/\\\/www.facebook.com\\\/CalafellSlide\\\/\",\"https:\\\/\\\/www.instagram.com\\\/CalafellSlide\\\/\"]}]}<\/script>\n<!-- \/ Yoast SEO plugin. -->","yoast_head_json":{"title":"FAQ | Calafell Slide","description":"Questions fr\u00e9quentes et r\u00e9ponses sur les activit\u00e9s au Toboggan g\u00e9ant a Calafell slide, entre Barcelone et Tarragone.","robots":{"index":"index","follow":"follow","max-snippet":"max-snippet:-1","max-image-preview":"max-image-preview:large","max-video-preview":"max-video-preview:-1"},"canonical":"https:\/\/calafellslide.com\/fr\/faq-toboggan-slide\/","og_locale":"fr_FR","og_type":"article","og_title":"FAQ | Calafell Slide","og_description":"Questions fr\u00e9quentes et r\u00e9ponses sur les activit\u00e9s au Toboggan g\u00e9ant a Calafell slide, entre Barcelone et Tarragone.","og_url":"https:\/\/calafellslide.com\/fr\/faq-toboggan-slide\/","og_site_name":"Calafell Slide","article_publisher":"https:\/\/www.facebook.com\/CalafellSlide\/","article_modified_time":"2024-07-05T18:02:47+00:00","og_image":[{"width":2560,"height":1707,"url":"https:\/\/calafellslide.com\/wp-content\/uploads\/2024\/07\/IMG_8107-scaled.jpg","type":"image\/jpeg"}],"twitter_card":"summary_large_image","twitter_misc":{"Dur\u00e9e de lecture estim\u00e9e":"6 minutes"},"schema":{"@context":"https:\/\/schema.org","@graph":[{"@type":"WebPage","@id":"https:\/\/calafellslide.com\/fr\/faq-toboggan-slide\/","url":"https:\/\/calafellslide.com\/fr\/faq-toboggan-slide\/","name":"FAQ | Calafell Slide","isPartOf":{"@id":"https:\/\/calafellslide.com\/fr\/#website"},"primaryImageOfPage":{"@id":"https:\/\/calafellslide.com\/fr\/faq-toboggan-slide\/#primaryimage"},"image":{"@id":"https:\/\/calafellslide.com\/fr\/faq-toboggan-slide\/#primaryimage"},"thumbnailUrl":"https:\/\/calafellslide.com\/wp-content\/uploads\/2024\/07\/IMG_8107-scaled.jpg","datePublished":"2020-03-15T10:29:32+00:00","dateModified":"2024-07-05T18:02:47+00:00","description":"Questions fr\u00e9quentes et r\u00e9ponses sur les activit\u00e9s au Toboggan g\u00e9ant a Calafell slide, entre Barcelone et Tarragone.","breadcrumb":{"@id":"https:\/\/calafellslide.com\/fr\/faq-toboggan-slide\/#breadcrumb"},"inLanguage":"fr-FR","potentialAction":[{"@type":"ReadAction","target":["https:\/\/calafellslide.com\/fr\/faq-toboggan-slide\/"]}]},{"@type":"ImageObject","inLanguage":"fr-FR","@id":"https:\/\/calafellslide.com\/fr\/faq-toboggan-slide\/#primaryimage","url":"https:\/\/calafellslide.com\/wp-content\/uploads\/2024\/07\/IMG_8107-scaled.jpg","contentUrl":"https:\/\/calafellslide.com\/wp-content\/uploads\/2024\/07\/IMG_8107-scaled.jpg","width":2560,"height":1707,"caption":"The awsome Slide in Calafell"},{"@type":"BreadcrumbList","@id":"https:\/\/calafellslide.com\/fr\/faq-toboggan-slide\/#breadcrumb","itemListElement":[{"@type":"ListItem","position":1,"name":"HOME","item":"https:\/\/calafellslide.com\/fr\/"},{"@type":"ListItem","position":2,"name":"FAQ Calafell Slide"}]},{"@type":"WebSite","@id":"https:\/\/calafellslide.com\/fr\/#website","url":"https:\/\/calafellslide.com\/fr\/","name":"Calafell Slide","description":"Parque de atracciones en Calafell (Tarragona)","publisher":{"@id":"https:\/\/calafellslide.com\/fr\/#organization"},"potentialAction":[{"@type":"SearchAction","target":{"@type":"EntryPoint","urlTemplate":"https:\/\/calafellslide.com\/fr\/?s={search_term_string}"},"query-input":{"@type":"PropertyValueSpecification","valueRequired":true,"valueName":"search_term_string"}}],"inLanguage":"fr-FR"},{"@type":"Organization","@id":"https:\/\/calafellslide.com\/fr\/#organization","name":"Calafell Slide","url":"https:\/\/calafellslide.com\/fr\/","logo":{"@type":"ImageObject","inLanguage":"fr-FR","@id":"https:\/\/calafellslide.com\/fr\/#\/schema\/logo\/image\/","url":"https:\/\/calafellslide.com\/wp-content\/uploads\/2022\/10\/logo-calafell-slide-200.jpg","contentUrl":"https:\/\/calafellslide.com\/wp-content\/uploads\/2022\/10\/logo-calafell-slide-200.jpg","width":200,"height":200,"caption":"Calafell Slide"},"image":{"@id":"https:\/\/calafellslide.com\/fr\/#\/schema\/logo\/image\/"},"sameAs":["https:\/\/www.facebook.com\/CalafellSlide\/","https:\/\/www.instagram.com\/CalafellSlide\/"]}]}},"_links":{"self":[{"href":"https:\/\/calafellslide.com\/fr\/wp-json\/wp\/v2\/pages\/2183","targetHints":{"allow":["GET"]}}],"collection":[{"href":"https:\/\/calafellslide.com\/fr\/wp-json\/wp\/v2\/pages"}],"about":[{"href":"https:\/\/calafellslide.com\/fr\/wp-json\/wp\/v2\/types\/page"}],"author":[{"embeddable":true,"href":"https:\/\/calafellslide.com\/fr\/wp-json\/wp\/v2\/users\/8"}],"replies":[{"embeddable":true,"href":"https:\/\/calafellslide.com\/fr\/wp-json\/wp\/v2\/comments?post=2183"}],"version-history":[{"count":12,"href":"https:\/\/calafellslide.com\/fr\/wp-json\/wp\/v2\/pages\/2183\/revisions"}],"predecessor-version":[{"id":7697,"href":"https:\/\/calafellslide.com\/fr\/wp-json\/wp\/v2\/pages\/2183\/revisions\/7697"}],"wp:featuredmedia":[{"embeddable":true,"href":"https:\/\/calafellslide.com\/fr\/wp-json\/wp\/v2\/media\/7689"}],"wp:attachment":[{"href":"https:\/\/calafellslide.com\/fr\/wp-json\/wp\/v2\/media?parent=2183"}],"curies":[{"name":"wp","href":"https:\/\/api.w.org\/{rel}","templated":true}]}}