{"id":2275,"date":"2019-11-12T18:41:00","date_gmt":"2019-11-12T18:41:00","guid":{"rendered":"https:\/\/calafellslide.jurogaproyectosdigitales.com\/donde-estamos\/"},"modified":"2024-07-05T18:18:14","modified_gmt":"2024-07-05T18:18:14","slug":"ou-sommes-nous","status":"publish","type":"page","link":"https:\/\/calafellslide.com\/fr\/ou-sommes-nous\/","title":{"rendered":"O\u00f9 sommes-nous"},"content":{"rendered":"<p>[et_pb_section fb_built=\u00a0\u00bb1&Prime; next_background_color=\u00a0\u00bb#ffffff\u00a0\u00bb _builder_version=\u00a0\u00bb4.16&Prime; background_color=\u00a0\u00bbrgba(0,0,0,0.5)\u00a0\u00bb background_image=\u00a0\u00bbhttps:\/\/calafellslide.com\/wp-content\/uploads\/2019\/11\/gallery2.png\u00a0\u00bb background_blend=\u00a0\u00bbmultiply\u00a0\u00bb custom_padding=\u00a0\u00bb75px||100px||false|false\u00a0\u00bb bottom_divider_style=\u00a0\u00bbwaves2&Prime; bottom_divider_height=\u00a0\u00bb50px\u00a0\u00bb animation_style=\u00a0\u00bbfade\u00a0\u00bb locked=\u00a0\u00bboff\u00a0\u00bb global_colors_info=\u00a0\u00bb{}\u00a0\u00bb][et_pb_row _builder_version=\u00a0\u00bb4.16&Prime; global_colors_info=\u00a0\u00bb{}\u00a0\u00bb][et_pb_column type=\u00a0\u00bb4_4&Prime; _builder_version=\u00a0\u00bb4.16&Prime; global_colors_info=\u00a0\u00bb{}\u00a0\u00bb][et_pb_post_title meta=\u00a0\u00bboff\u00a0\u00bb featured_image=\u00a0\u00bboff\u00a0\u00bb text_color=\u00a0\u00bblight\u00a0\u00bb _builder_version=\u00a0\u00bb4.16&Prime; title_font=\u00a0\u00bbFredoka One||||||||\u00a0\u00bb title_text_align=\u00a0\u00bbcenter\u00a0\u00bb title_font_size=\u00a0\u00bb60px\u00a0\u00bb custom_margin=\u00a0\u00bb||0px||false|false\u00a0\u00bb animation_style=\u00a0\u00bbzoom\u00a0\u00bb animation_direction=\u00a0\u00bbleft\u00a0\u00bb animation_intensity_zoom=\u00a0\u00bb5%\u00a0\u00bb global_colors_info=\u00a0\u00bb{}\u00a0\u00bb][\/et_pb_post_title][\/et_pb_column][\/et_pb_row][\/et_pb_section][et_pb_section fb_built=\u00a0\u00bb1&Prime; _builder_version=\u00a0\u00bb4.16&Prime; custom_margin=\u00a0\u00bb||||false|false\u00a0\u00bb custom_padding=\u00a0\u00bb||125px||false|false\u00a0\u00bb bottom_divider_style=\u00a0\u00bbwaves2&Prime; bottom_divider_color=\u00a0\u00bb#222222&Prime; bottom_divider_height=\u00a0\u00bb50px\u00a0\u00bb global_colors_info=\u00a0\u00bb{}\u00a0\u00bb][et_pb_row _builder_version=\u00a0\u00bb4.16&Prime; custom_margin=\u00a0\u00bb||||false|false\u00a0\u00bb custom_padding=\u00a0\u00bb0px||0px||false|false\u00a0\u00bb global_colors_info=\u00a0\u00bb{}\u00a0\u00bb][et_pb_column type=\u00a0\u00bb4_4&Prime; _builder_version=\u00a0\u00bb4.16&Prime; global_colors_info=\u00a0\u00bb{}\u00a0\u00bb][et_pb_text _builder_version=\u00a0\u00bb4.17.4&Prime; header_2_font=\u00a0\u00bb|700|||||||\u00a0\u00bb header_2_font_size=\u00a0\u00bb30px\u00a0\u00bb header_2_line_height=\u00a0\u00bb1.2em\u00a0\u00bb header_5_font_size=\u00a0\u00bb18px\u00a0\u00bb header_5_line_height=\u00a0\u00bb1.5em\u00a0\u00bb hover_enabled=\u00a0\u00bb0&Prime; locked=\u00a0\u00bboff\u00a0\u00bb global_colors_info=\u00a0\u00bb{}\u00a0\u00bb sticky_enabled=\u00a0\u00bb0&Prime;]<\/p>\n<blockquote>\n<h3><strong>Nous sommes en face de la vieille ville de Calafell, \u00e0 c\u00f4t\u00e9 de la route Bellvei, sur le Cami de Ca La Manela.<\/strong><br \/><strong>Utilisez Google Maps ou AppleMaps. Ils vous emm\u00e8neront directement \u00e0 notre porte ! Voici nos coordonn\u00e9es GPS au cas o\u00f9 : 41.198913, 1.577228<\/strong><\/h3>\n<\/blockquote>\n<p><strong>Il n&rsquo;y a pas de transport en commun.<\/strong><\/p>\n<p><strong>Il est \u00e0 25 minutes \u00e0 pied de la gare \u00e0 pied.<\/strong><\/p>\n<p><strong>Le stationnement est gratuit.<\/strong><\/p>\n<p>Trouvez le rond-point de la Croix-Rouge \u00e0 Calafell, au-dessus de la gare. C&rsquo;est indiqu\u00e9 l\u00e0. Mieux vaut utiliser Google Maps, TomTom, Garmin ou AppleMaps. Ils vous conduiront directement \u00e0 notre porte! Voici nos coordonn\u00e9es GPS au cas o\u00f9 : 41.198913, 1.577228<br \/><span style=\"font-weight: 400;\"><\/span><\/p>\n<p>[\/et_pb_text][\/et_pb_column][\/et_pb_row][et_pb_row _builder_version=\u00a0\u00bb4.16&Prime; global_colors_info=\u00a0\u00bb{}\u00a0\u00bb][et_pb_column type=\u00a0\u00bb4_4&Prime; _builder_version=\u00a0\u00bb4.16&Prime; global_colors_info=\u00a0\u00bb{}\u00a0\u00bb][et_pb_code _builder_version=\u00a0\u00bb4.16&Prime; border_radii=\u00a0\u00bbon|5px|5px|5px|5px\u00a0\u00bb global_colors_info=\u00a0\u00bb{}\u00a0\u00bb]<iframe loading=\"lazy\" src=\"https:\/\/www.google.com\/maps\/embed?pb=!1m18!1m12!1m3!1d375.25981608406835!2d1.5747158150928071!3d41.1982614941508!2m3!1f0!2f0!3f0!3m2!1i1024!2i768!4f13.1!3m3!1m2!1s0x12a38b8d8299fe6f%3A0xfa96c435ba8d7279!2sCalafell%20Slide!5e0!3m2!1ses!2ses!4v1574261772236!5m2!1ses!2ses\" width=\"100%\" height=\"450\" frameborder=\"0\" style=\"border:0;\" allowfullscreen=\"\"><\/iframe>[\/et_pb_code][\/et_pb_column][\/et_pb_row][\/et_pb_section]<\/p>\n<span class=\"et_bloom_bottom_trigger\"><\/span>","protected":false},"excerpt":{"rendered":"<p>Nous sommes en face de la vieille ville de Calafell, \u00e0 c\u00f4t\u00e9 de la route Bellvei, sur le Cami de Ca La Manela.Utilisez Google Maps ou AppleMaps. Ils vous emm\u00e8neront directement \u00e0 notre porte ! Voici nos coordonn\u00e9es GPS au cas o\u00f9 : 41.198913, 1.577228 Il n&rsquo;y a pas de transport en commun. Il est [&hellip;]<\/p>\n","protected":false},"author":8,"featured_media":7679,"parent":0,"menu_order":8,"comment_status":"closed","ping_status":"closed","template":"","meta":{"_et_pb_use_builder":"on","_et_pb_old_content":"<!-- wp:divi\/placeholder \/-->","_et_gb_content_width":"","footnotes":""},"class_list":["post-2275","page","type-page","status-publish","has-post-thumbnail","hentry"],"yoast_head":"<!-- This site is optimized with the Yoast SEO plugin v27.3 - https:\/\/yoast.com\/product\/yoast-seo-wordpress\/ -->\n<title>Ou Sommes Nous | Calafell Slide<\/title>\n<meta name=\"description\" content=\"Retrouvez-nous dans la partie haute de Calafell, juste \u00e0 l&#039;entr\u00e9e, sur la colline devant l&#039;ancien Ch\u00e2teau.\" \/>\n<meta name=\"robots\" content=\"index, follow, max-snippet:-1, max-image-preview:large, max-video-preview:-1\" \/>\n<link rel=\"canonical\" href=\"https:\/\/calafellslide.com\/fr\/ou-sommes-nous\/\" \/>\n<meta property=\"og:locale\" content=\"fr_FR\" \/>\n<meta property=\"og:type\" content=\"article\" \/>\n<meta property=\"og:title\" content=\"D\u00f3nde Estamos | Calafell Slide\" \/>\n<meta property=\"og:description\" content=\"Estamos en frente del casco antiguo de Calafell, al lado de la carretera Bellvei, en el Mas Cami d\u2019en Vives. Encontrar la rotonda de la Cruz Roja en Calafell, arriba de la estaci\u00f3n de tren.\" \/>\n<meta property=\"og:url\" content=\"https:\/\/calafellslide.com\/fr\/ou-sommes-nous\/\" \/>\n<meta property=\"og:site_name\" content=\"Calafell Slide\" \/>\n<meta property=\"article:publisher\" content=\"https:\/\/www.facebook.com\/CalafellSlide\/\" \/>\n<meta property=\"article:modified_time\" content=\"2024-07-05T18:18:14+00:00\" \/>\n<meta property=\"og:image\" content=\"https:\/\/calafellslide.com\/wp-content\/uploads\/2019\/11\/Calafell-Calafell-Slide-1280x720-op-1280x720.jpg\" \/>\n\t<meta property=\"og:image:width\" content=\"1280\" \/>\n\t<meta property=\"og:image:height\" content=\"720\" \/>\n\t<meta property=\"og:image:type\" content=\"image\/jpeg\" \/>\n<meta name=\"twitter:card\" content=\"summary_large_image\" \/>\n<meta name=\"twitter:title\" content=\"D\u00f3nde Estamos | Calafell Slide\" \/>\n<meta name=\"twitter:description\" content=\"Estamos en frente del casco antiguo de Calafell, al lado de la carretera Bellvei, en el Mas Cami d\u2019en Vives. Encontrar la rotonda de la Cruz Roja en Calafell, arriba de la estaci\u00f3n de tren.\" \/>\n<meta name=\"twitter:image\" content=\"https:\/\/calafellslide.com\/wp-content\/uploads\/2019\/11\/Calafell-Calafell-Slide-1280x720-op-1280x720.jpg\" \/>\n<meta name=\"twitter:label1\" content=\"Dur\u00e9e de lecture estim\u00e9e\" \/>\n\t<meta name=\"twitter:data1\" content=\"2 minutes\" \/>\n<script type=\"application\/ld+json\" class=\"yoast-schema-graph\">{\"@context\":\"https:\\\/\\\/schema.org\",\"@graph\":[{\"@type\":\"WebPage\",\"@id\":\"https:\\\/\\\/calafellslide.com\\\/fr\\\/ou-sommes-nous\\\/\",\"url\":\"https:\\\/\\\/calafellslide.com\\\/fr\\\/ou-sommes-nous\\\/\",\"name\":\"Ou Sommes Nous | Calafell Slide\",\"isPartOf\":{\"@id\":\"https:\\\/\\\/calafellslide.com\\\/fr\\\/#website\"},\"primaryImageOfPage\":{\"@id\":\"https:\\\/\\\/calafellslide.com\\\/fr\\\/ou-sommes-nous\\\/#primaryimage\"},\"image\":{\"@id\":\"https:\\\/\\\/calafellslide.com\\\/fr\\\/ou-sommes-nous\\\/#primaryimage\"},\"thumbnailUrl\":\"https:\\\/\\\/calafellslide.com\\\/wp-content\\\/uploads\\\/2024\\\/07\\\/CALAFELL-SLIDE-22_resize-scaled-e1720201988989.jpg\",\"datePublished\":\"2019-11-12T18:41:00+00:00\",\"dateModified\":\"2024-07-05T18:18:14+00:00\",\"description\":\"Retrouvez-nous dans la partie haute de Calafell, juste \u00e0 l'entr\u00e9e, sur la colline devant l'ancien Ch\u00e2teau.\",\"breadcrumb\":{\"@id\":\"https:\\\/\\\/calafellslide.com\\\/fr\\\/ou-sommes-nous\\\/#breadcrumb\"},\"inLanguage\":\"fr-FR\",\"potentialAction\":[{\"@type\":\"ReadAction\",\"target\":[\"https:\\\/\\\/calafellslide.com\\\/fr\\\/ou-sommes-nous\\\/\"]}]},{\"@type\":\"ImageObject\",\"inLanguage\":\"fr-FR\",\"@id\":\"https:\\\/\\\/calafellslide.com\\\/fr\\\/ou-sommes-nous\\\/#primaryimage\",\"url\":\"https:\\\/\\\/calafellslide.com\\\/wp-content\\\/uploads\\\/2024\\\/07\\\/CALAFELL-SLIDE-22_resize-scaled-e1720201988989.jpg\",\"contentUrl\":\"https:\\\/\\\/calafellslide.com\\\/wp-content\\\/uploads\\\/2024\\\/07\\\/CALAFELL-SLIDE-22_resize-scaled-e1720201988989.jpg\",\"width\":800,\"height\":534,\"caption\":\"Photo Calafell Slide\"},{\"@type\":\"BreadcrumbList\",\"@id\":\"https:\\\/\\\/calafellslide.com\\\/fr\\\/ou-sommes-nous\\\/#breadcrumb\",\"itemListElement\":[{\"@type\":\"ListItem\",\"position\":1,\"name\":\"HOME\",\"item\":\"https:\\\/\\\/calafellslide.com\\\/fr\\\/\"},{\"@type\":\"ListItem\",\"position\":2,\"name\":\"O\u00f9 sommes-nous\"}]},{\"@type\":\"WebSite\",\"@id\":\"https:\\\/\\\/calafellslide.com\\\/fr\\\/#website\",\"url\":\"https:\\\/\\\/calafellslide.com\\\/fr\\\/\",\"name\":\"Calafell Slide\",\"description\":\"Parque de atracciones en Calafell (Tarragona)\",\"publisher\":{\"@id\":\"https:\\\/\\\/calafellslide.com\\\/fr\\\/#organization\"},\"potentialAction\":[{\"@type\":\"SearchAction\",\"target\":{\"@type\":\"EntryPoint\",\"urlTemplate\":\"https:\\\/\\\/calafellslide.com\\\/fr\\\/?s={search_term_string}\"},\"query-input\":{\"@type\":\"PropertyValueSpecification\",\"valueRequired\":true,\"valueName\":\"search_term_string\"}}],\"inLanguage\":\"fr-FR\"},{\"@type\":\"Organization\",\"@id\":\"https:\\\/\\\/calafellslide.com\\\/fr\\\/#organization\",\"name\":\"Calafell Slide\",\"url\":\"https:\\\/\\\/calafellslide.com\\\/fr\\\/\",\"logo\":{\"@type\":\"ImageObject\",\"inLanguage\":\"fr-FR\",\"@id\":\"https:\\\/\\\/calafellslide.com\\\/fr\\\/#\\\/schema\\\/logo\\\/image\\\/\",\"url\":\"https:\\\/\\\/calafellslide.com\\\/wp-content\\\/uploads\\\/2022\\\/10\\\/logo-calafell-slide-200.jpg\",\"contentUrl\":\"https:\\\/\\\/calafellslide.com\\\/wp-content\\\/uploads\\\/2022\\\/10\\\/logo-calafell-slide-200.jpg\",\"width\":200,\"height\":200,\"caption\":\"Calafell Slide\"},\"image\":{\"@id\":\"https:\\\/\\\/calafellslide.com\\\/fr\\\/#\\\/schema\\\/logo\\\/image\\\/\"},\"sameAs\":[\"https:\\\/\\\/www.facebook.com\\\/CalafellSlide\\\/\",\"https:\\\/\\\/www.instagram.com\\\/CalafellSlide\\\/\"]}]}<\/script>\n<!-- \/ Yoast SEO plugin. -->","yoast_head_json":{"title":"Ou Sommes Nous | Calafell Slide","description":"Retrouvez-nous dans la partie haute de Calafell, juste \u00e0 l'entr\u00e9e, sur la colline devant l'ancien Ch\u00e2teau.","robots":{"index":"index","follow":"follow","max-snippet":"max-snippet:-1","max-image-preview":"max-image-preview:large","max-video-preview":"max-video-preview:-1"},"canonical":"https:\/\/calafellslide.com\/fr\/ou-sommes-nous\/","og_locale":"fr_FR","og_type":"article","og_title":"D\u00f3nde Estamos | Calafell Slide","og_description":"Estamos en frente del casco antiguo de Calafell, al lado de la carretera Bellvei, en el Mas Cami d\u2019en Vives. Encontrar la rotonda de la Cruz Roja en Calafell, arriba de la estaci\u00f3n de tren.","og_url":"https:\/\/calafellslide.com\/fr\/ou-sommes-nous\/","og_site_name":"Calafell Slide","article_publisher":"https:\/\/www.facebook.com\/CalafellSlide\/","article_modified_time":"2024-07-05T18:18:14+00:00","og_image":[{"width":1280,"height":720,"url":"https:\/\/calafellslide.com\/wp-content\/uploads\/2019\/11\/Calafell-Calafell-Slide-1280x720-op-1280x720.jpg","type":"image\/jpeg"}],"twitter_card":"summary_large_image","twitter_title":"D\u00f3nde Estamos | Calafell Slide","twitter_description":"Estamos en frente del casco antiguo de Calafell, al lado de la carretera Bellvei, en el Mas Cami d\u2019en Vives. Encontrar la rotonda de la Cruz Roja en Calafell, arriba de la estaci\u00f3n de tren.","twitter_image":"https:\/\/calafellslide.com\/wp-content\/uploads\/2019\/11\/Calafell-Calafell-Slide-1280x720-op-1280x720.jpg","twitter_misc":{"Dur\u00e9e de lecture estim\u00e9e":"2 minutes"},"schema":{"@context":"https:\/\/schema.org","@graph":[{"@type":"WebPage","@id":"https:\/\/calafellslide.com\/fr\/ou-sommes-nous\/","url":"https:\/\/calafellslide.com\/fr\/ou-sommes-nous\/","name":"Ou Sommes Nous | Calafell Slide","isPartOf":{"@id":"https:\/\/calafellslide.com\/fr\/#website"},"primaryImageOfPage":{"@id":"https:\/\/calafellslide.com\/fr\/ou-sommes-nous\/#primaryimage"},"image":{"@id":"https:\/\/calafellslide.com\/fr\/ou-sommes-nous\/#primaryimage"},"thumbnailUrl":"https:\/\/calafellslide.com\/wp-content\/uploads\/2024\/07\/CALAFELL-SLIDE-22_resize-scaled-e1720201988989.jpg","datePublished":"2019-11-12T18:41:00+00:00","dateModified":"2024-07-05T18:18:14+00:00","description":"Retrouvez-nous dans la partie haute de Calafell, juste \u00e0 l'entr\u00e9e, sur la colline devant l'ancien Ch\u00e2teau.","breadcrumb":{"@id":"https:\/\/calafellslide.com\/fr\/ou-sommes-nous\/#breadcrumb"},"inLanguage":"fr-FR","potentialAction":[{"@type":"ReadAction","target":["https:\/\/calafellslide.com\/fr\/ou-sommes-nous\/"]}]},{"@type":"ImageObject","inLanguage":"fr-FR","@id":"https:\/\/calafellslide.com\/fr\/ou-sommes-nous\/#primaryimage","url":"https:\/\/calafellslide.com\/wp-content\/uploads\/2024\/07\/CALAFELL-SLIDE-22_resize-scaled-e1720201988989.jpg","contentUrl":"https:\/\/calafellslide.com\/wp-content\/uploads\/2024\/07\/CALAFELL-SLIDE-22_resize-scaled-e1720201988989.jpg","width":800,"height":534,"caption":"Photo Calafell Slide"},{"@type":"BreadcrumbList","@id":"https:\/\/calafellslide.com\/fr\/ou-sommes-nous\/#breadcrumb","itemListElement":[{"@type":"ListItem","position":1,"name":"HOME","item":"https:\/\/calafellslide.com\/fr\/"},{"@type":"ListItem","position":2,"name":"O\u00f9 sommes-nous"}]},{"@type":"WebSite","@id":"https:\/\/calafellslide.com\/fr\/#website","url":"https:\/\/calafellslide.com\/fr\/","name":"Calafell Slide","description":"Parque de atracciones en Calafell (Tarragona)","publisher":{"@id":"https:\/\/calafellslide.com\/fr\/#organization"},"potentialAction":[{"@type":"SearchAction","target":{"@type":"EntryPoint","urlTemplate":"https:\/\/calafellslide.com\/fr\/?s={search_term_string}"},"query-input":{"@type":"PropertyValueSpecification","valueRequired":true,"valueName":"search_term_string"}}],"inLanguage":"fr-FR"},{"@type":"Organization","@id":"https:\/\/calafellslide.com\/fr\/#organization","name":"Calafell Slide","url":"https:\/\/calafellslide.com\/fr\/","logo":{"@type":"ImageObject","inLanguage":"fr-FR","@id":"https:\/\/calafellslide.com\/fr\/#\/schema\/logo\/image\/","url":"https:\/\/calafellslide.com\/wp-content\/uploads\/2022\/10\/logo-calafell-slide-200.jpg","contentUrl":"https:\/\/calafellslide.com\/wp-content\/uploads\/2022\/10\/logo-calafell-slide-200.jpg","width":200,"height":200,"caption":"Calafell Slide"},"image":{"@id":"https:\/\/calafellslide.com\/fr\/#\/schema\/logo\/image\/"},"sameAs":["https:\/\/www.facebook.com\/CalafellSlide\/","https:\/\/www.instagram.com\/CalafellSlide\/"]}]}},"_links":{"self":[{"href":"https:\/\/calafellslide.com\/fr\/wp-json\/wp\/v2\/pages\/2275","targetHints":{"allow":["GET"]}}],"collection":[{"href":"https:\/\/calafellslide.com\/fr\/wp-json\/wp\/v2\/pages"}],"about":[{"href":"https:\/\/calafellslide.com\/fr\/wp-json\/wp\/v2\/types\/page"}],"author":[{"embeddable":true,"href":"https:\/\/calafellslide.com\/fr\/wp-json\/wp\/v2\/users\/8"}],"replies":[{"embeddable":true,"href":"https:\/\/calafellslide.com\/fr\/wp-json\/wp\/v2\/comments?post=2275"}],"version-history":[{"count":15,"href":"https:\/\/calafellslide.com\/fr\/wp-json\/wp\/v2\/pages\/2275\/revisions"}],"predecessor-version":[{"id":7708,"href":"https:\/\/calafellslide.com\/fr\/wp-json\/wp\/v2\/pages\/2275\/revisions\/7708"}],"wp:featuredmedia":[{"embeddable":true,"href":"https:\/\/calafellslide.com\/fr\/wp-json\/wp\/v2\/media\/7679"}],"wp:attachment":[{"href":"https:\/\/calafellslide.com\/fr\/wp-json\/wp\/v2\/media?parent=2275"}],"curies":[{"name":"wp","href":"https:\/\/api.w.org\/{rel}","templated":true}]}}