{"id":2295,"date":"2019-11-13T18:52:48","date_gmt":"2019-11-13T18:52:48","guid":{"rendered":"https:\/\/calafellslide.jurogaproyectosdigitales.com\/horario\/"},"modified":"2026-03-08T09:54:41","modified_gmt":"2026-03-08T09:54:41","slug":"horaires-activites-calafell","status":"publish","type":"page","link":"https:\/\/calafellslide.com\/fr\/horaires-activites-calafell\/","title":{"rendered":"Horaires"},"content":{"rendered":"<p>[et_pb_section fb_built=\u00a0\u00bb1&Prime; next_background_color=\u00a0\u00bb#ffffff\u00a0\u00bb _builder_version=\u00a0\u00bb4.16&Prime; background_color=\u00a0\u00bbrgba(0,0,0,0.5)\u00a0\u00bb background_image=\u00a0\u00bbhttps:\/\/calafellslide.com\/wp-content\/uploads\/2019\/11\/gallery2.png\u00a0\u00bb background_blend=\u00a0\u00bbmultiply\u00a0\u00bb custom_padding=\u00a0\u00bb75px||100px||false|false\u00a0\u00bb bottom_divider_style=\u00a0\u00bbwaves2&Prime; bottom_divider_height=\u00a0\u00bb50px\u00a0\u00bb animation_style=\u00a0\u00bbfade\u00a0\u00bb locked=\u00a0\u00bboff\u00a0\u00bb global_colors_info=\u00a0\u00bb{}\u00a0\u00bb][et_pb_row _builder_version=\u00a0\u00bb4.16&Prime; global_colors_info=\u00a0\u00bb{}\u00a0\u00bb][et_pb_column type=\u00a0\u00bb4_4&Prime; _builder_version=\u00a0\u00bb4.16&Prime; global_colors_info=\u00a0\u00bb{}\u00a0\u00bb][et_pb_post_title meta=\u00a0\u00bboff\u00a0\u00bb featured_image=\u00a0\u00bboff\u00a0\u00bb text_color=\u00a0\u00bblight\u00a0\u00bb _builder_version=\u00a0\u00bb4.16&Prime; title_font=\u00a0\u00bbFredoka One||||||||\u00a0\u00bb title_text_align=\u00a0\u00bbcenter\u00a0\u00bb title_font_size=\u00a0\u00bb60px\u00a0\u00bb custom_margin=\u00a0\u00bb||0px||false|false\u00a0\u00bb animation_style=\u00a0\u00bbzoom\u00a0\u00bb animation_direction=\u00a0\u00bbleft\u00a0\u00bb animation_intensity_zoom=\u00a0\u00bb5%\u00a0\u00bb global_colors_info=\u00a0\u00bb{}\u00a0\u00bb][\/et_pb_post_title][\/et_pb_column][\/et_pb_row][\/et_pb_section][et_pb_section fb_built=\u00a0\u00bb1&Prime; _builder_version=\u00a0\u00bb4.16&Prime; custom_margin=\u00a0\u00bb50px||||false|false\u00a0\u00bb custom_padding=\u00a0\u00bb0px||125px||false|false\u00a0\u00bb bottom_divider_style=\u00a0\u00bbwaves2&Prime; bottom_divider_color=\u00a0\u00bb#222222&Prime; bottom_divider_height=\u00a0\u00bb50px\u00a0\u00bb global_colors_info=\u00a0\u00bb{}\u00a0\u00bb][et_pb_row _builder_version=\u00a0\u00bb4.16&Prime; custom_padding=\u00a0\u00bb0px||0px||false|false\u00a0\u00bb global_colors_info=\u00a0\u00bb{}\u00a0\u00bb][et_pb_column type=\u00a0\u00bb4_4&Prime; _builder_version=\u00a0\u00bb4.16&Prime; global_colors_info=\u00a0\u00bb{}\u00a0\u00bb][et_pb_text _builder_version=\u00a0\u00bb4.16&Prime; text_font=\u00a0\u00bb||||||||\u00a0\u00bb header_font=\u00a0\u00bb||||||||\u00a0\u00bb header_2_font=\u00a0\u00bbFredoka One||||||||\u00a0\u00bb header_2_font_size=\u00a0\u00bb42px\u00a0\u00bb header_2_line_height=\u00a0\u00bb1.4em\u00a0\u00bb header_3_font=\u00a0\u00bbFredoka One||||||||\u00a0\u00bb header_3_font_size=\u00a0\u00bb30px\u00a0\u00bb header_3_line_height=\u00a0\u00bb1.3em\u00a0\u00bb text_orientation=\u00a0\u00bbcenter\u00a0\u00bb animation_style=\u00a0\u00bbfold\u00a0\u00bb header_2_font_size_tablet=\u00a0\u00bb\u00a0\u00bb header_2_font_size_phone=\u00a0\u00bb30px\u00a0\u00bb header_2_font_size_last_edited=\u00a0\u00bbon|phone\u00a0\u00bb locked=\u00a0\u00bboff\u00a0\u00bb global_colors_info=\u00a0\u00bb{}\u00a0\u00bb]<\/p>\n<h2><span data-sheets-root=\"1\" style=\"color: #ffffff;\">Activit\u00e9s \u00e0 Calafell<\/span><\/h2>\n<h2>Horaires d&rsquo;Ouverture et Dates<\/h2>\n<p>[\/et_pb_text][\/et_pb_column][\/et_pb_row][et_pb_row use_custom_gutter=\u00a0\u00bbon\u00a0\u00bb gutter_width=\u00a0\u00bb2&Prime; _builder_version=\u00a0\u00bb4.16&Prime; custom_padding=\u00a0\u00bb30px||0px||false|false\u00a0\u00bb locked=\u00a0\u00bboff\u00a0\u00bb global_colors_info=\u00a0\u00bb{}\u00a0\u00bb][et_pb_column type=\u00a0\u00bb4_4&Prime; _builder_version=\u00a0\u00bb4.16&Prime; global_colors_info=\u00a0\u00bb{}\u00a0\u00bb][et_pb_text _builder_version=\u00a0\u00bb4.17.4&Prime; text_font=\u00a0\u00bb||||||||\u00a0\u00bb header_font=\u00a0\u00bb||||||||\u00a0\u00bb header_2_font=\u00a0\u00bbFredoka One||||||||\u00a0\u00bb header_2_font_size=\u00a0\u00bb42px\u00a0\u00bb header_2_line_height=\u00a0\u00bb1.4em\u00a0\u00bb header_3_font=\u00a0\u00bbFredoka One||||||||\u00a0\u00bb header_3_font_size=\u00a0\u00bb30px\u00a0\u00bb header_3_line_height=\u00a0\u00bb1.3em\u00a0\u00bb text_orientation=\u00a0\u00bbcenter\u00a0\u00bb custom_margin=\u00a0\u00bb||-21px|||\u00a0\u00bb custom_padding=\u00a0\u00bb39px||20px|||\u00a0\u00bb animation_style=\u00a0\u00bbfold\u00a0\u00bb header_2_font_size_tablet=\u00a0\u00bb\u00a0\u00bb header_2_font_size_phone=\u00a0\u00bb30px\u00a0\u00bb header_2_font_size_last_edited=\u00a0\u00bbon|phone\u00a0\u00bb locked=\u00a0\u00bboff\u00a0\u00bb global_colors_info=\u00a0\u00bb{}\u00a0\u00bb]<\/p>\n<h3 class=\"tw-data-text tw-text-large tw-ta\" data-placeholder=\"\u00dcbersetzung\" aria-label=\"\u00dcbersetzter Text\" data-ved=\"2ahUKEwiWhZXkyYKFAxWxTKQEHY8JA2oQ3ewLegQIDhAT\" dir=\"ltr\" style=\"text-align: center;\"><span class=\"Y2IQFc\" lang=\"fr\" style=\"color: #0c71c3;\"><\/span><\/h3>\n<h3 class=\"tw-data-text tw-text-large tw-ta\" data-placeholder=\"\u00dcbersetzung\" id=\"tw-target-text\" aria-label=\"\u00dcbersetzter Text\" data-ved=\"2ahUKEwiWhZXkyYKFAxWxTKQEHY8JA2oQ3ewLegQIDhAT\" dir=\"ltr\" style=\"text-align: center;\"><\/h3>\n<h3><span style=\"font-family: inherit; font-weight: normal;\"><strong><span style=\"font-size: xx-large; color: #7cda24;\"><span class=\"HwtZe\" jsname=\"jqKxS\" jsaction=\"mouseup:Sxi9L,BR6jm; mousedown:qjlr0e\" lang=\"fr\"><span jsname=\"txFAF\" class=\"jCAhz ChMk0b\" jsaction=\"agoMJf:PFBcW;MZfLnc:P7O7bd;nt4Alf:pvnm0e,pfE8Hb,PFBcW;B01qod:dJXsye;H1e5u:iXtTIf;lYIUJf:hij5Wb;tSpjdb:qAKMYb\" jscontroller=\"BiTO4b\"><span class=\"ryNqvb\" jsname=\"W297wb\" jsaction=\"click:PDNqTc,GFf3ac,qlVvte;contextmenu:Nqw7Te,QP7LD; mouseout:Nqw7Te; mouseover:PDNqTc,c2aHje\"><span style=\"color: #0c71c3;\">R\u00e9ouverture : 21 mars 2026<\/span><\/span><\/span><\/span><br \/>Jeudi et vendredi 17:00 a 20:00h<br \/>Samedi et dimanche 11:00 a 20:00h<\/span><\/strong><\/span><\/h3>\n<p>&nbsp;<\/p>\n<p><span class=\"Y2IQFc\" lang=\"fr\" style=\"color: #e09900; font-size: x-large;\"><span data-sheets-root=\"1\"><\/span><\/span><\/p>\n<p><span class=\"Y2IQFc\" lang=\"fr\" style=\"color: #e09900; font-size: x-large;\"><span data-sheets-root=\"1\"><\/span><\/span><\/p>\n<h3 class=\"tw-data-text tw-text-large tw-ta\" data-placeholder=\"\u00dcbersetzung\" aria-label=\"\u00dcbersetzter Text\" data-ved=\"2ahUKEwiWhZXkyYKFAxWxTKQEHY8JA2oQ3ewLegQIDhAT\" dir=\"ltr\" style=\"text-align: center;\"><span class=\"Y2IQFc\" lang=\"fr\" style=\"color: #e09900; font-size: x-large;\"><\/span><\/h3>\n<h3 class=\"tw-data-text tw-text-large tw-ta\" data-placeholder=\"\u00dcbersetzung\" id=\"tw-target-text\" aria-label=\"\u00dcbersetzter Text\" data-ved=\"2ahUKEwiWhZXkyYKFAxWxTKQEHY8JA2oQ3ewLegQIDhAT\" dir=\"ltr\" style=\"text-align: center;\"><span class=\"Y2IQFc\" lang=\"fr\" style=\"color: #e09900; font-size: x-large;\">Veuillez consulter le planning de toute l&rsquo;ann\u00e9e dans le tableau ci-dessous ou sur Google Maps<\/span><strong><span style=\"font-family: Calibri, sans-serif;\"><span lang=\"fr-FR\"><\/span><\/span><\/strong><\/h3>\n<p>&nbsp;<\/p>\n<h2><span style=\"font-size: xx-large;\"><strong><span style=\"color: #e02b20; font-family: inherit;\"><\/span><\/strong><\/span><\/h2>\n<h2><span style=\"font-size: xx-large;\"><strong><span style=\"color: #e02b20; font-family: inherit;\">Pas besoin de r\u00e9server !<\/span><\/strong><\/span><\/h2>\n<h2><span style=\"font-size: x-large;\">\u00a0<\/span><\/h2>\n<p>[\/et_pb_text][et_pb_image src=\u00a0\u00bbhttps:\/\/calafellslide.com\/wp-content\/uploads\/2026\/03\/Calendario-2026b.jpg\u00a0\u00bb _builder_version=\u00a0\u00bb4.27.6&Prime; _module_preset=\u00a0\u00bbdefault\u00a0\u00bb title_text=\u00a0\u00bbCalendario 2026b\u00a0\u00bb align=\u00a0\u00bbcenter\u00a0\u00bb hover_enabled=\u00a0\u00bb0&Prime; sticky_enabled=\u00a0\u00bb0&Prime;][\/et_pb_image][et_pb_button button_url=\u00a0\u00bbhttps:\/\/calafellslide.com\/fr\/faq-calafell-slide\/\u00a0\u00bb button_text=\u00a0\u00bbFAQs\u00a0\u00bb button_alignment=\u00a0\u00bbcenter\u00a0\u00bb _builder_version=\u00a0\u00bb4.17.4&Prime; _module_preset=\u00a0\u00bbdefault\u00a0\u00bb global_colors_info=\u00a0\u00bb{}\u00a0\u00bb][\/et_pb_button][et_pb_text _builder_version=\u00a0\u00bb4.16&Prime; _module_preset=\u00a0\u00bbdefault\u00a0\u00bb global_colors_info=\u00a0\u00bb{}\u00a0\u00bb][\/et_pb_text][\/et_pb_column][\/et_pb_row][et_pb_row _builder_version=\u00a0\u00bb4.18.0&Prime; _module_preset=\u00a0\u00bbdefault\u00a0\u00bb global_colors_info=\u00a0\u00bb{}\u00a0\u00bb][et_pb_column type=\u00a0\u00bb4_4&Prime; _builder_version=\u00a0\u00bb4.18.0&Prime; _module_preset=\u00a0\u00bbdefault\u00a0\u00bb global_colors_info=\u00a0\u00bb{}\u00a0\u00bb][\/et_pb_column][\/et_pb_row][\/et_pb_section]<\/p>\n<span class=\"et_bloom_bottom_trigger\"><\/span>","protected":false},"excerpt":{"rendered":"<p>Activit\u00e9s \u00e0 Calafell Horaires d&rsquo;Ouverture et Dates R\u00e9ouverture : 21 mars 2026Jeudi et vendredi 17:00 a 20:00hSamedi et dimanche 11:00 a 20:00h &nbsp; Veuillez consulter le planning de toute l&rsquo;ann\u00e9e dans le tableau ci-dessous ou sur Google Maps &nbsp; Pas besoin de r\u00e9server ! \u00a0<\/p>\n","protected":false},"author":8,"featured_media":5684,"parent":0,"menu_order":1,"comment_status":"closed","ping_status":"closed","template":"","meta":{"_et_pb_use_builder":"on","_et_pb_old_content":"<!-- wp:divi\/placeholder \/-->","_et_gb_content_width":"","footnotes":""},"class_list":["post-2295","page","type-page","status-publish","has-post-thumbnail","hentry"],"yoast_head":"<!-- This site is optimized with the Yoast SEO plugin v27.3 - https:\/\/yoast.com\/product\/yoast-seo-wordpress\/ -->\n<title>Horaires | Calafell Slide<\/title>\n<meta name=\"description\" content=\"V\u00e9rifiez les heures d\u2019ouverture et ne manquez pas nos attractions et activit\u00e9s \u00e0 Calafell Slide, entre Tarragone et Barcelone.\" \/>\n<meta name=\"robots\" content=\"index, follow, max-snippet:-1, max-image-preview:large, max-video-preview:-1\" \/>\n<link rel=\"canonical\" href=\"https:\/\/calafellslide.com\/fr\/horaires-activites-calafell\/\" \/>\n<meta property=\"og:locale\" content=\"fr_FR\" \/>\n<meta property=\"og:type\" content=\"article\" \/>\n<meta property=\"og:title\" content=\"Horarios | Calafell Slide\" \/>\n<meta property=\"og:description\" content=\"Comprueba los horarios de apertura y no te pierdas nuestras atracciones y servicios.\" \/>\n<meta property=\"og:url\" content=\"https:\/\/calafellslide.com\/fr\/horaires-activites-calafell\/\" \/>\n<meta property=\"og:site_name\" content=\"Calafell Slide\" \/>\n<meta property=\"article:publisher\" content=\"https:\/\/www.facebook.com\/CalafellSlide\/\" \/>\n<meta property=\"article:modified_time\" content=\"2026-03-08T09:54:41+00:00\" \/>\n<meta property=\"og:image\" content=\"https:\/\/calafellslide.com\/wp-content\/uploads\/2019\/11\/gallery10.png\" \/>\n\t<meta property=\"og:image:width\" content=\"720\" \/>\n\t<meta property=\"og:image:height\" content=\"540\" \/>\n\t<meta property=\"og:image:type\" content=\"image\/png\" \/>\n<meta name=\"twitter:card\" content=\"summary_large_image\" \/>\n<meta name=\"twitter:title\" content=\"Horarios | Calafell Slide\" \/>\n<meta name=\"twitter:description\" content=\"Comprueba los horarios de apertura y no te pierdas nuestras atracciones y servicios.\" \/>\n<meta name=\"twitter:image\" content=\"https:\/\/calafellslide.com\/wp-content\/uploads\/2019\/11\/gallery10.png\" \/>\n<meta name=\"twitter:label1\" content=\"Dur\u00e9e de lecture estim\u00e9e\" \/>\n\t<meta name=\"twitter:data1\" content=\"2 minutes\" \/>\n<script type=\"application\/ld+json\" class=\"yoast-schema-graph\">{\"@context\":\"https:\\\/\\\/schema.org\",\"@graph\":[{\"@type\":\"WebPage\",\"@id\":\"https:\\\/\\\/calafellslide.com\\\/fr\\\/horaires-activites-calafell\\\/\",\"url\":\"https:\\\/\\\/calafellslide.com\\\/fr\\\/horaires-activites-calafell\\\/\",\"name\":\"Horaires | Calafell Slide\",\"isPartOf\":{\"@id\":\"https:\\\/\\\/calafellslide.com\\\/fr\\\/#website\"},\"primaryImageOfPage\":{\"@id\":\"https:\\\/\\\/calafellslide.com\\\/fr\\\/horaires-activites-calafell\\\/#primaryimage\"},\"image\":{\"@id\":\"https:\\\/\\\/calafellslide.com\\\/fr\\\/horaires-activites-calafell\\\/#primaryimage\"},\"thumbnailUrl\":\"https:\\\/\\\/calafellslide.com\\\/wp-content\\\/uploads\\\/2022\\\/01\\\/Isy2-scaled.jpg\",\"datePublished\":\"2019-11-13T18:52:48+00:00\",\"dateModified\":\"2026-03-08T09:54:41+00:00\",\"description\":\"V\u00e9rifiez les heures d\u2019ouverture et ne manquez pas nos attractions et activit\u00e9s \u00e0 Calafell Slide, entre Tarragone et Barcelone.\",\"breadcrumb\":{\"@id\":\"https:\\\/\\\/calafellslide.com\\\/fr\\\/horaires-activites-calafell\\\/#breadcrumb\"},\"inLanguage\":\"fr-FR\",\"potentialAction\":[{\"@type\":\"ReadAction\",\"target\":[\"https:\\\/\\\/calafellslide.com\\\/fr\\\/horaires-activites-calafell\\\/\"]}]},{\"@type\":\"ImageObject\",\"inLanguage\":\"fr-FR\",\"@id\":\"https:\\\/\\\/calafellslide.com\\\/fr\\\/horaires-activites-calafell\\\/#primaryimage\",\"url\":\"https:\\\/\\\/calafellslide.com\\\/wp-content\\\/uploads\\\/2022\\\/01\\\/Isy2-scaled.jpg\",\"contentUrl\":\"https:\\\/\\\/calafellslide.com\\\/wp-content\\\/uploads\\\/2022\\\/01\\\/Isy2-scaled.jpg\",\"width\":2560,\"height\":1707,\"caption\":\"Photo Calafell Slide\"},{\"@type\":\"BreadcrumbList\",\"@id\":\"https:\\\/\\\/calafellslide.com\\\/fr\\\/horaires-activites-calafell\\\/#breadcrumb\",\"itemListElement\":[{\"@type\":\"ListItem\",\"position\":1,\"name\":\"HOME\",\"item\":\"https:\\\/\\\/calafellslide.com\\\/fr\\\/\"},{\"@type\":\"ListItem\",\"position\":2,\"name\":\"Horaires\"}]},{\"@type\":\"WebSite\",\"@id\":\"https:\\\/\\\/calafellslide.com\\\/fr\\\/#website\",\"url\":\"https:\\\/\\\/calafellslide.com\\\/fr\\\/\",\"name\":\"Calafell Slide\",\"description\":\"Parque de atracciones en Calafell (Tarragona)\",\"publisher\":{\"@id\":\"https:\\\/\\\/calafellslide.com\\\/fr\\\/#organization\"},\"potentialAction\":[{\"@type\":\"SearchAction\",\"target\":{\"@type\":\"EntryPoint\",\"urlTemplate\":\"https:\\\/\\\/calafellslide.com\\\/fr\\\/?s={search_term_string}\"},\"query-input\":{\"@type\":\"PropertyValueSpecification\",\"valueRequired\":true,\"valueName\":\"search_term_string\"}}],\"inLanguage\":\"fr-FR\"},{\"@type\":\"Organization\",\"@id\":\"https:\\\/\\\/calafellslide.com\\\/fr\\\/#organization\",\"name\":\"Calafell Slide\",\"url\":\"https:\\\/\\\/calafellslide.com\\\/fr\\\/\",\"logo\":{\"@type\":\"ImageObject\",\"inLanguage\":\"fr-FR\",\"@id\":\"https:\\\/\\\/calafellslide.com\\\/fr\\\/#\\\/schema\\\/logo\\\/image\\\/\",\"url\":\"https:\\\/\\\/calafellslide.com\\\/wp-content\\\/uploads\\\/2022\\\/10\\\/logo-calafell-slide-200.jpg\",\"contentUrl\":\"https:\\\/\\\/calafellslide.com\\\/wp-content\\\/uploads\\\/2022\\\/10\\\/logo-calafell-slide-200.jpg\",\"width\":200,\"height\":200,\"caption\":\"Calafell Slide\"},\"image\":{\"@id\":\"https:\\\/\\\/calafellslide.com\\\/fr\\\/#\\\/schema\\\/logo\\\/image\\\/\"},\"sameAs\":[\"https:\\\/\\\/www.facebook.com\\\/CalafellSlide\\\/\",\"https:\\\/\\\/www.instagram.com\\\/CalafellSlide\\\/\"]}]}<\/script>\n<!-- \/ Yoast SEO plugin. -->","yoast_head_json":{"title":"Horaires | Calafell Slide","description":"V\u00e9rifiez les heures d\u2019ouverture et ne manquez pas nos attractions et activit\u00e9s \u00e0 Calafell Slide, entre Tarragone et Barcelone.","robots":{"index":"index","follow":"follow","max-snippet":"max-snippet:-1","max-image-preview":"max-image-preview:large","max-video-preview":"max-video-preview:-1"},"canonical":"https:\/\/calafellslide.com\/fr\/horaires-activites-calafell\/","og_locale":"fr_FR","og_type":"article","og_title":"Horarios | Calafell Slide","og_description":"Comprueba los horarios de apertura y no te pierdas nuestras atracciones y servicios.","og_url":"https:\/\/calafellslide.com\/fr\/horaires-activites-calafell\/","og_site_name":"Calafell Slide","article_publisher":"https:\/\/www.facebook.com\/CalafellSlide\/","article_modified_time":"2026-03-08T09:54:41+00:00","og_image":[{"width":720,"height":540,"url":"https:\/\/calafellslide.com\/wp-content\/uploads\/2019\/11\/gallery10.png","type":"image\/png"}],"twitter_card":"summary_large_image","twitter_title":"Horarios | Calafell Slide","twitter_description":"Comprueba los horarios de apertura y no te pierdas nuestras atracciones y servicios.","twitter_image":"https:\/\/calafellslide.com\/wp-content\/uploads\/2019\/11\/gallery10.png","twitter_misc":{"Dur\u00e9e de lecture estim\u00e9e":"2 minutes"},"schema":{"@context":"https:\/\/schema.org","@graph":[{"@type":"WebPage","@id":"https:\/\/calafellslide.com\/fr\/horaires-activites-calafell\/","url":"https:\/\/calafellslide.com\/fr\/horaires-activites-calafell\/","name":"Horaires | Calafell Slide","isPartOf":{"@id":"https:\/\/calafellslide.com\/fr\/#website"},"primaryImageOfPage":{"@id":"https:\/\/calafellslide.com\/fr\/horaires-activites-calafell\/#primaryimage"},"image":{"@id":"https:\/\/calafellslide.com\/fr\/horaires-activites-calafell\/#primaryimage"},"thumbnailUrl":"https:\/\/calafellslide.com\/wp-content\/uploads\/2022\/01\/Isy2-scaled.jpg","datePublished":"2019-11-13T18:52:48+00:00","dateModified":"2026-03-08T09:54:41+00:00","description":"V\u00e9rifiez les heures d\u2019ouverture et ne manquez pas nos attractions et activit\u00e9s \u00e0 Calafell Slide, entre Tarragone et Barcelone.","breadcrumb":{"@id":"https:\/\/calafellslide.com\/fr\/horaires-activites-calafell\/#breadcrumb"},"inLanguage":"fr-FR","potentialAction":[{"@type":"ReadAction","target":["https:\/\/calafellslide.com\/fr\/horaires-activites-calafell\/"]}]},{"@type":"ImageObject","inLanguage":"fr-FR","@id":"https:\/\/calafellslide.com\/fr\/horaires-activites-calafell\/#primaryimage","url":"https:\/\/calafellslide.com\/wp-content\/uploads\/2022\/01\/Isy2-scaled.jpg","contentUrl":"https:\/\/calafellslide.com\/wp-content\/uploads\/2022\/01\/Isy2-scaled.jpg","width":2560,"height":1707,"caption":"Photo Calafell Slide"},{"@type":"BreadcrumbList","@id":"https:\/\/calafellslide.com\/fr\/horaires-activites-calafell\/#breadcrumb","itemListElement":[{"@type":"ListItem","position":1,"name":"HOME","item":"https:\/\/calafellslide.com\/fr\/"},{"@type":"ListItem","position":2,"name":"Horaires"}]},{"@type":"WebSite","@id":"https:\/\/calafellslide.com\/fr\/#website","url":"https:\/\/calafellslide.com\/fr\/","name":"Calafell Slide","description":"Parque de atracciones en Calafell (Tarragona)","publisher":{"@id":"https:\/\/calafellslide.com\/fr\/#organization"},"potentialAction":[{"@type":"SearchAction","target":{"@type":"EntryPoint","urlTemplate":"https:\/\/calafellslide.com\/fr\/?s={search_term_string}"},"query-input":{"@type":"PropertyValueSpecification","valueRequired":true,"valueName":"search_term_string"}}],"inLanguage":"fr-FR"},{"@type":"Organization","@id":"https:\/\/calafellslide.com\/fr\/#organization","name":"Calafell Slide","url":"https:\/\/calafellslide.com\/fr\/","logo":{"@type":"ImageObject","inLanguage":"fr-FR","@id":"https:\/\/calafellslide.com\/fr\/#\/schema\/logo\/image\/","url":"https:\/\/calafellslide.com\/wp-content\/uploads\/2022\/10\/logo-calafell-slide-200.jpg","contentUrl":"https:\/\/calafellslide.com\/wp-content\/uploads\/2022\/10\/logo-calafell-slide-200.jpg","width":200,"height":200,"caption":"Calafell Slide"},"image":{"@id":"https:\/\/calafellslide.com\/fr\/#\/schema\/logo\/image\/"},"sameAs":["https:\/\/www.facebook.com\/CalafellSlide\/","https:\/\/www.instagram.com\/CalafellSlide\/"]}]}},"_links":{"self":[{"href":"https:\/\/calafellslide.com\/fr\/wp-json\/wp\/v2\/pages\/2295","targetHints":{"allow":["GET"]}}],"collection":[{"href":"https:\/\/calafellslide.com\/fr\/wp-json\/wp\/v2\/pages"}],"about":[{"href":"https:\/\/calafellslide.com\/fr\/wp-json\/wp\/v2\/types\/page"}],"author":[{"embeddable":true,"href":"https:\/\/calafellslide.com\/fr\/wp-json\/wp\/v2\/users\/8"}],"replies":[{"embeddable":true,"href":"https:\/\/calafellslide.com\/fr\/wp-json\/wp\/v2\/comments?post=2295"}],"version-history":[{"count":74,"href":"https:\/\/calafellslide.com\/fr\/wp-json\/wp\/v2\/pages\/2295\/revisions"}],"predecessor-version":[{"id":8328,"href":"https:\/\/calafellslide.com\/fr\/wp-json\/wp\/v2\/pages\/2295\/revisions\/8328"}],"wp:featuredmedia":[{"embeddable":true,"href":"https:\/\/calafellslide.com\/fr\/wp-json\/wp\/v2\/media\/5684"}],"wp:attachment":[{"href":"https:\/\/calafellslide.com\/fr\/wp-json\/wp\/v2\/media?parent=2295"}],"curies":[{"name":"wp","href":"https:\/\/api.w.org\/{rel}","templated":true}]}}