{"id":2350,"date":"2019-11-12T18:47:02","date_gmt":"2019-11-12T18:47:02","guid":{"rendered":"https:\/\/calafellslide.jurogaproyectosdigitales.com\/uso-de-cookies\/"},"modified":"2024-06-13T15:13:16","modified_gmt":"2024-06-13T15:13:16","slug":"utilisation-de-cookies","status":"publish","type":"page","link":"https:\/\/calafellslide.com\/fr\/utilisation-de-cookies\/","title":{"rendered":"Utilisation de Cookies"},"content":{"rendered":"<p>[et_pb_section fb_built=\u00a0\u00bb1&Prime; next_background_color=\u00a0\u00bb#ffffff\u00a0\u00bb _builder_version=\u00a0\u00bb4.16&Prime; background_color=\u00a0\u00bbrgba(0,0,0,0.5)\u00a0\u00bb background_image=\u00a0\u00bbhttps:\/\/calafellslide.com\/wp-content\/uploads\/2019\/11\/gallery2.png\u00a0\u00bb background_blend=\u00a0\u00bbmultiply\u00a0\u00bb custom_padding=\u00a0\u00bb75px||100px||false|false\u00a0\u00bb bottom_divider_style=\u00a0\u00bbwaves2&Prime; bottom_divider_height=\u00a0\u00bb50px\u00a0\u00bb animation_style=\u00a0\u00bbfade\u00a0\u00bb locked=\u00a0\u00bboff\u00a0\u00bb global_colors_info=\u00a0\u00bb{}\u00a0\u00bb][et_pb_row _builder_version=\u00a0\u00bb4.16&Prime; global_colors_info=\u00a0\u00bb{}\u00a0\u00bb][et_pb_column type=\u00a0\u00bb4_4&Prime; _builder_version=\u00a0\u00bb4.16&Prime; global_colors_info=\u00a0\u00bb{}\u00a0\u00bb][et_pb_post_title meta=\u00a0\u00bboff\u00a0\u00bb featured_image=\u00a0\u00bboff\u00a0\u00bb text_color=\u00a0\u00bblight\u00a0\u00bb _builder_version=\u00a0\u00bb4.16&Prime; title_font=\u00a0\u00bbFredoka One||||||||\u00a0\u00bb title_text_align=\u00a0\u00bbcenter\u00a0\u00bb title_font_size=\u00a0\u00bb60px\u00a0\u00bb custom_margin=\u00a0\u00bb||0px||false|false\u00a0\u00bb animation_style=\u00a0\u00bbzoom\u00a0\u00bb animation_direction=\u00a0\u00bbleft\u00a0\u00bb animation_intensity_zoom=\u00a0\u00bb5%\u00a0\u00bb global_colors_info=\u00a0\u00bb{}\u00a0\u00bb][\/et_pb_post_title][\/et_pb_column][\/et_pb_row][\/et_pb_section][et_pb_section fb_built=\u00a0\u00bb1&Prime; _builder_version=\u00a0\u00bb4.16&Prime; custom_padding=\u00a0\u00bb||125px||false|false\u00a0\u00bb bottom_divider_style=\u00a0\u00bbwaves2&Prime; bottom_divider_color=\u00a0\u00bb#222222&Prime; bottom_divider_height=\u00a0\u00bb50px\u00a0\u00bb global_colors_info=\u00a0\u00bb{}\u00a0\u00bb][et_pb_row _builder_version=\u00a0\u00bb4.16&Prime; global_colors_info=\u00a0\u00bb{}\u00a0\u00bb][et_pb_column type=\u00a0\u00bb4_4&Prime; _builder_version=\u00a0\u00bb4.16&Prime; global_colors_info=\u00a0\u00bb{}\u00a0\u00bb][et_pb_text _builder_version=\u00a0\u00bb4.21.0&Prime; text_orientation=\u00a0\u00bbjustified\u00a0\u00bb hover_enabled=\u00a0\u00bb0&Prime; global_colors_info=\u00a0\u00bb{}\u00a0\u00bb sticky_enabled=\u00a0\u00bb0&Prime;]<\/p>\n<p><span style=\"font-weight: 400;\">Veuillez noter que si vous bloquez l&rsquo;utilisation de cookies dans votre navigateur, certains services ou fonctionnalit\u00e9s de la boutique en ligne peuvent ne pas \u00eatre disponibles.<\/span><\/p>\n<p><span style=\"font-weight: 400;\">Certains navigateurs peuvent configurer des r\u00e8gles sp\u00e9cifiques pour g\u00e9rer les cookies par site Web, offrant ainsi un contr\u00f4le plus fin sur la confidentialit\u00e9. Cela signifie que vous pouvez d\u00e9sactiver les cookies de tous les sites, \u00e0 l&rsquo;exception de ceux en qui vous avez confiance.<\/span><\/p>\n<h2><span style=\"font-weight: 400;\">Informations sur la politique de cookies de www.calafellslide.com<\/span><\/h2>\n<p><span style=\"font-weight: 400;\">Ce site Web utilise des cookies propres et de tiers pour vous offrir une meilleure exp\u00e9rience et un meilleur service. En naviguant ou en utilisant nos services, l&rsquo;utilisateur accepte l&rsquo;utilisation des cookies. Cependant, l&rsquo;utilisateur a la possibilit\u00e9 d&#8217;emp\u00eacher la g\u00e9n\u00e9ration de cookies et de les supprimer en s\u00e9lectionnant l&rsquo;option correspondante dans son navigateur. Si vous bloquez l&rsquo;utilisation des cookies dans votre navigateur, il est possible que certains services ou fonctionnalit\u00e9s de la boutique en ligne ne soient pas disponibles.<\/span><\/p>\n<h2><span style=\"font-weight: 400;\">Qu&rsquo;est-ce qu&rsquo;un cookie?<\/span><\/h2>\n<p><span style=\"font-weight: 400;\">Un cookie est un fichier cr\u00e9\u00e9 par une boutique en ligne pour sauvegarder des informations sur l&rsquo;ordinateur, telles que vos pr\u00e9f\u00e9rences de visite sur le site Web. Lorsque vous visitez une page qui utilise des cookies, le site peut demander \u00e0 votre navigateur de sauvegarder un ou plusieurs cookies sur le disque dur. Selon le navigateur, les cookies sont sauvegard\u00e9s dans un seul fichier ou dans diff\u00e9rents fichiers.<\/span><\/p>\n<p><span style=\"font-weight: 400;\">Les cookies sauvegardent souvent vos param\u00e8tres de pages Web, comme votre langue pr\u00e9f\u00e9r\u00e9e ou votre emplacement. De cette fa\u00e7on, lorsque vous revenez sur le site en question, le navigateur envoie les cookies qui appartiennent \u00e0 ce site, permettant d&rsquo;afficher les informations personnalis\u00e9es selon vos besoins.<\/span><\/p>\n<p><span style=\"font-weight: 400;\">Les cookies peuvent \u00e9galement sauvegarder des informations permettant de vous identifier personnellement. Ces informations personnelles, comme le nom, l&#8217;email, le domicile ou le t\u00e9l\u00e9phone, sont celles qui peuvent \u00eatre utilis\u00e9es pour vous identifier ou vous contacter. Un site Web n&rsquo;a acc\u00e8s qu&rsquo;aux informations personnelles que l&rsquo;utilisateur fournit. Par exemple, un site Web ne pourra pas conna\u00eetre votre email \u00e0 moins que vous ne le fournissiez. Un site Web ne pourra pas acc\u00e9der \u00e0 d&rsquo;autres donn\u00e9es pr\u00e9sentes sur votre appareil.<\/span><\/p>\n<p><span style=\"font-weight: 400;\">Par d\u00e9faut, vous ne pouvez pas voir cette activit\u00e9 et donc vous ne pouvez pas savoir quand un site Web cr\u00e9e un cookie ou quand le navigateur envoie des cookies au site. Il est possible de choisir de changer la politique de confidentialit\u00e9 dans votre navigateur pour emp\u00eacher tout site Web d&rsquo;utiliser des cookies.<\/span><\/p>\n<h2><span style=\"font-weight: 400;\">Comment les cookies sont-ils utilis\u00e9s?<\/span><\/h2>\n<p><span style=\"font-weight: 400;\">En naviguant sur ce portail Web, l&rsquo;utilisateur accepte que des cookies puissent \u00eatre install\u00e9s sur son terminal et qui nous permettent de conna\u00eetre les informations suivantes :<\/span><\/p>\n<p><span style=\"font-weight: 400;\">&#8211; Informations statistiques sur l&rsquo;utilisation du site Web.<\/span><\/p>\n<p><span style=\"font-weight: 400;\">&#8211; Le \u00ab\u00a0login\u00a0\u00bb de l&rsquo;utilisateur pour maintenir la session active sur le site Web.<\/span><\/p>\n<p><span style=\"font-weight: 400;\">&#8211; Donn\u00e9es de connexion avec les r\u00e9seaux sociaux pour les utilisateurs qui acc\u00e8dent avec leur utilisateur Facebook, Twitter, Google+ ou Pinterest.<\/span><\/p>\n<h2><span style=\"font-weight: 400;\">Types de cookies utilis\u00e9s<\/span><\/h2>\n<p><span style=\"font-weight: 400;\">Ce site Web utilise \u00e0 la fois des cookies temporaires de session et des cookies permanents. Les cookies de session sauvegardent des donn\u00e9es uniquement pendant que l&rsquo;utilisateur acc\u00e8de au site Web et les cookies permanents sauvegardent les donn\u00e9es sur le terminal pour qu&rsquo;elles soient accessibles et utilis\u00e9es dans plus d&rsquo;une session.<\/span><\/p>\n<p><span style=\"font-weight: 400;\">Selon la finalit\u00e9 pour laquelle les donn\u00e9es obtenues via les cookies sont trait\u00e9es, le site Web peut utiliser :<\/span><\/p>\n<h2><span style=\"font-weight: 400;\">Cookies techniques<\/span><\/h2>\n<p><span style=\"font-weight: 400;\">Ce sont ceux qui permettent \u00e0 l&rsquo;utilisateur de naviguer \u00e0 travers la boutique en ligne et d&rsquo;utiliser les diff\u00e9rentes options ou services qui y existent. Par exemple, contr\u00f4ler le trafic et la communication de donn\u00e9es, identifier la session, acc\u00e9der aux parties du site Web \u00e0 acc\u00e8s restreint (panneau utilisateur), m\u00e9moriser les \u00e9l\u00e9ments d&rsquo;une commande, effectuer la demande d&rsquo;inscription ou de participation \u00e0 un \u00e9v\u00e8nement, utiliser des \u00e9l\u00e9ments de s\u00e9curit\u00e9 pendant la navigation et sauvegarder du contenu pour la diffusion de vid\u00e9os ou de sons.<\/span><\/p>\n<h2><span style=\"font-weight: 400;\">Cookies de personnalisation<\/span><\/h2>\n<p><span style=\"font-weight: 400;\">Ce sont ceux qui permettent \u00e0 l&rsquo;utilisateur d&rsquo;acc\u00e9der au service avec certaines caract\u00e9ristiques g\u00e9n\u00e9rales pr\u00e9d\u00e9finies dans son terminal ou d\u00e9finies par l&rsquo;utilisateur lui-m\u00eame. Par exemple, la langue, le type de navigateur \u00e0 travers lequel vous acc\u00e9dez au service, le design de contenu s\u00e9lectionn\u00e9, la g\u00e9olocalisation du terminal et la configuration r\u00e9gionale d&rsquo;o\u00f9 vous acc\u00e9dez au service.<\/span><\/p>\n<h2><span style=\"font-weight: 400;\">Cookies de tiers<\/span><\/h2>\n<p><span style=\"font-weight: 400;\">Sur certaines pages Web, des cookies de tiers peuvent \u00eatre install\u00e9s pour g\u00e9rer et am\u00e9liorer les services offerts.<\/span><\/p>\n<p><span style=\"font-weight: 400;\">Sur www.calafellslide.com, nous utilisons des cookies tiers des entreprises Google Inc., Twitter Inc., Facebook, Inc. et Pinterest Inc. pour pouvoir partager les contenus de notre boutique en ligne sur les r\u00e9seaux sociaux Google+, Twitter, Facebook et Pinterest.<\/span><\/p>\n<p><span style=\"font-weight: 400;\">Nous utilisons \u00e9galement des cookies de Google Inc. pour le service Analytics afin de pouvoir analyser les informations de navigation. Plus d&rsquo;informations sur : [policies.google.com](https:\/\/policies.google.com\/technologies\/types?hl=es).<\/span><\/p>\n<p><span style=\"font-weight: 400;\">Nous utilisons des cookies de Zopim Technologies pour le bon fonctionnement du chat d&rsquo;assistance personnelle. Concr\u00e8tement, les cookies utilis\u00e9s sont :<\/span><\/p>\n<p><span style=\"font-weight: 400;\">_zlcid: sauvegarde l&rsquo;identification de l&rsquo;utilisateur utilis\u00e9e \u00e0 chaque visite et chaque session de chat.<\/span><\/p>\n<p><span style=\"font-weight: 400;\">_zprivacy: sauvegarde les pr\u00e9f\u00e9rences de l&rsquo;utilisateur pour d\u00e9sactiver le chat et cesser d&rsquo;utiliser des cookies.<\/span><\/p>\n<p><span style=\"font-weight: 400;\">Comment g\u00e9rer les cookies dans le navigateur?<\/span><\/p>\n<p><span style=\"font-weight: 400;\">L&rsquo;utilisateur a la possibilit\u00e9 de permettre, bloquer ou supprimer les cookies install\u00e9s sur son \u00e9quipement en configurant les options du navigateur install\u00e9 sur son terminal :<\/span><\/p>\n<p><span style=\"font-weight: 400;\">Pour ajuster les permissions relatives aux cookies dans les diff\u00e9rents navigateurs, vous pouvez consulter :<\/span><\/p>\n<h5><span style=\"font-weight: 400;\">NAVIGATEUR GOOGLE CHROME :<\/span><\/h5>\n<p><a href=\"https:\/\/support.google.com\/chrome\/answer\/95647?hl=es\"><span style=\"font-weight: 400;\">https:\/\/support.google.com\/chrome\/answer\/95647?hl=es<\/span><\/a><\/p>\n<h5><span style=\"font-weight: 400;\">NAVIGATEUR MOZILLA FIREFOX :<\/span><\/h5>\n<p><a href=\"https:\/\/support.mozilla.org\/es\/kb\/cookies-informacion-que-los-sitios-web-guardan-en-?esab=a&amp;s=adminstracion+de+cookies&amp;r=2&amp;as=s\"><span style=\"font-weight: 400;\">https:\/\/support.mozilla.org\/es\/kb\/cookies-informacion-que-los-sitios-web-guardan-en-?esab=a&amp;s=adminstracion+de+cookies&amp;r=2&amp;as=s<\/span><\/a><\/p>\n<h5><span style=\"font-weight: 400;\">EXPLORATEUR DE NAVIGATEUR INTERNET :<\/span><\/h5>\n<p><a href=\"https:\/\/support.microsoft.com\/es-es\/help\/17442\/windows-internet-explorer-delete-manage-cookies\"><span style=\"font-weight: 400;\">https:\/\/support.microsoft.com\/es-es\/help\/17442\/windows-internet-explorer-delete-manage-cookies<\/span><\/a><\/p>\n<h5><span style=\"font-weight: 400;\">NAVIGATEUR OP\u00c9RA :<\/span><\/h5>\n<p><a href=\"http:\/\/help.opera.com\/Windows\/11.50\/es-ES\/cookies.html\"><span style=\"font-weight: 400;\">http:\/\/help.opera.com\/Windows\/11.50\/es-ES\/cookies.html<\/span><\/a><\/p>\n<p><span style=\"font-weight: 400;\">Notez que si vous bloquez l&rsquo;utilisation des cookies dans votre navigateur, certains services ou fonctionnalit\u00e9s de la boutique en ligne peuvent ne pas \u00eatre disponibles.<\/span><\/p>\n<p><span style=\"font-weight: 400;\">Dans certains navigateurs, des r\u00e8gles sp\u00e9cifiques peuvent \u00eatre configur\u00e9es pour g\u00e9rer les cookies par site Web, offrant un contr\u00f4le plus pr\u00e9cis sur la confidentialit\u00e9. Cela signifie que vous pouvez d\u00e9sactiver les cookies de tous les sites sauf ceux auxquels vous faites confiance.<\/span><\/p>\n<p>[\/et_pb_text][\/et_pb_column][\/et_pb_row][\/et_pb_section]<\/p>\n<span class=\"et_bloom_bottom_trigger\"><\/span>","protected":false},"excerpt":{"rendered":"<p>Veuillez noter que si vous bloquez l&rsquo;utilisation de cookies dans votre navigateur, certains services ou fonctionnalit\u00e9s de la boutique en ligne peuvent ne pas \u00eatre disponibles. Certains navigateurs peuvent configurer des r\u00e8gles sp\u00e9cifiques pour g\u00e9rer les cookies par site Web, offrant ainsi un contr\u00f4le plus fin sur la confidentialit\u00e9. Cela signifie que vous pouvez d\u00e9sactiver [&hellip;]<\/p>\n","protected":false},"author":8,"featured_media":2351,"parent":0,"menu_order":100,"comment_status":"closed","ping_status":"closed","template":"","meta":{"_et_pb_use_builder":"on","_et_pb_old_content":"<!-- wp:divi\/placeholder \/-->","_et_gb_content_width":"","footnotes":""},"class_list":["post-2350","page","type-page","status-publish","has-post-thumbnail","hentry"],"yoast_head":"<!-- This site is optimized with the Yoast SEO plugin v27.3 - https:\/\/yoast.com\/product\/yoast-seo-wordpress\/ -->\n<title>Utilisation de Cookies | Calafell Slide<\/title>\n<meta name=\"description\" content=\"Esta Web utiliza cookies propias y de terceros para ofrecerle una mejor experiencia y servicio. Al navegar o utilizar nuestros servicios el usuario acepta el uso que hacemos de las cookies.\" \/>\n<meta name=\"robots\" content=\"noindex, nofollow\" \/>\n<meta property=\"og:locale\" content=\"fr_FR\" \/>\n<meta property=\"og:type\" content=\"article\" \/>\n<meta property=\"og:title\" content=\"Politica de Cookies | Calafell Slide\" \/>\n<meta property=\"og:description\" content=\"Esta Web utiliza cookies propias y de terceros para ofrecerle una mejor experiencia y servicio. Al navegar o utilizar nuestros servicios el usuario acepta el uso que hacemos de las cookies.\" \/>\n<meta property=\"og:url\" content=\"https:\/\/calafellslide.com\/fr\/utilisation-de-cookies\/\" \/>\n<meta property=\"og:site_name\" content=\"Calafell Slide\" \/>\n<meta property=\"article:publisher\" content=\"https:\/\/www.facebook.com\/CalafellSlide\/\" \/>\n<meta property=\"article:modified_time\" content=\"2024-06-13T15:13:16+00:00\" \/>\n<meta property=\"og:image\" content=\"https:\/\/calafellslide.com\/wp-content\/uploads\/2019\/11\/children3.png\" \/>\n\t<meta property=\"og:image:width\" content=\"720\" \/>\n\t<meta property=\"og:image:height\" content=\"540\" \/>\n\t<meta property=\"og:image:type\" content=\"image\/png\" \/>\n<meta name=\"twitter:card\" content=\"summary_large_image\" \/>\n<meta name=\"twitter:title\" content=\"Politica de Cookies | Calafell Slide\" \/>\n<meta name=\"twitter:description\" content=\"Esta Web utiliza cookies propias y de terceros para ofrecerle una mejor experiencia y servicio. Al navegar o utilizar nuestros servicios el usuario acepta el uso que hacemos de las cookies.\" \/>\n<meta name=\"twitter:image\" content=\"https:\/\/calafellslide.com\/wp-content\/uploads\/2019\/11\/children3.png\" \/>\n<meta name=\"twitter:label1\" content=\"Dur\u00e9e de lecture estim\u00e9e\" \/>\n\t<meta name=\"twitter:data1\" content=\"6 minutes\" \/>\n<script type=\"application\/ld+json\" class=\"yoast-schema-graph\">{\"@context\":\"https:\\\/\\\/schema.org\",\"@graph\":[{\"@type\":\"WebPage\",\"@id\":\"https:\\\/\\\/calafellslide.com\\\/fr\\\/utilisation-de-cookies\\\/\",\"url\":\"https:\\\/\\\/calafellslide.com\\\/fr\\\/utilisation-de-cookies\\\/\",\"name\":\"Utilisation de Cookies | Calafell Slide\",\"isPartOf\":{\"@id\":\"https:\\\/\\\/calafellslide.com\\\/fr\\\/#website\"},\"primaryImageOfPage\":{\"@id\":\"https:\\\/\\\/calafellslide.com\\\/fr\\\/utilisation-de-cookies\\\/#primaryimage\"},\"image\":{\"@id\":\"https:\\\/\\\/calafellslide.com\\\/fr\\\/utilisation-de-cookies\\\/#primaryimage\"},\"thumbnailUrl\":\"https:\\\/\\\/calafellslide.com\\\/wp-content\\\/uploads\\\/2019\\\/11\\\/children3.png\",\"datePublished\":\"2019-11-12T18:47:02+00:00\",\"dateModified\":\"2024-06-13T15:13:16+00:00\",\"description\":\"Esta Web utiliza cookies propias y de terceros para ofrecerle una mejor experiencia y servicio. Al navegar o utilizar nuestros servicios el usuario acepta el uso que hacemos de las cookies.\",\"breadcrumb\":{\"@id\":\"https:\\\/\\\/calafellslide.com\\\/fr\\\/utilisation-de-cookies\\\/#breadcrumb\"},\"inLanguage\":\"fr-FR\",\"potentialAction\":[{\"@type\":\"ReadAction\",\"target\":[\"https:\\\/\\\/calafellslide.com\\\/fr\\\/utilisation-de-cookies\\\/\"]}]},{\"@type\":\"ImageObject\",\"inLanguage\":\"fr-FR\",\"@id\":\"https:\\\/\\\/calafellslide.com\\\/fr\\\/utilisation-de-cookies\\\/#primaryimage\",\"url\":\"https:\\\/\\\/calafellslide.com\\\/wp-content\\\/uploads\\\/2019\\\/11\\\/children3.png\",\"contentUrl\":\"https:\\\/\\\/calafellslide.com\\\/wp-content\\\/uploads\\\/2019\\\/11\\\/children3.png\",\"width\":720,\"height\":540},{\"@type\":\"BreadcrumbList\",\"@id\":\"https:\\\/\\\/calafellslide.com\\\/fr\\\/utilisation-de-cookies\\\/#breadcrumb\",\"itemListElement\":[{\"@type\":\"ListItem\",\"position\":1,\"name\":\"HOME\",\"item\":\"https:\\\/\\\/calafellslide.com\\\/fr\\\/\"},{\"@type\":\"ListItem\",\"position\":2,\"name\":\"Utilisation de Cookies\"}]},{\"@type\":\"WebSite\",\"@id\":\"https:\\\/\\\/calafellslide.com\\\/fr\\\/#website\",\"url\":\"https:\\\/\\\/calafellslide.com\\\/fr\\\/\",\"name\":\"Calafell Slide\",\"description\":\"Parque de atracciones en Calafell (Tarragona)\",\"publisher\":{\"@id\":\"https:\\\/\\\/calafellslide.com\\\/fr\\\/#organization\"},\"potentialAction\":[{\"@type\":\"SearchAction\",\"target\":{\"@type\":\"EntryPoint\",\"urlTemplate\":\"https:\\\/\\\/calafellslide.com\\\/fr\\\/?s={search_term_string}\"},\"query-input\":{\"@type\":\"PropertyValueSpecification\",\"valueRequired\":true,\"valueName\":\"search_term_string\"}}],\"inLanguage\":\"fr-FR\"},{\"@type\":\"Organization\",\"@id\":\"https:\\\/\\\/calafellslide.com\\\/fr\\\/#organization\",\"name\":\"Calafell Slide\",\"url\":\"https:\\\/\\\/calafellslide.com\\\/fr\\\/\",\"logo\":{\"@type\":\"ImageObject\",\"inLanguage\":\"fr-FR\",\"@id\":\"https:\\\/\\\/calafellslide.com\\\/fr\\\/#\\\/schema\\\/logo\\\/image\\\/\",\"url\":\"https:\\\/\\\/calafellslide.com\\\/wp-content\\\/uploads\\\/2022\\\/10\\\/logo-calafell-slide-200.jpg\",\"contentUrl\":\"https:\\\/\\\/calafellslide.com\\\/wp-content\\\/uploads\\\/2022\\\/10\\\/logo-calafell-slide-200.jpg\",\"width\":200,\"height\":200,\"caption\":\"Calafell Slide\"},\"image\":{\"@id\":\"https:\\\/\\\/calafellslide.com\\\/fr\\\/#\\\/schema\\\/logo\\\/image\\\/\"},\"sameAs\":[\"https:\\\/\\\/www.facebook.com\\\/CalafellSlide\\\/\",\"https:\\\/\\\/www.instagram.com\\\/CalafellSlide\\\/\"]}]}<\/script>\n<!-- \/ Yoast SEO plugin. -->","yoast_head_json":{"title":"Utilisation de Cookies | Calafell Slide","description":"Esta Web utiliza cookies propias y de terceros para ofrecerle una mejor experiencia y servicio. Al navegar o utilizar nuestros servicios el usuario acepta el uso que hacemos de las cookies.","robots":{"index":"noindex","follow":"nofollow"},"og_locale":"fr_FR","og_type":"article","og_title":"Politica de Cookies | Calafell Slide","og_description":"Esta Web utiliza cookies propias y de terceros para ofrecerle una mejor experiencia y servicio. Al navegar o utilizar nuestros servicios el usuario acepta el uso que hacemos de las cookies.","og_url":"https:\/\/calafellslide.com\/fr\/utilisation-de-cookies\/","og_site_name":"Calafell Slide","article_publisher":"https:\/\/www.facebook.com\/CalafellSlide\/","article_modified_time":"2024-06-13T15:13:16+00:00","og_image":[{"width":720,"height":540,"url":"https:\/\/calafellslide.com\/wp-content\/uploads\/2019\/11\/children3.png","type":"image\/png"}],"twitter_card":"summary_large_image","twitter_title":"Politica de Cookies | Calafell Slide","twitter_description":"Esta Web utiliza cookies propias y de terceros para ofrecerle una mejor experiencia y servicio. Al navegar o utilizar nuestros servicios el usuario acepta el uso que hacemos de las cookies.","twitter_image":"https:\/\/calafellslide.com\/wp-content\/uploads\/2019\/11\/children3.png","twitter_misc":{"Dur\u00e9e de lecture estim\u00e9e":"6 minutes"},"schema":{"@context":"https:\/\/schema.org","@graph":[{"@type":"WebPage","@id":"https:\/\/calafellslide.com\/fr\/utilisation-de-cookies\/","url":"https:\/\/calafellslide.com\/fr\/utilisation-de-cookies\/","name":"Utilisation de Cookies | Calafell Slide","isPartOf":{"@id":"https:\/\/calafellslide.com\/fr\/#website"},"primaryImageOfPage":{"@id":"https:\/\/calafellslide.com\/fr\/utilisation-de-cookies\/#primaryimage"},"image":{"@id":"https:\/\/calafellslide.com\/fr\/utilisation-de-cookies\/#primaryimage"},"thumbnailUrl":"https:\/\/calafellslide.com\/wp-content\/uploads\/2019\/11\/children3.png","datePublished":"2019-11-12T18:47:02+00:00","dateModified":"2024-06-13T15:13:16+00:00","description":"Esta Web utiliza cookies propias y de terceros para ofrecerle una mejor experiencia y servicio. Al navegar o utilizar nuestros servicios el usuario acepta el uso que hacemos de las cookies.","breadcrumb":{"@id":"https:\/\/calafellslide.com\/fr\/utilisation-de-cookies\/#breadcrumb"},"inLanguage":"fr-FR","potentialAction":[{"@type":"ReadAction","target":["https:\/\/calafellslide.com\/fr\/utilisation-de-cookies\/"]}]},{"@type":"ImageObject","inLanguage":"fr-FR","@id":"https:\/\/calafellslide.com\/fr\/utilisation-de-cookies\/#primaryimage","url":"https:\/\/calafellslide.com\/wp-content\/uploads\/2019\/11\/children3.png","contentUrl":"https:\/\/calafellslide.com\/wp-content\/uploads\/2019\/11\/children3.png","width":720,"height":540},{"@type":"BreadcrumbList","@id":"https:\/\/calafellslide.com\/fr\/utilisation-de-cookies\/#breadcrumb","itemListElement":[{"@type":"ListItem","position":1,"name":"HOME","item":"https:\/\/calafellslide.com\/fr\/"},{"@type":"ListItem","position":2,"name":"Utilisation de Cookies"}]},{"@type":"WebSite","@id":"https:\/\/calafellslide.com\/fr\/#website","url":"https:\/\/calafellslide.com\/fr\/","name":"Calafell Slide","description":"Parque de atracciones en Calafell (Tarragona)","publisher":{"@id":"https:\/\/calafellslide.com\/fr\/#organization"},"potentialAction":[{"@type":"SearchAction","target":{"@type":"EntryPoint","urlTemplate":"https:\/\/calafellslide.com\/fr\/?s={search_term_string}"},"query-input":{"@type":"PropertyValueSpecification","valueRequired":true,"valueName":"search_term_string"}}],"inLanguage":"fr-FR"},{"@type":"Organization","@id":"https:\/\/calafellslide.com\/fr\/#organization","name":"Calafell Slide","url":"https:\/\/calafellslide.com\/fr\/","logo":{"@type":"ImageObject","inLanguage":"fr-FR","@id":"https:\/\/calafellslide.com\/fr\/#\/schema\/logo\/image\/","url":"https:\/\/calafellslide.com\/wp-content\/uploads\/2022\/10\/logo-calafell-slide-200.jpg","contentUrl":"https:\/\/calafellslide.com\/wp-content\/uploads\/2022\/10\/logo-calafell-slide-200.jpg","width":200,"height":200,"caption":"Calafell Slide"},"image":{"@id":"https:\/\/calafellslide.com\/fr\/#\/schema\/logo\/image\/"},"sameAs":["https:\/\/www.facebook.com\/CalafellSlide\/","https:\/\/www.instagram.com\/CalafellSlide\/"]}]}},"_links":{"self":[{"href":"https:\/\/calafellslide.com\/fr\/wp-json\/wp\/v2\/pages\/2350","targetHints":{"allow":["GET"]}}],"collection":[{"href":"https:\/\/calafellslide.com\/fr\/wp-json\/wp\/v2\/pages"}],"about":[{"href":"https:\/\/calafellslide.com\/fr\/wp-json\/wp\/v2\/types\/page"}],"author":[{"embeddable":true,"href":"https:\/\/calafellslide.com\/fr\/wp-json\/wp\/v2\/users\/8"}],"replies":[{"embeddable":true,"href":"https:\/\/calafellslide.com\/fr\/wp-json\/wp\/v2\/comments?post=2350"}],"version-history":[{"count":4,"href":"https:\/\/calafellslide.com\/fr\/wp-json\/wp\/v2\/pages\/2350\/revisions"}],"predecessor-version":[{"id":7566,"href":"https:\/\/calafellslide.com\/fr\/wp-json\/wp\/v2\/pages\/2350\/revisions\/7566"}],"wp:featuredmedia":[{"embeddable":true,"href":"https:\/\/calafellslide.com\/fr\/wp-json\/wp\/v2\/media\/2351"}],"wp:attachment":[{"href":"https:\/\/calafellslide.com\/fr\/wp-json\/wp\/v2\/media?parent=2350"}],"curies":[{"name":"wp","href":"https:\/\/api.w.org\/{rel}","templated":true}]}}