{"id":2269,"date":"2019-11-12T18:24:06","date_gmt":"2019-11-12T18:24:06","guid":{"rendered":"https:\/\/calafellslide.jurogaproyectosdigitales.com\/contacto\/"},"modified":"2023-08-28T15:06:03","modified_gmt":"2023-08-28T15:06:03","slug":"%d0%ba%d0%be%d0%bd%d1%82%d0%b0%d0%ba%d1%82","status":"publish","type":"page","link":"https:\/\/calafellslide.com\/ru\/%d0%ba%d0%be%d0%bd%d1%82%d0%b0%d0%ba%d1%82\/","title":{"rendered":"\u043a\u043e\u043d\u0442\u0430\u043a\u0442"},"content":{"rendered":"<p>[et_pb_section fb_built=&#187;1&#8243; next_background_color=&#187;#ffffff&#187; _builder_version=&#187;4.16&#8243; background_color=&#187;rgba(0,0,0,0.5)&#187; background_image=&#187;https:\/\/calafellslide.com\/wp-content\/uploads\/2019\/11\/gallery2.png&#187; background_blend=&#187;multiply&#187; custom_padding=&#187;75px||100px||false|false&#187; bottom_divider_style=&#187;waves2&#8243; bottom_divider_height=&#187;50px&#187; animation_style=&#187;fade&#187; locked=&#187;off&#187; global_colors_info=&#187;{}&#187;][et_pb_row _builder_version=&#187;4.16&#8243; global_colors_info=&#187;{}&#187;][et_pb_column type=&#187;4_4&#8243; _builder_version=&#187;4.16&#8243; global_colors_info=&#187;{}&#187;][et_pb_post_title meta=&#187;off&#187; featured_image=&#187;off&#187; text_color=&#187;light&#187; _builder_version=&#187;4.17.1&#8243; title_font=&#187;Fredoka One||||||||&#187; title_text_align=&#187;center&#187; title_font_size=&#187;60px&#187; animation_style=&#187;zoom&#187; animation_direction=&#187;left&#187; animation_intensity_zoom=&#187;5%&#187; global_colors_info=&#187;{}&#187;][\/et_pb_post_title][et_pb_button button_url=&#187;https:\/\/calafellslide.com\/ru\/%d0%b3%d1%80%d0%b0%d1%84%d0%b8%d0%ba\/&#187; button_text=&#187;\u0427\u0430\u0441\u044b \u0440\u0430\u0431\u043e\u0442\u044b \u0438 \u0434\u0430\u0442\u044b&#187; button_alignment=&#187;center&#187; button_alignment_tablet=&#187;center&#187; button_alignment_last_edited=&#187;off|desktop&#187; _builder_version=&#187;4.17.4&#8243; _module_preset=&#187;default&#187; global_colors_info=&#187;{}&#187;][\/et_pb_button][\/et_pb_column][\/et_pb_row][\/et_pb_section][et_pb_section fb_built=&#187;1&#8243; _builder_version=&#187;4.16&#8243; bottom_divider_color=&#187;#f4f4f4&#8243; global_colors_info=&#187;{}&#187;][et_pb_row column_structure=&#187;1_2,1_4,1_4&#8243; _builder_version=&#187;4.16&#8243; global_colors_info=&#187;{}&#187;][et_pb_column type=&#187;1_2&#8243; _builder_version=&#187;4.16&#8243; animation_style=&#187;slide&#187; global_colors_info=&#187;{}&#187;][et_pb_contact_form use_spam_service=&#187;on&#187; recaptcha_list=&#187;Calafell Slide|Calafell Slide-0&#8243; email=&#187;email@calafellslide.com, kate@juroga.com&#187; custom_message=&#187;Email enviado desde la WEB CALAFELL SLIDE p\u00e1gina de contacto:||et_pb_line_break_holder||||et_pb_line_break_holder||Nombre: %%Name%%||et_pb_line_break_holder||Tel\u00e9fono: %%Phone%%||et_pb_line_break_holder||Email: %%Email%%||et_pb_line_break_holder||Mensaje: %%Message%%||et_pb_line_break_holder||||et_pb_line_break_holder||El cliente espera respuesta.&#187; use_redirect=&#187;on&#187; redirect_url=&#187;https:\/\/calafellslide.com\/ru\/%d0%ba%d0%be%d0%bd%d1%82%d0%b0%d0%ba%d1%82\/%d0%b1%d0%bb%d0%b0%d0%b3%d0%be%d0%b4%d0%b0%d1%80%d0%b8%d0%bc-%d0%b7%d0%b0-%d0%be%d0%b1%d1%80%d0%b0%d1%89%d0%b5%d0%bd%d0%b8%d0%b5\/&#187; success_message=&#187;\u041e\u0442\u043f\u0440\u0430\u0432\u043a\u0430 \u0441\u043e\u043e\u0431\u0449\u0435\u043d\u0438\u044f &#8230;&#187; submit_button_text=&#187;\u041e\u0442\u043f\u0440\u0430\u0432\u043b\u044f\u0442\u044c&#187; _builder_version=&#187;4.21.0&#8243; _unique_id=&#187;666b8a0a-65f8-4f53-b740-75fca6ed905b&#187; hover_enabled=&#187;0&#8243; global_colors_info=&#187;{}&#187; sticky_enabled=&#187;0&#8243;][et_pb_contact_field field_id=&#187;Name&#187; field_title=&#187;\u0418\u043c\u044f&#187; fullwidth_field=&#187;on&#187; _builder_version=&#187;4.17.4&#8243; global_colors_info=&#187;{}&#187; button_text_size__hover_enabled=&#187;off&#187; button_one_text_size__hover_enabled=&#187;off&#187; button_two_text_size__hover_enabled=&#187;off&#187; button_text_color__hover_enabled=&#187;off&#187; button_one_text_color__hover_enabled=&#187;off&#187; button_two_text_color__hover_enabled=&#187;off&#187; button_border_width__hover_enabled=&#187;off&#187; button_one_border_width__hover_enabled=&#187;off&#187; button_two_border_width__hover_enabled=&#187;off&#187; button_border_color__hover_enabled=&#187;off&#187; button_one_border_color__hover_enabled=&#187;off&#187; button_two_border_color__hover_enabled=&#187;off&#187; button_border_radius__hover_enabled=&#187;off&#187; button_one_border_radius__hover_enabled=&#187;off&#187; button_two_border_radius__hover_enabled=&#187;off&#187; button_letter_spacing__hover_enabled=&#187;off&#187; button_one_letter_spacing__hover_enabled=&#187;off&#187; button_two_letter_spacing__hover_enabled=&#187;off&#187; button_bg_color__hover_enabled=&#187;off&#187; button_one_bg_color__hover_enabled=&#187;off&#187; button_two_bg_color__hover_enabled=&#187;off&#187;][\/et_pb_contact_field][et_pb_contact_field field_id=&#187;Phone&#187; field_title=&#187;\u0442\u0435\u043b\u0435\u0444\u043e\u043d&#187; _builder_version=&#187;4.17.4&#8243; global_colors_info=&#187;{}&#187;][\/et_pb_contact_field][et_pb_contact_field field_id=&#187;Email&#187; field_title=&#187;\u042d\u043b. \u043f\u043e\u0447\u0442\u0430&#187; field_type=&#187;email&#187; _builder_version=&#187;4.17.4&#8243; global_colors_info=&#187;{}&#187; button_text_size__hover_enabled=&#187;off&#187; button_one_text_size__hover_enabled=&#187;off&#187; button_two_text_size__hover_enabled=&#187;off&#187; button_text_color__hover_enabled=&#187;off&#187; button_one_text_color__hover_enabled=&#187;off&#187; button_two_text_color__hover_enabled=&#187;off&#187; button_border_width__hover_enabled=&#187;off&#187; button_one_border_width__hover_enabled=&#187;off&#187; button_two_border_width__hover_enabled=&#187;off&#187; button_border_color__hover_enabled=&#187;off&#187; button_one_border_color__hover_enabled=&#187;off&#187; button_two_border_color__hover_enabled=&#187;off&#187; button_border_radius__hover_enabled=&#187;off&#187; button_one_border_radius__hover_enabled=&#187;off&#187; button_two_border_radius__hover_enabled=&#187;off&#187; button_letter_spacing__hover_enabled=&#187;off&#187; button_one_letter_spacing__hover_enabled=&#187;off&#187; button_two_letter_spacing__hover_enabled=&#187;off&#187; button_bg_color__hover_enabled=&#187;off&#187; button_one_bg_color__hover_enabled=&#187;off&#187; button_two_bg_color__hover_enabled=&#187;off&#187;][\/et_pb_contact_field][et_pb_contact_field field_id=&#187;Message&#187; field_title=&#187;\u0421\u043e\u043e\u0431\u0449\u0435\u043d\u0438\u0435&#187; field_type=&#187;text&#187; fullwidth_field=&#187;on&#187; _builder_version=&#187;4.17.4&#8243; global_colors_info=&#187;{}&#187; button_text_size__hover_enabled=&#187;off&#187; button_one_text_size__hover_enabled=&#187;off&#187; button_two_text_size__hover_enabled=&#187;off&#187; button_text_color__hover_enabled=&#187;off&#187; button_one_text_color__hover_enabled=&#187;off&#187; button_two_text_color__hover_enabled=&#187;off&#187; button_border_width__hover_enabled=&#187;off&#187; button_one_border_width__hover_enabled=&#187;off&#187; button_two_border_width__hover_enabled=&#187;off&#187; button_border_color__hover_enabled=&#187;off&#187; button_one_border_color__hover_enabled=&#187;off&#187; button_two_border_color__hover_enabled=&#187;off&#187; button_border_radius__hover_enabled=&#187;off&#187; button_one_border_radius__hover_enabled=&#187;off&#187; button_two_border_radius__hover_enabled=&#187;off&#187; button_letter_spacing__hover_enabled=&#187;off&#187; button_one_letter_spacing__hover_enabled=&#187;off&#187; button_two_letter_spacing__hover_enabled=&#187;off&#187; button_bg_color__hover_enabled=&#187;off&#187; button_one_bg_color__hover_enabled=&#187;off&#187; button_two_bg_color__hover_enabled=&#187;off&#187;][\/et_pb_contact_field][\/et_pb_contact_form][\/et_pb_column][et_pb_column type=&#187;1_4&#8243; _builder_version=&#187;4.16&#8243; animation_style=&#187;slide&#187; animation_direction=&#187;right&#187; global_colors_info=&#187;{}&#187;][et_pb_blurb title=&#187;\u0410\u0434\u0440\u0435\u0441&#187; use_icon=&#187;on&#187; font_icon=&#187;&#xe081;||divi||400&#8243; icon_placement=&#187;left&#187; _builder_version=&#187;4.17.4&#8243; header_level=&#187;h3&#8243; header_font=&#187;|600|||||||&#187; locked=&#187;off&#187; global_colors_info=&#187;{}&#187;]<\/p>\n<p>Ca la Manela, Cam\u00ed de, 43820 Calafell, Tarragona.<\/p>\n<p>[\/et_pb_blurb][et_pb_blurb title=&#187;\u0435\u043b\u0435\u0444\u043e\u043d&#187; use_icon=&#187;on&#187; font_icon=&#187;&#xe090;||divi||400&#8243; icon_placement=&#187;left&#187; _builder_version=&#187;4.17.4&#8243; header_level=&#187;h3&#8243; header_font=&#187;|600|||||||&#187; global_colors_info=&#187;{}&#187;]<\/p>\n<p><a href=\"tel:+34697543727\">697 543 727<\/a><\/p>\n<p>[\/et_pb_blurb][et_pb_social_media_follow _builder_version=&#187;4.16&#8243; _module_preset=&#187;default&#187; custom_margin=&#187;|||41px||&#187; global_colors_info=&#187;{}&#187;][et_pb_social_media_follow_network social_network=&#187;facebook&#187; url=&#187;http:\/\/facebook.com\/calafellslide&#187; _builder_version=&#187;4.16&#8243; _module_preset=&#187;default&#187; background_color=&#187;#3b5998&#8243; global_colors_info=&#187;{}&#187; follow_button=&#187;off&#187; url_new_window=&#187;on&#187;]facebook[\/et_pb_social_media_follow_network][et_pb_social_media_follow_network social_network=&#187;instagram&#187; url=&#187;http:\/\/instagram.com\/calafellslide&#187; _builder_version=&#187;4.16&#8243; _module_preset=&#187;default&#187; background_color=&#187;#ea2c59&#8243; global_colors_info=&#187;{}&#187; follow_button=&#187;off&#187; url_new_window=&#187;on&#187;]instagram[\/et_pb_social_media_follow_network][\/et_pb_social_media_follow][et_pb_blurb title=&#187;\u041f\u043e\u0447\u0442\u0430&#187; use_icon=&#187;on&#187; font_icon=&#187;&#xe076;||divi||400&#8243; icon_placement=&#187;left&#187; _builder_version=&#187;4.17.4&#8243; header_level=&#187;h3&#8243; header_font=&#187;|600|||||||&#187; global_colors_info=&#187;{}&#187;]<\/p>\n<p><a href=\"mailto:finquesparis@finquesparis.com\">email@calafellslide.com<\/a><\/p>\n<p>[\/et_pb_blurb][\/et_pb_column][et_pb_column type=&#187;1_4&#8243; _builder_version=&#187;4.16&#8243; animation_style=&#187;slide&#187; animation_direction=&#187;right&#187; global_colors_info=&#187;{}&#187;][et_pb_text _builder_version=&#187;4.16&#8243; _module_preset=&#187;default&#187; header_2_font=&#187;|600|||||||&#187; header_2_line_height=&#187;1.2em&#187; global_colors_info=&#187;{}&#187;]<\/p>\n<h2>\u041c\u0435\u0441\u0442\u043e\u043f\u043e\u043b\u043e\u0436\u0435\u043d\u0438\u0435 \u043d\u0430 Google \u041a\u0430\u0440\u0442\u0430\u0445<\/h2>\n<p><img decoding=\"async\" src=\"https:\/\/www.codigos-qr.com\/qr\/php\/qr_img.php?d=https%3A%2F%2Fwww.google.com%2Fmaps%2Fplace%2FCalafell%2BSlide%2F%4041.1988967%2C1.5748137%2C17z%2Fdata%3D%213m1%214b1%214m5%213m4%211s0x12a38b8d8299fe6f%3A0xfa96c435ba8d7279%218m2%213d41.1988927%214d1.5770024&#038;s=4&#038;e=m\" alt=\"QR Code generator\" \/>[\/et_pb_text][\/et_pb_column][\/et_pb_row][\/et_pb_section][et_pb_section fb_built=&#187;1&#8243; fullwidth=&#187;on&#187; _builder_version=&#187;4.16&#8243; top_divider_color=&#187;#ffffff&#187; top_divider_height=&#187;50px&#187; bottom_divider_style=&#187;waves2&#8243; bottom_divider_color=&#187;#222222&#8243; bottom_divider_height=&#187;50px&#187; global_colors_info=&#187;{}&#187;][et_pb_fullwidth_code _builder_version=&#187;4.16&#8243; global_colors_info=&#187;{}&#187;]<iframe loading=\"lazy\" src=\"https:\/\/www.google.com\/maps\/embed?pb=!1m18!1m12!1m3!1d3002.0493930657167!2d1.5748137157125623!3d41.19889671562143!2m3!1f0!2f0!3f0!3m2!1i1024!2i768!4f13.1!3m3!1m2!1s0x12a38b8d8299fe6f%3A0xfa96c435ba8d7279!2sCalafell%20Slide!5e0!3m2!1ses!2ses!4v1574254207797!5m2!1ses!2ses\" width=\"100%\" height=\"450\" frameborder=\"0\" style=\"border:0;\" allowfullscreen=\"\"><\/iframe>[\/et_pb_fullwidth_code][\/et_pb_section]<\/p>\n<span class=\"et_bloom_bottom_trigger\"><\/span>","protected":false},"excerpt":{"rendered":"<p>Ca la Manela, Cam\u00ed de, 43820 Calafell, Tarragona.697 543 727email@calafellslide.com\u041c\u0435\u0441\u0442\u043e\u043f\u043e\u043b\u043e\u0436\u0435\u043d\u0438\u0435 \u043d\u0430 Google \u041a\u0430\u0440\u0442\u0430\u0445<\/p>\n","protected":false},"author":8,"featured_media":5686,"parent":0,"menu_order":10,"comment_status":"closed","ping_status":"closed","template":"","meta":{"_et_pb_use_builder":"on","_et_pb_old_content":"","_et_gb_content_width":"","footnotes":""},"class_list":["post-2269","page","type-page","status-publish","has-post-thumbnail","hentry"],"yoast_head":"<!-- This site is optimized with the Yoast SEO plugin v27.5 - https:\/\/yoast.com\/product\/yoast-seo-wordpress\/ -->\n<title>\u043a\u043e\u043d\u0442\u0430\u043a\u0442 | Calafell Slide<\/title>\n<meta name=\"description\" content=\"Diversi\u00f3n y acci\u00f3n para toda la familia.El tobog\u00e1n de trineos gigante, 700 metros de diversi\u00f3n y acci\u00f3n para toda la familia.\" \/>\n<meta name=\"robots\" content=\"index, follow, max-snippet:-1, max-image-preview:large, max-video-preview:-1\" \/>\n<link rel=\"canonical\" href=\"https:\/\/calafellslide.com\/ru\/%d0%ba%d0%be%d0%bd%d1%82%d0%b0%d0%ba%d1%82\/\" \/>\n<meta property=\"og:locale\" content=\"ru_RU\" \/>\n<meta property=\"og:type\" content=\"article\" \/>\n<meta property=\"og:title\" content=\"Contacto | Calafell Slide\" \/>\n<meta property=\"og:description\" content=\"Diversi\u00f3n y acci\u00f3n para toda la familia.El tobog\u00e1n de trineos gigante, 700 metros de diversi\u00f3n y acci\u00f3n para toda la familia.\" \/>\n<meta property=\"og:url\" content=\"https:\/\/calafellslide.com\/ru\/%d0%ba%d0%be%d0%bd%d1%82%d0%b0%d0%ba%d1%82\/\" \/>\n<meta property=\"og:site_name\" content=\"Calafell Slide\" \/>\n<meta property=\"article:publisher\" content=\"https:\/\/www.facebook.com\/CalafellSlide\/\" \/>\n<meta property=\"article:modified_time\" content=\"2023-08-28T15:06:03+00:00\" \/>\n<meta property=\"og:image\" content=\"https:\/\/calafellslide.com\/wp-content\/uploads\/2019\/11\/Calafell-Slide.jpg\" \/>\n\t<meta property=\"og:image:width\" content=\"1280\" \/>\n\t<meta property=\"og:image:height\" content=\"720\" \/>\n\t<meta property=\"og:image:type\" content=\"image\/jpeg\" \/>\n<meta name=\"twitter:card\" content=\"summary_large_image\" \/>\n<meta name=\"twitter:title\" content=\"Contacto | Calafell Slide\" \/>\n<meta name=\"twitter:description\" content=\"Diversi\u00f3n y acci\u00f3n para toda la familia.El tobog\u00e1n de trineos gigante, 700 metros de diversi\u00f3n y acci\u00f3n para toda la familia.\" \/>\n<meta name=\"twitter:image\" content=\"https:\/\/calafellslide.com\/wp-content\/uploads\/2019\/11\/Calafell-Slide.jpg\" \/>\n<meta name=\"twitter:label1\" content=\"\u041f\u0440\u0438\u043c\u0435\u0440\u043d\u043e\u0435 \u0432\u0440\u0435\u043c\u044f \u0434\u043b\u044f \u0447\u0442\u0435\u043d\u0438\u044f\" \/>\n\t<meta name=\"twitter:data1\" content=\"2 \u043c\u0438\u043d\u0443\u0442\u044b\" \/>\n<script type=\"application\/ld+json\" class=\"yoast-schema-graph\">{\"@context\":\"https:\\\/\\\/schema.org\",\"@graph\":[{\"@type\":\"WebPage\",\"@id\":\"https:\\\/\\\/calafellslide.com\\\/ru\\\/%d0%ba%d0%be%d0%bd%d1%82%d0%b0%d0%ba%d1%82\\\/\",\"url\":\"https:\\\/\\\/calafellslide.com\\\/ru\\\/%d0%ba%d0%be%d0%bd%d1%82%d0%b0%d0%ba%d1%82\\\/\",\"name\":\"\u043a\u043e\u043d\u0442\u0430\u043a\u0442 | Calafell Slide\",\"isPartOf\":{\"@id\":\"https:\\\/\\\/calafellslide.com\\\/ru\\\/#website\"},\"primaryImageOfPage\":{\"@id\":\"https:\\\/\\\/calafellslide.com\\\/ru\\\/%d0%ba%d0%be%d0%bd%d1%82%d0%b0%d0%ba%d1%82\\\/#primaryimage\"},\"image\":{\"@id\":\"https:\\\/\\\/calafellslide.com\\\/ru\\\/%d0%ba%d0%be%d0%bd%d1%82%d0%b0%d0%ba%d1%82\\\/#primaryimage\"},\"thumbnailUrl\":\"https:\\\/\\\/calafellslide.com\\\/wp-content\\\/uploads\\\/2022\\\/01\\\/Isy2-scaled.jpg\",\"datePublished\":\"2019-11-12T18:24:06+00:00\",\"dateModified\":\"2023-08-28T15:06:03+00:00\",\"description\":\"Diversi\u00f3n y acci\u00f3n para toda la familia.El tobog\u00e1n de trineos gigante, 700 metros de diversi\u00f3n y acci\u00f3n para toda la familia.\",\"breadcrumb\":{\"@id\":\"https:\\\/\\\/calafellslide.com\\\/ru\\\/%d0%ba%d0%be%d0%bd%d1%82%d0%b0%d0%ba%d1%82\\\/#breadcrumb\"},\"inLanguage\":\"ru-RU\",\"potentialAction\":[{\"@type\":\"ReadAction\",\"target\":[\"https:\\\/\\\/calafellslide.com\\\/ru\\\/%d0%ba%d0%be%d0%bd%d1%82%d0%b0%d0%ba%d1%82\\\/\"]}]},{\"@type\":\"ImageObject\",\"inLanguage\":\"ru-RU\",\"@id\":\"https:\\\/\\\/calafellslide.com\\\/ru\\\/%d0%ba%d0%be%d0%bd%d1%82%d0%b0%d0%ba%d1%82\\\/#primaryimage\",\"url\":\"https:\\\/\\\/calafellslide.com\\\/wp-content\\\/uploads\\\/2022\\\/01\\\/Isy2-scaled.jpg\",\"contentUrl\":\"https:\\\/\\\/calafellslide.com\\\/wp-content\\\/uploads\\\/2022\\\/01\\\/Isy2-scaled.jpg\",\"width\":2560,\"height\":1707,\"caption\":\"Isy2\"},{\"@type\":\"BreadcrumbList\",\"@id\":\"https:\\\/\\\/calafellslide.com\\\/ru\\\/%d0%ba%d0%be%d0%bd%d1%82%d0%b0%d0%ba%d1%82\\\/#breadcrumb\",\"itemListElement\":[{\"@type\":\"ListItem\",\"position\":1,\"name\":\"HOME\",\"item\":\"https:\\\/\\\/calafellslide.com\\\/ru\\\/\"},{\"@type\":\"ListItem\",\"position\":2,\"name\":\"\u043a\u043e\u043d\u0442\u0430\u043a\u0442\"}]},{\"@type\":\"WebSite\",\"@id\":\"https:\\\/\\\/calafellslide.com\\\/ru\\\/#website\",\"url\":\"https:\\\/\\\/calafellslide.com\\\/ru\\\/\",\"name\":\"Calafell Slide\",\"description\":\"Parque de atracciones en Calafell (Tarragona)\",\"publisher\":{\"@id\":\"https:\\\/\\\/calafellslide.com\\\/ru\\\/#organization\"},\"potentialAction\":[{\"@type\":\"SearchAction\",\"target\":{\"@type\":\"EntryPoint\",\"urlTemplate\":\"https:\\\/\\\/calafellslide.com\\\/ru\\\/?s={search_term_string}\"},\"query-input\":{\"@type\":\"PropertyValueSpecification\",\"valueRequired\":true,\"valueName\":\"search_term_string\"}}],\"inLanguage\":\"ru-RU\"},{\"@type\":\"Organization\",\"@id\":\"https:\\\/\\\/calafellslide.com\\\/ru\\\/#organization\",\"name\":\"Calafell Slide\",\"url\":\"https:\\\/\\\/calafellslide.com\\\/ru\\\/\",\"logo\":{\"@type\":\"ImageObject\",\"inLanguage\":\"ru-RU\",\"@id\":\"https:\\\/\\\/calafellslide.com\\\/ru\\\/#\\\/schema\\\/logo\\\/image\\\/\",\"url\":\"https:\\\/\\\/calafellslide.com\\\/wp-content\\\/uploads\\\/2022\\\/10\\\/logo-calafell-slide-200.jpg\",\"contentUrl\":\"https:\\\/\\\/calafellslide.com\\\/wp-content\\\/uploads\\\/2022\\\/10\\\/logo-calafell-slide-200.jpg\",\"width\":200,\"height\":200,\"caption\":\"Calafell Slide\"},\"image\":{\"@id\":\"https:\\\/\\\/calafellslide.com\\\/ru\\\/#\\\/schema\\\/logo\\\/image\\\/\"},\"sameAs\":[\"https:\\\/\\\/www.facebook.com\\\/CalafellSlide\\\/\",\"https:\\\/\\\/www.instagram.com\\\/CalafellSlide\\\/\"]}]}<\/script>\n<!-- \/ Yoast SEO plugin. -->","yoast_head_json":{"title":"\u043a\u043e\u043d\u0442\u0430\u043a\u0442 | Calafell Slide","description":"Diversi\u00f3n y acci\u00f3n para toda la familia.El tobog\u00e1n de trineos gigante, 700 metros de diversi\u00f3n y acci\u00f3n para toda la familia.","robots":{"index":"index","follow":"follow","max-snippet":"max-snippet:-1","max-image-preview":"max-image-preview:large","max-video-preview":"max-video-preview:-1"},"canonical":"https:\/\/calafellslide.com\/ru\/%d0%ba%d0%be%d0%bd%d1%82%d0%b0%d0%ba%d1%82\/","og_locale":"ru_RU","og_type":"article","og_title":"Contacto | Calafell Slide","og_description":"Diversi\u00f3n y acci\u00f3n para toda la familia.El tobog\u00e1n de trineos gigante, 700 metros de diversi\u00f3n y acci\u00f3n para toda la familia.","og_url":"https:\/\/calafellslide.com\/ru\/%d0%ba%d0%be%d0%bd%d1%82%d0%b0%d0%ba%d1%82\/","og_site_name":"Calafell Slide","article_publisher":"https:\/\/www.facebook.com\/CalafellSlide\/","article_modified_time":"2023-08-28T15:06:03+00:00","og_image":[{"width":1280,"height":720,"url":"https:\/\/calafellslide.com\/wp-content\/uploads\/2019\/11\/Calafell-Slide.jpg","type":"image\/jpeg"}],"twitter_card":"summary_large_image","twitter_title":"Contacto | Calafell Slide","twitter_description":"Diversi\u00f3n y acci\u00f3n para toda la familia.El tobog\u00e1n de trineos gigante, 700 metros de diversi\u00f3n y acci\u00f3n para toda la familia.","twitter_image":"https:\/\/calafellslide.com\/wp-content\/uploads\/2019\/11\/Calafell-Slide.jpg","twitter_misc":{"\u041f\u0440\u0438\u043c\u0435\u0440\u043d\u043e\u0435 \u0432\u0440\u0435\u043c\u044f \u0434\u043b\u044f \u0447\u0442\u0435\u043d\u0438\u044f":"2 \u043c\u0438\u043d\u0443\u0442\u044b"},"schema":{"@context":"https:\/\/schema.org","@graph":[{"@type":"WebPage","@id":"https:\/\/calafellslide.com\/ru\/%d0%ba%d0%be%d0%bd%d1%82%d0%b0%d0%ba%d1%82\/","url":"https:\/\/calafellslide.com\/ru\/%d0%ba%d0%be%d0%bd%d1%82%d0%b0%d0%ba%d1%82\/","name":"\u043a\u043e\u043d\u0442\u0430\u043a\u0442 | Calafell Slide","isPartOf":{"@id":"https:\/\/calafellslide.com\/ru\/#website"},"primaryImageOfPage":{"@id":"https:\/\/calafellslide.com\/ru\/%d0%ba%d0%be%d0%bd%d1%82%d0%b0%d0%ba%d1%82\/#primaryimage"},"image":{"@id":"https:\/\/calafellslide.com\/ru\/%d0%ba%d0%be%d0%bd%d1%82%d0%b0%d0%ba%d1%82\/#primaryimage"},"thumbnailUrl":"https:\/\/calafellslide.com\/wp-content\/uploads\/2022\/01\/Isy2-scaled.jpg","datePublished":"2019-11-12T18:24:06+00:00","dateModified":"2023-08-28T15:06:03+00:00","description":"Diversi\u00f3n y acci\u00f3n para toda la familia.El tobog\u00e1n de trineos gigante, 700 metros de diversi\u00f3n y acci\u00f3n para toda la familia.","breadcrumb":{"@id":"https:\/\/calafellslide.com\/ru\/%d0%ba%d0%be%d0%bd%d1%82%d0%b0%d0%ba%d1%82\/#breadcrumb"},"inLanguage":"ru-RU","potentialAction":[{"@type":"ReadAction","target":["https:\/\/calafellslide.com\/ru\/%d0%ba%d0%be%d0%bd%d1%82%d0%b0%d0%ba%d1%82\/"]}]},{"@type":"ImageObject","inLanguage":"ru-RU","@id":"https:\/\/calafellslide.com\/ru\/%d0%ba%d0%be%d0%bd%d1%82%d0%b0%d0%ba%d1%82\/#primaryimage","url":"https:\/\/calafellslide.com\/wp-content\/uploads\/2022\/01\/Isy2-scaled.jpg","contentUrl":"https:\/\/calafellslide.com\/wp-content\/uploads\/2022\/01\/Isy2-scaled.jpg","width":2560,"height":1707,"caption":"Isy2"},{"@type":"BreadcrumbList","@id":"https:\/\/calafellslide.com\/ru\/%d0%ba%d0%be%d0%bd%d1%82%d0%b0%d0%ba%d1%82\/#breadcrumb","itemListElement":[{"@type":"ListItem","position":1,"name":"HOME","item":"https:\/\/calafellslide.com\/ru\/"},{"@type":"ListItem","position":2,"name":"\u043a\u043e\u043d\u0442\u0430\u043a\u0442"}]},{"@type":"WebSite","@id":"https:\/\/calafellslide.com\/ru\/#website","url":"https:\/\/calafellslide.com\/ru\/","name":"Calafell Slide","description":"Parque de atracciones en Calafell (Tarragona)","publisher":{"@id":"https:\/\/calafellslide.com\/ru\/#organization"},"potentialAction":[{"@type":"SearchAction","target":{"@type":"EntryPoint","urlTemplate":"https:\/\/calafellslide.com\/ru\/?s={search_term_string}"},"query-input":{"@type":"PropertyValueSpecification","valueRequired":true,"valueName":"search_term_string"}}],"inLanguage":"ru-RU"},{"@type":"Organization","@id":"https:\/\/calafellslide.com\/ru\/#organization","name":"Calafell Slide","url":"https:\/\/calafellslide.com\/ru\/","logo":{"@type":"ImageObject","inLanguage":"ru-RU","@id":"https:\/\/calafellslide.com\/ru\/#\/schema\/logo\/image\/","url":"https:\/\/calafellslide.com\/wp-content\/uploads\/2022\/10\/logo-calafell-slide-200.jpg","contentUrl":"https:\/\/calafellslide.com\/wp-content\/uploads\/2022\/10\/logo-calafell-slide-200.jpg","width":200,"height":200,"caption":"Calafell Slide"},"image":{"@id":"https:\/\/calafellslide.com\/ru\/#\/schema\/logo\/image\/"},"sameAs":["https:\/\/www.facebook.com\/CalafellSlide\/","https:\/\/www.instagram.com\/CalafellSlide\/"]}]}},"_links":{"self":[{"href":"https:\/\/calafellslide.com\/ru\/wp-json\/wp\/v2\/pages\/2269","targetHints":{"allow":["GET"]}}],"collection":[{"href":"https:\/\/calafellslide.com\/ru\/wp-json\/wp\/v2\/pages"}],"about":[{"href":"https:\/\/calafellslide.com\/ru\/wp-json\/wp\/v2\/types\/page"}],"author":[{"embeddable":true,"href":"https:\/\/calafellslide.com\/ru\/wp-json\/wp\/v2\/users\/8"}],"replies":[{"embeddable":true,"href":"https:\/\/calafellslide.com\/ru\/wp-json\/wp\/v2\/comments?post=2269"}],"version-history":[{"count":16,"href":"https:\/\/calafellslide.com\/ru\/wp-json\/wp\/v2\/pages\/2269\/revisions"}],"predecessor-version":[{"id":7370,"href":"https:\/\/calafellslide.com\/ru\/wp-json\/wp\/v2\/pages\/2269\/revisions\/7370"}],"wp:featuredmedia":[{"embeddable":true,"href":"https:\/\/calafellslide.com\/ru\/wp-json\/wp\/v2\/media\/5686"}],"wp:attachment":[{"href":"https:\/\/calafellslide.com\/ru\/wp-json\/wp\/v2\/media?parent=2269"}],"curies":[{"name":"wp","href":"https:\/\/api.w.org\/{rel}","templated":true}]}}