{"id":2279,"date":"2019-11-12T18:41:00","date_gmt":"2019-11-12T18:41:00","guid":{"rendered":"https:\/\/calafellslide.jurogaproyectosdigitales.com\/donde-estamos\/"},"modified":"2022-05-09T16:23:12","modified_gmt":"2022-05-09T16:23:12","slug":"%d0%b3%d0%b4%d0%b5-%d0%bc%d1%8b-%d0%bd%d0%b0%d1%85%d0%be%d0%b4%d0%b8%d0%bc%d1%81%d1%8f","status":"publish","type":"page","link":"https:\/\/calafellslide.com\/ru\/%d0%b3%d0%b4%d0%b5-%d0%bc%d1%8b-%d0%bd%d0%b0%d1%85%d0%be%d0%b4%d0%b8%d0%bc%d1%81%d1%8f\/","title":{"rendered":"\u0413\u0434\u0435 \u043c\u044b \u043d\u0430\u0445\u043e\u0434\u0438\u043c\u0441\u044f"},"content":{"rendered":"<p>[et_pb_section fb_built=&#187;1&#8243; next_background_color=&#187;#ffffff&#187; _builder_version=&#187;4.16&#8243; background_color=&#187;rgba(0,0,0,0.5)&#187; background_image=&#187;https:\/\/calafellslide.com\/wp-content\/uploads\/2019\/11\/gallery2.png&#187; background_blend=&#187;multiply&#187; custom_padding=&#187;75px||100px||false|false&#187; bottom_divider_style=&#187;waves2&#8243; bottom_divider_height=&#187;50px&#187; animation_style=&#187;fade&#187; locked=&#187;off&#187; global_colors_info=&#187;{}&#187;][et_pb_row _builder_version=&#187;4.16&#8243; global_colors_info=&#187;{}&#187;][et_pb_column type=&#187;4_4&#8243; _builder_version=&#187;4.16&#8243; global_colors_info=&#187;{}&#187;][et_pb_post_title meta=&#187;off&#187; featured_image=&#187;off&#187; text_color=&#187;light&#187; _builder_version=&#187;4.16&#8243; title_font=&#187;Fredoka One||||||||&#187; title_text_align=&#187;center&#187; title_font_size=&#187;60px&#187; custom_margin=&#187;||0px||false|false&#187; animation_style=&#187;zoom&#187; animation_direction=&#187;left&#187; animation_intensity_zoom=&#187;5%&#187; global_colors_info=&#187;{}&#187;][\/et_pb_post_title][\/et_pb_column][\/et_pb_row][\/et_pb_section][et_pb_section fb_built=&#187;1&#8243; _builder_version=&#187;4.16&#8243; custom_margin=&#187;||||false|false&#187; custom_padding=&#187;||125px||false|false&#187; bottom_divider_style=&#187;waves2&#8243; bottom_divider_color=&#187;#222222&#8243; bottom_divider_height=&#187;50px&#187; global_colors_info=&#187;{}&#187;][et_pb_row _builder_version=&#187;4.16&#8243; custom_margin=&#187;||||false|false&#187; custom_padding=&#187;0px||0px||false|false&#187; global_colors_info=&#187;{}&#187;][et_pb_column type=&#187;4_4&#8243; _builder_version=&#187;4.16&#8243; global_colors_info=&#187;{}&#187;][et_pb_text _builder_version=&#187;4.16&#8243; header_2_font=&#187;|700|||||||&#187; header_2_font_size=&#187;30px&#187; header_2_line_height=&#187;1.2em&#187; header_5_font_size=&#187;18px&#187; header_5_line_height=&#187;1.5em&#187; global_colors_info=&#187;{}&#187;]<\/p>\n<blockquote>\n<h3><strong>\u041c\u044b \u043d\u0430\u0445\u043e\u0434\u0438\u043c\u0441\u044f \u043f\u0435\u0440\u0435\u0434 \u0441\u0442\u0430\u0440\u044b\u043c \u0433\u043e\u0440\u043e\u0434\u043e\u043c \u041a\u0430\u043b\u0430\u0444\u0435\u043b\u044c, \u0440\u044f\u0434\u043e\u043c \u0441 \u0434\u043e\u0440\u043e\u0433\u043e\u0439 \u0411\u0435\u043b\u043b\u0432\u0435\u0439, \u0432 \u041c\u0430\u0441 \u041a\u0430\u043c\u0438 \u0434&#8217;\u044d\u043d \u0412\u0438\u0432\u0435\u0441.<\/strong><\/h3>\n<\/blockquote>\n<p>\u041d\u0430\u0439\u0434\u0438\u0442\u0435 \u043a\u043e\u043b\u044c\u0446\u0435\u0432\u0443\u044e \u0440\u0430\u0437\u0432\u044f\u0437\u043a\u0443 \u041a\u0440\u0430\u0441\u043d\u043e\u0433\u043e \u041a\u0440\u0435\u0441\u0442\u0430 \u0432 \u041a\u0430\u043b\u0430\u0444\u0435\u043b\u0435, \u043d\u0430\u0434 \u0436\u0435\u043b\u0435\u0437\u043d\u043e\u0434\u043e\u0440\u043e\u0436\u043d\u043e\u0439 \u0441\u0442\u0430\u043d\u0446\u0438\u0435\u0439. \u0422\u0430\u043c \u044d\u0442\u043e \u0443\u043a\u0430\u0437\u0430\u043d\u043e. \u041b\u0443\u0447\u0448\u0435 \u0438\u0441\u043f\u043e\u043b\u044c\u0437\u043e\u0432\u0430\u0442\u044c Google Maps, TomTom, Garmin \u0438\u043b\u0438 AppleMaps. \u041e\u043d\u0438 \u0434\u043e\u0441\u0442\u0430\u0432\u044f\u0442 \u0432\u0430\u0441 \u043f\u0440\u044f\u043c\u043e \u043a \u043d\u0430\u0448\u0435\u0439 \u0434\u0432\u0435\u0440\u0438! \u0412\u043e\u0442 \u043d\u0430\u0448\u0438 \u043a\u043e\u043e\u0440\u0434\u0438\u043d\u0430\u0442\u044b GPS \u043d\u0430 \u0432\u0441\u044f\u043a\u0438\u0439 \u0441\u043b\u0443\u0447\u0430\u0439: 41.198913, 1.577228<\/p>\n<p>[\/et_pb_text][et_pb_text _builder_version=&#187;4.16&#8243; header_2_font=&#187;|700|||||||&#187; header_2_font_size=&#187;30px&#187; header_2_line_height=&#187;1.2em&#187; header_5_font_size=&#187;18px&#187; header_5_line_height=&#187;1.5em&#187; global_colors_info=&#187;{}&#187; locked=&#187;off&#187;]<\/p>\n<blockquote>\n<h3><strong>Estamos en frente del casco antiguo de Calafell, al lado de la carretera Bellvei, en el Cami de Ca La Manela. <\/strong><\/h3>\n<h3><strong>Utiliza Google Maps o AppleMaps. \u00a1Te llevar\u00e1n directamente a nuestra puerta! Aqu\u00ed est\u00e1n nuestras coordenadas GPS por si acaso: 41.198913, 1.577228 <\/strong><\/h3>\n<\/blockquote>\n<p><strong>No hay transporte p\u00fablico.<\/strong><\/p>\n<p><b>Son 25 minutos andando desde la estaci\u00f3n de tren andando.<\/b><\/p>\n<p><strong>El parking es gratuito.<\/strong><\/p>\n<p><span style=\"font-weight: 400;\"><\/span><\/p>\n<p>Encontrar la rotonda de la Cruz Roja en Calafell, arriba de la estaci\u00f3n de tren. All\u00ed est\u00e1 indicado. Mejor usar Google Maps, TomTom, Garmin o AppleMaps. Le llevar\u00e1n directamente a nuestra puerta! Aqu\u00ed est\u00e1n nuestras coordenadas GPS por si acaso: 41.198913, 1.577228<\/p>\n<p>[\/et_pb_text][\/et_pb_column][\/et_pb_row][et_pb_row _builder_version=&#187;4.16&#8243; global_colors_info=&#187;{}&#187;][et_pb_column type=&#187;4_4&#8243; _builder_version=&#187;4.16&#8243; global_colors_info=&#187;{}&#187;][et_pb_code _builder_version=&#187;4.16&#8243; border_radii=&#187;on|5px|5px|5px|5px&#187; global_colors_info=&#187;{}&#187;]<iframe loading=\"lazy\" src=\"https:\/\/www.google.com\/maps\/embed?pb=!1m18!1m12!1m3!1d375.25981608406835!2d1.5747158150928071!3d41.1982614941508!2m3!1f0!2f0!3f0!3m2!1i1024!2i768!4f13.1!3m3!1m2!1s0x12a38b8d8299fe6f%3A0xfa96c435ba8d7279!2sCalafell%20Slide!5e0!3m2!1ses!2ses!4v1574261772236!5m2!1ses!2ses\" width=\"100%\" height=\"450\" frameborder=\"0\" style=\"border:0;\" allowfullscreen=\"\"><\/iframe>[\/et_pb_code][\/et_pb_column][\/et_pb_row][\/et_pb_section]<\/p>\n<span class=\"et_bloom_bottom_trigger\"><\/span>","protected":false},"excerpt":{"rendered":"<p>\u041c\u044b \u043d\u0430\u0445\u043e\u0434\u0438\u043c\u0441\u044f \u043f\u0435\u0440\u0435\u0434 \u0441\u0442\u0430\u0440\u044b\u043c \u0433\u043e\u0440\u043e\u0434\u043e\u043c \u041a\u0430\u043b\u0430\u0444\u0435\u043b\u044c, \u0440\u044f\u0434\u043e\u043c \u0441 \u0434\u043e\u0440\u043e\u0433\u043e\u0439 \u0411\u0435\u043b\u043b\u0432\u0435\u0439, \u0432 \u041c\u0430\u0441 \u041a\u0430\u043c\u0438 \u0434&#8217;\u044d\u043d \u0412\u0438\u0432\u0435\u0441. \u041d\u0430\u0439\u0434\u0438\u0442\u0435 \u043a\u043e\u043b\u044c\u0446\u0435\u0432\u0443\u044e \u0440\u0430\u0437\u0432\u044f\u0437\u043a\u0443 \u041a\u0440\u0430\u0441\u043d\u043e\u0433\u043e \u041a\u0440\u0435\u0441\u0442\u0430 \u0432 \u041a\u0430\u043b\u0430\u0444\u0435\u043b\u0435, \u043d\u0430\u0434 \u0436\u0435\u043b\u0435\u0437\u043d\u043e\u0434\u043e\u0440\u043e\u0436\u043d\u043e\u0439 \u0441\u0442\u0430\u043d\u0446\u0438\u0435\u0439. \u0422\u0430\u043c \u044d\u0442\u043e \u0443\u043a\u0430\u0437\u0430\u043d\u043e. \u041b\u0443\u0447\u0448\u0435 \u0438\u0441\u043f\u043e\u043b\u044c\u0437\u043e\u0432\u0430\u0442\u044c Google Maps, TomTom, Garmin \u0438\u043b\u0438 AppleMaps. \u041e\u043d\u0438 \u0434\u043e\u0441\u0442\u0430\u0432\u044f\u0442 \u0432\u0430\u0441 \u043f\u0440\u044f\u043c\u043e \u043a \u043d\u0430\u0448\u0435\u0439 \u0434\u0432\u0435\u0440\u0438! \u0412\u043e\u0442 \u043d\u0430\u0448\u0438 \u043a\u043e\u043e\u0440\u0434\u0438\u043d\u0430\u0442\u044b GPS \u043d\u0430 \u0432\u0441\u044f\u043a\u0438\u0439 \u0441\u043b\u0443\u0447\u0430\u0439: 41.198913, 1.577228 Estamos en frente [&hellip;]<\/p>\n","protected":false},"author":8,"featured_media":7684,"parent":0,"menu_order":8,"comment_status":"closed","ping_status":"closed","template":"","meta":{"_et_pb_use_builder":"on","_et_pb_old_content":"<!-- wp:divi\/placeholder \/-->","_et_gb_content_width":"","footnotes":""},"class_list":["post-2279","page","type-page","status-publish","has-post-thumbnail","hentry"],"yoast_head":"<!-- This site is optimized with the Yoast SEO plugin v27.3 - https:\/\/yoast.com\/product\/yoast-seo-wordpress\/ -->\n<title>\u0413\u0434\u0435 \u043c\u044b \u043d\u0430\u0445\u043e\u0434\u0438\u043c\u0441\u044f | Calafell Slide<\/title>\n<meta name=\"description\" content=\"Estamos en frente del casco antiguo de Calafell, al lado de la carretera Bellvei, en el Mas Cami d\u2019en Vives. Encontrar la rotonda de la Cruz Roja en Calafell, arriba de la estaci\u00f3n de tren.\" \/>\n<meta name=\"robots\" content=\"index, follow, max-snippet:-1, max-image-preview:large, max-video-preview:-1\" \/>\n<link rel=\"canonical\" href=\"https:\/\/calafellslide.com\/ru\/%d0%b3%d0%b4%d0%b5-%d0%bc%d1%8b-%d0%bd%d0%b0%d1%85%d0%be%d0%b4%d0%b8%d0%bc%d1%81%d1%8f\/\" \/>\n<meta property=\"og:locale\" content=\"ru_RU\" \/>\n<meta property=\"og:type\" content=\"article\" \/>\n<meta property=\"og:title\" content=\"D\u00f3nde Estamos | Calafell Slide\" \/>\n<meta property=\"og:description\" content=\"Estamos en frente del casco antiguo de Calafell, al lado de la carretera Bellvei, en el Mas Cami d\u2019en Vives. Encontrar la rotonda de la Cruz Roja en Calafell, arriba de la estaci\u00f3n de tren.\" \/>\n<meta property=\"og:url\" content=\"https:\/\/calafellslide.com\/ru\/%d0%b3%d0%b4%d0%b5-%d0%bc%d1%8b-%d0%bd%d0%b0%d1%85%d0%be%d0%b4%d0%b8%d0%bc%d1%81%d1%8f\/\" \/>\n<meta property=\"og:site_name\" content=\"Calafell Slide\" \/>\n<meta property=\"article:publisher\" content=\"https:\/\/www.facebook.com\/CalafellSlide\/\" \/>\n<meta property=\"article:modified_time\" content=\"2022-05-09T16:23:12+00:00\" \/>\n<meta property=\"og:image\" content=\"https:\/\/calafellslide.com\/wp-content\/uploads\/2019\/11\/Calafell-Calafell-Slide-1280x720-op-1280x720.jpg\" \/>\n\t<meta property=\"og:image:width\" content=\"1280\" \/>\n\t<meta property=\"og:image:height\" content=\"720\" \/>\n\t<meta property=\"og:image:type\" content=\"image\/jpeg\" \/>\n<meta name=\"twitter:card\" content=\"summary_large_image\" \/>\n<meta name=\"twitter:title\" content=\"D\u00f3nde Estamos | Calafell Slide\" \/>\n<meta name=\"twitter:description\" content=\"Estamos en frente del casco antiguo de Calafell, al lado de la carretera Bellvei, en el Mas Cami d\u2019en Vives. Encontrar la rotonda de la Cruz Roja en Calafell, arriba de la estaci\u00f3n de tren.\" \/>\n<meta name=\"twitter:image\" content=\"https:\/\/calafellslide.com\/wp-content\/uploads\/2019\/11\/Calafell-Calafell-Slide-1280x720-op-1280x720.jpg\" \/>\n<meta name=\"twitter:label1\" content=\"\u041f\u0440\u0438\u043c\u0435\u0440\u043d\u043e\u0435 \u0432\u0440\u0435\u043c\u044f \u0434\u043b\u044f \u0447\u0442\u0435\u043d\u0438\u044f\" \/>\n\t<meta name=\"twitter:data1\" content=\"2 \u043c\u0438\u043d\u0443\u0442\u044b\" \/>\n<script type=\"application\/ld+json\" class=\"yoast-schema-graph\">{\"@context\":\"https:\\\/\\\/schema.org\",\"@graph\":[{\"@type\":\"WebPage\",\"@id\":\"https:\\\/\\\/calafellslide.com\\\/ru\\\/%d0%b3%d0%b4%d0%b5-%d0%bc%d1%8b-%d0%bd%d0%b0%d1%85%d0%be%d0%b4%d0%b8%d0%bc%d1%81%d1%8f\\\/\",\"url\":\"https:\\\/\\\/calafellslide.com\\\/ru\\\/%d0%b3%d0%b4%d0%b5-%d0%bc%d1%8b-%d0%bd%d0%b0%d1%85%d0%be%d0%b4%d0%b8%d0%bc%d1%81%d1%8f\\\/\",\"name\":\"\u0413\u0434\u0435 \u043c\u044b \u043d\u0430\u0445\u043e\u0434\u0438\u043c\u0441\u044f | Calafell Slide\",\"isPartOf\":{\"@id\":\"https:\\\/\\\/calafellslide.com\\\/ru\\\/#website\"},\"primaryImageOfPage\":{\"@id\":\"https:\\\/\\\/calafellslide.com\\\/ru\\\/%d0%b3%d0%b4%d0%b5-%d0%bc%d1%8b-%d0%bd%d0%b0%d1%85%d0%be%d0%b4%d0%b8%d0%bc%d1%81%d1%8f\\\/#primaryimage\"},\"image\":{\"@id\":\"https:\\\/\\\/calafellslide.com\\\/ru\\\/%d0%b3%d0%b4%d0%b5-%d0%bc%d1%8b-%d0%bd%d0%b0%d1%85%d0%be%d0%b4%d0%b8%d0%bc%d1%81%d1%8f\\\/#primaryimage\"},\"thumbnailUrl\":\"https:\\\/\\\/calafellslide.com\\\/wp-content\\\/uploads\\\/2024\\\/07\\\/CALAFELL-SLIDE-22_resize-scaled-e1720201988989.jpg\",\"datePublished\":\"2019-11-12T18:41:00+00:00\",\"dateModified\":\"2022-05-09T16:23:12+00:00\",\"description\":\"Estamos en frente del casco antiguo de Calafell, al lado de la carretera Bellvei, en el Mas Cami d\u2019en Vives. Encontrar la rotonda de la Cruz Roja en Calafell, arriba de la estaci\u00f3n de tren.\",\"breadcrumb\":{\"@id\":\"https:\\\/\\\/calafellslide.com\\\/ru\\\/%d0%b3%d0%b4%d0%b5-%d0%bc%d1%8b-%d0%bd%d0%b0%d1%85%d0%be%d0%b4%d0%b8%d0%bc%d1%81%d1%8f\\\/#breadcrumb\"},\"inLanguage\":\"ru-RU\",\"potentialAction\":[{\"@type\":\"ReadAction\",\"target\":[\"https:\\\/\\\/calafellslide.com\\\/ru\\\/%d0%b3%d0%b4%d0%b5-%d0%bc%d1%8b-%d0%bd%d0%b0%d1%85%d0%be%d0%b4%d0%b8%d0%bc%d1%81%d1%8f\\\/\"]}]},{\"@type\":\"ImageObject\",\"inLanguage\":\"ru-RU\",\"@id\":\"https:\\\/\\\/calafellslide.com\\\/ru\\\/%d0%b3%d0%b4%d0%b5-%d0%bc%d1%8b-%d0%bd%d0%b0%d1%85%d0%be%d0%b4%d0%b8%d0%bc%d1%81%d1%8f\\\/#primaryimage\",\"url\":\"https:\\\/\\\/calafellslide.com\\\/wp-content\\\/uploads\\\/2024\\\/07\\\/CALAFELL-SLIDE-22_resize-scaled-e1720201988989.jpg\",\"contentUrl\":\"https:\\\/\\\/calafellslide.com\\\/wp-content\\\/uploads\\\/2024\\\/07\\\/CALAFELL-SLIDE-22_resize-scaled-e1720201988989.jpg\",\"width\":2560,\"height\":1707,\"caption\":\"Photo Calafell Slide\"},{\"@type\":\"BreadcrumbList\",\"@id\":\"https:\\\/\\\/calafellslide.com\\\/ru\\\/%d0%b3%d0%b4%d0%b5-%d0%bc%d1%8b-%d0%bd%d0%b0%d1%85%d0%be%d0%b4%d0%b8%d0%bc%d1%81%d1%8f\\\/#breadcrumb\",\"itemListElement\":[{\"@type\":\"ListItem\",\"position\":1,\"name\":\"HOME\",\"item\":\"https:\\\/\\\/calafellslide.com\\\/ru\\\/\"},{\"@type\":\"ListItem\",\"position\":2,\"name\":\"\u0413\u0434\u0435 \u043c\u044b \u043d\u0430\u0445\u043e\u0434\u0438\u043c\u0441\u044f\"}]},{\"@type\":\"WebSite\",\"@id\":\"https:\\\/\\\/calafellslide.com\\\/ru\\\/#website\",\"url\":\"https:\\\/\\\/calafellslide.com\\\/ru\\\/\",\"name\":\"Calafell Slide\",\"description\":\"Parque de atracciones en Calafell (Tarragona)\",\"publisher\":{\"@id\":\"https:\\\/\\\/calafellslide.com\\\/ru\\\/#organization\"},\"potentialAction\":[{\"@type\":\"SearchAction\",\"target\":{\"@type\":\"EntryPoint\",\"urlTemplate\":\"https:\\\/\\\/calafellslide.com\\\/ru\\\/?s={search_term_string}\"},\"query-input\":{\"@type\":\"PropertyValueSpecification\",\"valueRequired\":true,\"valueName\":\"search_term_string\"}}],\"inLanguage\":\"ru-RU\"},{\"@type\":\"Organization\",\"@id\":\"https:\\\/\\\/calafellslide.com\\\/ru\\\/#organization\",\"name\":\"Calafell Slide\",\"url\":\"https:\\\/\\\/calafellslide.com\\\/ru\\\/\",\"logo\":{\"@type\":\"ImageObject\",\"inLanguage\":\"ru-RU\",\"@id\":\"https:\\\/\\\/calafellslide.com\\\/ru\\\/#\\\/schema\\\/logo\\\/image\\\/\",\"url\":\"https:\\\/\\\/calafellslide.com\\\/wp-content\\\/uploads\\\/2022\\\/10\\\/logo-calafell-slide-200.jpg\",\"contentUrl\":\"https:\\\/\\\/calafellslide.com\\\/wp-content\\\/uploads\\\/2022\\\/10\\\/logo-calafell-slide-200.jpg\",\"width\":200,\"height\":200,\"caption\":\"Calafell Slide\"},\"image\":{\"@id\":\"https:\\\/\\\/calafellslide.com\\\/ru\\\/#\\\/schema\\\/logo\\\/image\\\/\"},\"sameAs\":[\"https:\\\/\\\/www.facebook.com\\\/CalafellSlide\\\/\",\"https:\\\/\\\/www.instagram.com\\\/CalafellSlide\\\/\"]}]}<\/script>\n<!-- \/ Yoast SEO plugin. -->","yoast_head_json":{"title":"\u0413\u0434\u0435 \u043c\u044b \u043d\u0430\u0445\u043e\u0434\u0438\u043c\u0441\u044f | Calafell Slide","description":"Estamos en frente del casco antiguo de Calafell, al lado de la carretera Bellvei, en el Mas Cami d\u2019en Vives. Encontrar la rotonda de la Cruz Roja en Calafell, arriba de la estaci\u00f3n de tren.","robots":{"index":"index","follow":"follow","max-snippet":"max-snippet:-1","max-image-preview":"max-image-preview:large","max-video-preview":"max-video-preview:-1"},"canonical":"https:\/\/calafellslide.com\/ru\/%d0%b3%d0%b4%d0%b5-%d0%bc%d1%8b-%d0%bd%d0%b0%d1%85%d0%be%d0%b4%d0%b8%d0%bc%d1%81%d1%8f\/","og_locale":"ru_RU","og_type":"article","og_title":"D\u00f3nde Estamos | Calafell Slide","og_description":"Estamos en frente del casco antiguo de Calafell, al lado de la carretera Bellvei, en el Mas Cami d\u2019en Vives. Encontrar la rotonda de la Cruz Roja en Calafell, arriba de la estaci\u00f3n de tren.","og_url":"https:\/\/calafellslide.com\/ru\/%d0%b3%d0%b4%d0%b5-%d0%bc%d1%8b-%d0%bd%d0%b0%d1%85%d0%be%d0%b4%d0%b8%d0%bc%d1%81%d1%8f\/","og_site_name":"Calafell Slide","article_publisher":"https:\/\/www.facebook.com\/CalafellSlide\/","article_modified_time":"2022-05-09T16:23:12+00:00","og_image":[{"width":1280,"height":720,"url":"https:\/\/calafellslide.com\/wp-content\/uploads\/2019\/11\/Calafell-Calafell-Slide-1280x720-op-1280x720.jpg","type":"image\/jpeg"}],"twitter_card":"summary_large_image","twitter_title":"D\u00f3nde Estamos | Calafell Slide","twitter_description":"Estamos en frente del casco antiguo de Calafell, al lado de la carretera Bellvei, en el Mas Cami d\u2019en Vives. Encontrar la rotonda de la Cruz Roja en Calafell, arriba de la estaci\u00f3n de tren.","twitter_image":"https:\/\/calafellslide.com\/wp-content\/uploads\/2019\/11\/Calafell-Calafell-Slide-1280x720-op-1280x720.jpg","twitter_misc":{"\u041f\u0440\u0438\u043c\u0435\u0440\u043d\u043e\u0435 \u0432\u0440\u0435\u043c\u044f \u0434\u043b\u044f \u0447\u0442\u0435\u043d\u0438\u044f":"2 \u043c\u0438\u043d\u0443\u0442\u044b"},"schema":{"@context":"https:\/\/schema.org","@graph":[{"@type":"WebPage","@id":"https:\/\/calafellslide.com\/ru\/%d0%b3%d0%b4%d0%b5-%d0%bc%d1%8b-%d0%bd%d0%b0%d1%85%d0%be%d0%b4%d0%b8%d0%bc%d1%81%d1%8f\/","url":"https:\/\/calafellslide.com\/ru\/%d0%b3%d0%b4%d0%b5-%d0%bc%d1%8b-%d0%bd%d0%b0%d1%85%d0%be%d0%b4%d0%b8%d0%bc%d1%81%d1%8f\/","name":"\u0413\u0434\u0435 \u043c\u044b \u043d\u0430\u0445\u043e\u0434\u0438\u043c\u0441\u044f | Calafell Slide","isPartOf":{"@id":"https:\/\/calafellslide.com\/ru\/#website"},"primaryImageOfPage":{"@id":"https:\/\/calafellslide.com\/ru\/%d0%b3%d0%b4%d0%b5-%d0%bc%d1%8b-%d0%bd%d0%b0%d1%85%d0%be%d0%b4%d0%b8%d0%bc%d1%81%d1%8f\/#primaryimage"},"image":{"@id":"https:\/\/calafellslide.com\/ru\/%d0%b3%d0%b4%d0%b5-%d0%bc%d1%8b-%d0%bd%d0%b0%d1%85%d0%be%d0%b4%d0%b8%d0%bc%d1%81%d1%8f\/#primaryimage"},"thumbnailUrl":"https:\/\/calafellslide.com\/wp-content\/uploads\/2024\/07\/CALAFELL-SLIDE-22_resize-scaled-e1720201988989.jpg","datePublished":"2019-11-12T18:41:00+00:00","dateModified":"2022-05-09T16:23:12+00:00","description":"Estamos en frente del casco antiguo de Calafell, al lado de la carretera Bellvei, en el Mas Cami d\u2019en Vives. Encontrar la rotonda de la Cruz Roja en Calafell, arriba de la estaci\u00f3n de tren.","breadcrumb":{"@id":"https:\/\/calafellslide.com\/ru\/%d0%b3%d0%b4%d0%b5-%d0%bc%d1%8b-%d0%bd%d0%b0%d1%85%d0%be%d0%b4%d0%b8%d0%bc%d1%81%d1%8f\/#breadcrumb"},"inLanguage":"ru-RU","potentialAction":[{"@type":"ReadAction","target":["https:\/\/calafellslide.com\/ru\/%d0%b3%d0%b4%d0%b5-%d0%bc%d1%8b-%d0%bd%d0%b0%d1%85%d0%be%d0%b4%d0%b8%d0%bc%d1%81%d1%8f\/"]}]},{"@type":"ImageObject","inLanguage":"ru-RU","@id":"https:\/\/calafellslide.com\/ru\/%d0%b3%d0%b4%d0%b5-%d0%bc%d1%8b-%d0%bd%d0%b0%d1%85%d0%be%d0%b4%d0%b8%d0%bc%d1%81%d1%8f\/#primaryimage","url":"https:\/\/calafellslide.com\/wp-content\/uploads\/2024\/07\/CALAFELL-SLIDE-22_resize-scaled-e1720201988989.jpg","contentUrl":"https:\/\/calafellslide.com\/wp-content\/uploads\/2024\/07\/CALAFELL-SLIDE-22_resize-scaled-e1720201988989.jpg","width":2560,"height":1707,"caption":"Photo Calafell Slide"},{"@type":"BreadcrumbList","@id":"https:\/\/calafellslide.com\/ru\/%d0%b3%d0%b4%d0%b5-%d0%bc%d1%8b-%d0%bd%d0%b0%d1%85%d0%be%d0%b4%d0%b8%d0%bc%d1%81%d1%8f\/#breadcrumb","itemListElement":[{"@type":"ListItem","position":1,"name":"HOME","item":"https:\/\/calafellslide.com\/ru\/"},{"@type":"ListItem","position":2,"name":"\u0413\u0434\u0435 \u043c\u044b \u043d\u0430\u0445\u043e\u0434\u0438\u043c\u0441\u044f"}]},{"@type":"WebSite","@id":"https:\/\/calafellslide.com\/ru\/#website","url":"https:\/\/calafellslide.com\/ru\/","name":"Calafell Slide","description":"Parque de atracciones en Calafell (Tarragona)","publisher":{"@id":"https:\/\/calafellslide.com\/ru\/#organization"},"potentialAction":[{"@type":"SearchAction","target":{"@type":"EntryPoint","urlTemplate":"https:\/\/calafellslide.com\/ru\/?s={search_term_string}"},"query-input":{"@type":"PropertyValueSpecification","valueRequired":true,"valueName":"search_term_string"}}],"inLanguage":"ru-RU"},{"@type":"Organization","@id":"https:\/\/calafellslide.com\/ru\/#organization","name":"Calafell Slide","url":"https:\/\/calafellslide.com\/ru\/","logo":{"@type":"ImageObject","inLanguage":"ru-RU","@id":"https:\/\/calafellslide.com\/ru\/#\/schema\/logo\/image\/","url":"https:\/\/calafellslide.com\/wp-content\/uploads\/2022\/10\/logo-calafell-slide-200.jpg","contentUrl":"https:\/\/calafellslide.com\/wp-content\/uploads\/2022\/10\/logo-calafell-slide-200.jpg","width":200,"height":200,"caption":"Calafell Slide"},"image":{"@id":"https:\/\/calafellslide.com\/ru\/#\/schema\/logo\/image\/"},"sameAs":["https:\/\/www.facebook.com\/CalafellSlide\/","https:\/\/www.instagram.com\/CalafellSlide\/"]}]}},"_links":{"self":[{"href":"https:\/\/calafellslide.com\/ru\/wp-json\/wp\/v2\/pages\/2279","targetHints":{"allow":["GET"]}}],"collection":[{"href":"https:\/\/calafellslide.com\/ru\/wp-json\/wp\/v2\/pages"}],"about":[{"href":"https:\/\/calafellslide.com\/ru\/wp-json\/wp\/v2\/types\/page"}],"author":[{"embeddable":true,"href":"https:\/\/calafellslide.com\/ru\/wp-json\/wp\/v2\/users\/8"}],"replies":[{"embeddable":true,"href":"https:\/\/calafellslide.com\/ru\/wp-json\/wp\/v2\/comments?post=2279"}],"version-history":[{"count":4,"href":"https:\/\/calafellslide.com\/ru\/wp-json\/wp\/v2\/pages\/2279\/revisions"}],"predecessor-version":[{"id":6000,"href":"https:\/\/calafellslide.com\/ru\/wp-json\/wp\/v2\/pages\/2279\/revisions\/6000"}],"wp:featuredmedia":[{"embeddable":true,"href":"https:\/\/calafellslide.com\/ru\/wp-json\/wp\/v2\/media\/7684"}],"wp:attachment":[{"href":"https:\/\/calafellslide.com\/ru\/wp-json\/wp\/v2\/media?parent=2279"}],"curies":[{"name":"wp","href":"https:\/\/api.w.org\/{rel}","templated":true}]}}